{"id":35633,"date":"2026-03-19T14:22:25","date_gmt":"2026-03-19T13:22:25","guid":{"rendered":"https:\/\/adequat.eu\/de\/?post_type=product&#038;p=35633"},"modified":"2026-04-02T09:48:31","modified_gmt":"2026-04-02T07:48:31","slug":"t-pfost-kastanie-system-1-rund","status":"publish","type":"product","link":"https:\/\/adequat.eu\/de\/produkt\/kastanienzaun-naturzaun\/post-and-rail-fencing-fence-weidezaun-holz\/t-pfost-kastanie-system-1-rund\/","title":{"rendered":"T-Pfosten Kastanie System 1 &#8211; Rund"},"content":{"rendered":"<h2>T-Pfosten f\u00fcr Post &amp; Rail Zaun<\/h2>\n<h5>Runder Pfosten f\u00fcr Unterteilungen im Zaun, Edelkastanie<br \/>\nSystem 1 (eine Querlatte)<\/h5>\n<p>Dieser T-Pfosten in <strong>runder Form<\/strong> besteht aus <strong>Kastanienholz (Edelkastanie)<\/strong> und ist ca. 120\u202fcm lang. Beim Einsetzen des Pfostens werden etwa 40-50\u202fcm im Boden versenkt, sodass eine effektive <strong>Zaunh\u00f6he von 70-80 cm<\/strong> bleibt.<\/p>\n<p>Der Kastanienpfosten ist Teil unseres Post-&amp;-Rail-Zaunsystems.<\/p>\n<p>Dieser runde T-Pfosten ist f\u00fcr das <strong>System 1<\/strong> ausgelegt, also mit L\u00f6chern f\u00fcr eine Querlatte versehen. Diese H\u00f6he mit einer Querlatte wird h\u00e4ufig zur Einfassung von Beeten, zur Abgrenzung autofreier Bereiche oder als Fahrradabstellplatz verwendet wird.<\/p>\n<p>Mit einem T-Pfosten k\u00f6nnen Sie in auf einer gerade Strecke Ihres Post-&amp;-Rail-Zauns eine <strong>Abzweigung oder Abteilung<\/strong> schaffen, z.B. wenn Sie zus\u00e4tzliche Zaunfelder einf\u00fcgen m\u00f6chten.<\/p>\n<p>Holzart: Kastanienholz (Edelkastanie) ist eine <strong>robuste, witterungsfeste Holzart<\/strong> und erfordert keinerlei Pflege. Diese Holzart geh\u00f6rt zur <a href=\"https:\/\/adequat.eu\/de\/aktuell\/dauerhaftigkeitsklasse-holzarten\/\"><strong>Dauerhaftigkeitsklasse 2<\/strong><\/a>. Durch die im Holz vorhandene Gerbs\u00e4ure ist das Holz vor Witterungseinfl\u00fcssen und Sch\u00e4dlingsbefall gesch\u00fctzt.<\/p>\n<p>Auf Wunsch sind diese Pfosten auch aus Robinienholz erh\u00e4ltlich.<\/p>\n<h3>Wie viele T-Pfosten ben\u00f6tige ich?<\/h3>\n<p>Wenn Sie wissen m\u00f6chten, wie viele Pfosten und Latten Sie f\u00fcr Ihren Zaun ben\u00f6tigen, nutzen Sie unseren praktischen <a href=\"https:\/\/adequat.eu\/de\/zaunkonfigurator-zaun-berechnen\/post-rail-zaun\/\"><strong>Post &amp; Rail Zaun-Konfigurator.<\/strong><\/a> Dieser berechnet schnell f\u00fcr Sie, welche Materialien Sie f\u00fcr Ihren Zaun ben\u00f6tigen.<\/p>\n<p>Selbstverst\u00e4ndlich k\u00f6nnen Sie auch ein individuelles <strong><a href=\"https:\/\/adequat.eu\/de\/angebot\/formular\/\">Angebot<\/a><\/strong> bei uns anfordern. Wir beraten Sie gern.<\/p>\n","protected":false},"excerpt":{"rendered":"<p>T-Pfosten f\u00fcr Post &amp; Rail Zaun Runder Pfosten f\u00fcr Unterteilungen im Zaun, Edelkastanie System 1 (eine Querlatte) Dieser T-Pfosten in runder Form besteht aus Kastanienholz&#8230;<\/p>\n","protected":false},"featured_media":42931,"comment_status":"closed","ping_status":"closed","template":"","meta":{"_acf_changed":false,"inline_featured_image":false,"_trash_the_other_posts":false,"ep_exclude_from_search":false,"iawp_total_views":10,"editor_notices":[]},"product_brand":[],"product_cat":[247,246,730],"product_tag":[],"class_list":{"0":"post-35633","1":"product","2":"type-product","3":"status-publish","4":"has-post-thumbnail","6":"product_cat-post-and-rail-fencing-fence-weidezaun-holz","7":"product_cat-kastanienzaun-naturzaun","8":"product_cat-kastanie-post-rail","10":"first","11":"instock","12":"shipping-taxable","13":"purchasable","14":"product-type-simple"},"composite_virtual":false,"composite_layout":"","composite_add_to_cart_form_location":"","composite_editable_in_cart":false,"composite_sold_individually_context":"","composite_shop_price_calc":"","composite_components":[],"composite_scenarios":[],"acf":[],"_links":{"self":[{"href":"https:\/\/adequat.eu\/de\/wp-json\/wp\/v2\/product\/35633","targetHints":{"allow":["GET"]}}],"collection":[{"href":"https:\/\/adequat.eu\/de\/wp-json\/wp\/v2\/product"}],"about":[{"href":"https:\/\/adequat.eu\/de\/wp-json\/wp\/v2\/types\/product"}],"replies":[{"embeddable":true,"href":"https:\/\/adequat.eu\/de\/wp-json\/wp\/v2\/comments?post=35633"}],"wp:featuredmedia":[{"embeddable":true,"href":"https:\/\/adequat.eu\/de\/wp-json\/wp\/v2\/media\/42931"}],"wp:attachment":[{"href":"https:\/\/adequat.eu\/de\/wp-json\/wp\/v2\/media?parent=35633"}],"wp:term":[{"taxonomy":"product_brand","embeddable":true,"href":"https:\/\/adequat.eu\/de\/wp-json\/wp\/v2\/product_brand?post=35633"},{"taxonomy":"product_cat","embeddable":true,"href":"https:\/\/adequat.eu\/de\/wp-json\/wp\/v2\/product_cat?post=35633"},{"taxonomy":"product_tag","embeddable":true,"href":"https:\/\/adequat.eu\/de\/wp-json\/wp\/v2\/product_tag?post=35633"}],"curies":[{"name":"wp","href":"https:\/\/api.w.org\/{rel}","templated":true}]}}