{"id":35634,"date":"2026-03-19T22:54:30","date_gmt":"2026-03-19T21:54:30","guid":{"rendered":"https:\/\/adequat.eu\/de\/?post_type=product&#038;p=35634"},"modified":"2026-04-02T09:45:52","modified_gmt":"2026-04-02T07:45:52","slug":"t-pfosten-kastanie-system-2-eckig","status":"publish","type":"product","link":"https:\/\/adequat.eu\/de\/produkt\/kastanienzaun-naturzaun\/post-and-rail-fencing-fence-weidezaun-holz\/t-pfosten-kastanie-system-2-eckig\/","title":{"rendered":"T-Pfosten Kastanie System 2 &#8211; Kantig"},"content":{"rendered":"<h2>T-Pfosten aus Kastanie &#8211; kantig &#8211; f\u00fcr 2 Querlatten<\/h2>\n<p>Dieser T-Pfosten in <strong>rustikal-kantiger Form<\/strong> besteht aus <strong>Kastanienholz (Edelkastanie)<\/strong> und ist ca. 200\u202fcm lang. Beim Einsetzen des Pfostens werden etwa 80\u202fcm im Boden versenkt, sodass eine effektive <strong>Zaunh\u00f6he von 120\u202fcm<\/strong> bleibt.<\/p>\n<p>Der Kastanienpfosten ist Teil unseres Post-&amp;-Rail-Zaunsystems, das h\u00e4ufig zur Einz\u00e4unung von Weiden und Koppeln verwendet wird. Dieser kantige T-Pfosten ist f\u00fcr das <strong>System 2<\/strong> ausgelegt, also mit L\u00f6chern f\u00fcr 2 Querlatten versehen.<\/p>\n<p>Mit einem T-Pfosten k\u00f6nnen Sie in auf einer gerade Strecke Ihres Post-&amp;-Rail-Zauns eine <strong>Abzweigung oder Abteilung<\/strong> schaffen, z.B. wenn Sie zus\u00e4tzliche Zaunfelder einf\u00fcgen m\u00f6chten.<\/p>\n<p>Holzart: Kastanienholz (Edelkastanie) ist eine <strong>robuste, witterungsfeste Holzart<\/strong> und erfordert keinerlei Pflege. Diese Holzart geh\u00f6rt zur <a href=\"https:\/\/adequat.eu\/de\/aktuell\/dauerhaftigkeitsklasse-holzarten\/\"><strong>Dauerhaftigkeitsklasse 2<\/strong><\/a>. Durch die im Holz vorhandene Gerbs\u00e4ure ist das Holz vor Witterungseinfl\u00fcssen und Sch\u00e4dlingsbefall gesch\u00fctzt.<\/p>\n<h3>Wie viele T-Pfosten ben\u00f6tige ich?<\/h3>\n<p>Wenn Sie wissen m\u00f6chten, wie viele Pfosten und Latten Sie f\u00fcr Ihren Zaun ben\u00f6tigen, nutzen Sie unseren praktischen <a href=\"https:\/\/adequat.eu\/de\/zaunkonfigurator-zaun-berechnen\/post-rail-zaun\/\"><strong>Post &amp; Rail Zaun-Konfigurator.<\/strong><\/a> Dieser berechnet schnell f\u00fcr Sie, welche Materialien Sie f\u00fcr Ihren Zaun ben\u00f6tigen.<\/p>\n<p>Selbstverst\u00e4ndlich k\u00f6nnen Sie auch ein individuelles <strong><a href=\"https:\/\/adequat.eu\/de\/angebot\/formular\/\">Angebot<\/a><\/strong> bei uns anfordern. Wir beraten Sie gern.<\/p>\n","protected":false},"excerpt":{"rendered":"<p>T-Pfosten aus Kastanie &#8211; kantig &#8211; f\u00fcr 2 Querlatten Dieser T-Pfosten in rustikal-kantiger Form besteht aus Kastanienholz (Edelkastanie) und ist ca. 200\u202fcm lang. Beim Einsetzen&#8230;<\/p>\n","protected":false},"featured_media":42951,"comment_status":"closed","ping_status":"closed","template":"","meta":{"_acf_changed":false,"inline_featured_image":false,"_trash_the_other_posts":false,"ep_exclude_from_search":false,"iawp_total_views":4,"editor_notices":[]},"product_brand":[],"product_cat":[247,522,246,523,730],"product_tag":[],"class_list":{"0":"post-35634","1":"product","2":"type-product","3":"status-publish","4":"has-post-thumbnail","6":"product_cat-post-and-rail-fencing-fence-weidezaun-holz","7":"product_cat-alpakazaun","8":"product_cat-kastanienzaun-naturzaun","9":"product_cat-pferdezaun","10":"product_cat-kastanie-post-rail","12":"first","13":"instock","14":"shipping-taxable","15":"purchasable","16":"product-type-simple"},"composite_virtual":false,"composite_layout":"","composite_add_to_cart_form_location":"","composite_editable_in_cart":false,"composite_sold_individually_context":"","composite_shop_price_calc":"","composite_components":[],"composite_scenarios":[],"acf":[],"_links":{"self":[{"href":"https:\/\/adequat.eu\/de\/wp-json\/wp\/v2\/product\/35634","targetHints":{"allow":["GET"]}}],"collection":[{"href":"https:\/\/adequat.eu\/de\/wp-json\/wp\/v2\/product"}],"about":[{"href":"https:\/\/adequat.eu\/de\/wp-json\/wp\/v2\/types\/product"}],"replies":[{"embeddable":true,"href":"https:\/\/adequat.eu\/de\/wp-json\/wp\/v2\/comments?post=35634"}],"wp:featuredmedia":[{"embeddable":true,"href":"https:\/\/adequat.eu\/de\/wp-json\/wp\/v2\/media\/42951"}],"wp:attachment":[{"href":"https:\/\/adequat.eu\/de\/wp-json\/wp\/v2\/media?parent=35634"}],"wp:term":[{"taxonomy":"product_brand","embeddable":true,"href":"https:\/\/adequat.eu\/de\/wp-json\/wp\/v2\/product_brand?post=35634"},{"taxonomy":"product_cat","embeddable":true,"href":"https:\/\/adequat.eu\/de\/wp-json\/wp\/v2\/product_cat?post=35634"},{"taxonomy":"product_tag","embeddable":true,"href":"https:\/\/adequat.eu\/de\/wp-json\/wp\/v2\/product_tag?post=35634"}],"curies":[{"name":"wp","href":"https:\/\/api.w.org\/{rel}","templated":true}]}}