{"id":36224,"date":"2025-05-08T09:32:49","date_gmt":"2025-05-08T07:32:49","guid":{"rendered":"https:\/\/adequat.eu\/de\/?post_type=product&#038;p=36224"},"modified":"2026-02-27T13:34:00","modified_gmt":"2026-02-27T12:34:00","slug":"wegeleuchte-holz-billy-robinie-rund","status":"publish","type":"product","link":"https:\/\/adequat.eu\/de\/produkt\/aussenleuchte-holz\/wegeleuchte-holz-billy-robinie-rund\/","title":{"rendered":"Wegeleuchte Holz Billy Robinie rund"},"content":{"rendered":"<h2>Wegeleuchte: Gartenleuchte aus Holz &#8218;Billy&#8216; Robinie rund<\/h2>\n<p>Die runde Gartenleuchte &#8218;Billy&#8216; aus Robinienholz sorgt f\u00fcr eine stimmungsvolle, nat\u00fcrliche Beleuchtung in G\u00e4rten und entlang von Wegen. Wenn Sie nach einer sch\u00f6nen Lampe suchen, die sowohl im Dunkeln als auch am Tag eine Freude f\u00fcr das Auge ist, dann ist unsere runde Gartenleuchte &#8218;Billy&#8216; aus widerstandsf\u00e4higem und witterungsfestem Robinienholz genau das Richtige f\u00fcr Sie!<\/p>\n<p>Die Au\u00dfenleuchte wird aus einem gesch\u00e4lten und geschliffenen Robinienstamm gefertigt. Die Leuchte hat eine elegante und zugleich verspielte, hochwertige Optik. Robinie ist eine harte und sehr dauerhafte Holzart (Dauerhaftigkeitsklasse 1) und ein besonders sch\u00f6nes Gestaltungselement in Ihrem Garten.<\/p>\n<h3>\u00c4HNLICHE GARTENLEUCHTEN<\/h3>\n<p>Diese Leuchte ist auch in einer Variante aus Edelkastanienholz erh\u00e4ltlich. Die Kastanienholzleuchte ist in verschiedenen Varianten erh\u00e4ltlich: Als runde Gartenleuchte aus Holz (ein Modell, das in jeden Garten passt), als kubistische Gartenleuchte aus Holz (ein Modell, das sehr gut in einen modernen, minimalistischen Garten passt) bis hin zu einer traditionellen Gartenleuchte aus Holz im Landhausstil (ein Modell in Balkenform).<\/p>\n<h3>NACHHALTIGKEIT<\/h3>\n<p>Nachhaltig ist nicht nur die Verwendung von Holz. Wir haben viel Arbeit in die Entwicklung dieser Gartenleuchte gesteckt und alle Aspekte ber\u00fccksichtigt, die die Nachhaltigkeit verbessern. Das Produkt wurde ausgiebig getestet.<\/p>\n<h5><strong>Spezifikationen:<\/strong><\/h5>\n<ul>\n<li>Material Pfosten: Robinienholz<\/li>\n<li>Durchmesser Pfosten : 16 bis 22 cm<\/li>\n<li>L\u00e4nge Pfosten: 150 cm (ca. 60-70 cm unter der Erdoberfl\u00e4che, ca. 80- 90 cm \u00fcber dem Boden)<\/li>\n<li>Farbtemperatur: 2700 K (warmwei\u00dfes Licht)<\/li>\n<li>Verbrauch: 2 Watt Strom<\/li>\n<li>Ausf\u00fchrungen: 16 Volt und 230 Volt<\/li>\n<li>Der Treiber und der Anschluss befinden sich auf der R\u00fcckseite des Pfahls, diskret verborgen hinter einer Klappe.<\/li>\n<li>Die Holzabdeckung, die die Klappe verschlie\u00dft, ist mit vier Edelstahlschrauben befestigt.<\/li>\n<li>Die Anschl\u00fcsse im Pfahl zum Treiber sind mit wasserdichten Steckern versehen.<\/li>\n<li>Die LED-Lampe ist mit 2 Edelstahlschrauben befestigt.<\/li>\n<li>Die LED-Lampe hat die Schutzart IP67 und ist sehr gut gegen Feuchtigkeit gesch\u00fctzt.<\/li>\n<li>Der Treiber hat die Schutzart IP54 und ist gut gegen Feuchtigkeit gesch\u00fctzt.<\/li>\n<li>Der Pfosten wird mit einem Gel-Stecker f\u00fcr die Stromversorgung des Treibers (220 V) geliefert.<\/li>\n<li>Der Durchmesser des Bohrers, der zum Durchstechen des Masts verwendet wird, betr\u00e4gt 42 mm.<\/li>\n<\/ul>\n<h5><strong>12 Volt oder 230 Volt?<\/strong><\/h5>\n<p>Volt ist eine Einheit der elektrischen Spannung. Diese Gartenleuchte ist in 12 Volt und in 230 Volt erh\u00e4ltlich. Sie k\u00f6nnen selbst entscheiden, welches Option Sie f\u00fcr Ihre Gartenbeleuchtung w\u00e4hlen m\u00f6chten.<\/p>\n<ul>\n<li><strong>12 V Niedervolt Gartenbeleuchtung: <\/strong>12 Volt ist eine relativ niedrige Spannung, die sehr sicher ist und zudem einfach als DIY zu installieren ist. Um in Ihrem Zuhause eine 12-Volt-Beleuchtung anschlie\u00dfen, ben\u00f6tigen Sie einen Transformator (Trafo), der die Spannung von 230V auf 12V umwandelt. In den meisten privaten G\u00e4rten ist 12V Niedervolt heute Standard.<\/li>\n<li><strong>230 V Hochvolt Gartenbeleuchtung:<\/strong> 230 Volt ist eine leistungsstarke, hohe Spannung. Wenn Sie sehr gro\u00dfe Fl\u00e4chen mit viel Licht versorgen m\u00f6chten, lohnt sich die 230 V Gartenbeleuchtung, da auch lange Kabelwege problemlos m\u00f6glich sind. Die Kabel m\u00fcssen fest verlegt und gesch\u00fctzt sein und mind. 60 cm tief im Boden eingegraben werden. Die Installation muss von einem <strong>Elektriker<\/strong> durchgef\u00fchrt werden. Die 230-Volt-Beleuchtung kann direkt (ohne Transformator) an Ihr Stromnetz zuhause angeschlossen werden.<\/li>\n<\/ul>\n<h5><strong>Noch Fragen?<\/strong><\/h5>\n<p>Kontaktieren Sie uns, wir helfen Ihnen gern!<\/p>\n<p>Finden Sie das Konzept unserer Wegeleuchte gut, aber w\u00fcnschen sich eine etwas andere Ausf\u00fchrung? Oder haben Sie ein komplett anderes Design f\u00fcr eine Holzleuchte im Kopf und w\u00fcnschen sich Unterst\u00fctzung bei der Umsetzung? Unser Team von Produktspezialisten mit dem Werkstoff Holz hilft Ihnen gern. Kontaktieren Sie uns einfach und unverbindlich, telefonisch oder per E-Mail.<\/p>\n","protected":false},"excerpt":{"rendered":"<p>Wegeleuchte: Gartenleuchte aus Holz &#8218;Billy&#8216; Robinie rund Die runde Gartenleuchte &#8218;Billy&#8216; aus Robinienholz sorgt f\u00fcr eine stimmungsvolle, nat\u00fcrliche Beleuchtung in G\u00e4rten und entlang von Wegen&#8230;.<\/p>\n","protected":false},"featured_media":36367,"comment_status":"closed","ping_status":"closed","template":"","meta":{"_acf_changed":false,"inline_featured_image":false,"_trash_the_other_posts":false,"ep_exclude_from_search":false,"iawp_total_views":262,"editor_notices":[]},"product_brand":[],"product_cat":[452,676],"product_tag":[],"class_list":{"0":"post-36224","1":"product","2":"type-product","3":"status-publish","4":"has-post-thumbnail","6":"product_cat-aussenleuchte-holz","7":"product_cat-wegeleuchten","9":"first","10":"instock","11":"shipping-taxable","12":"purchasable","13":"product-type-variable","14":"has-default-attributes"},"composite_virtual":false,"composite_layout":"","composite_add_to_cart_form_location":"","composite_editable_in_cart":false,"composite_sold_individually_context":"","composite_shop_price_calc":"","composite_components":[],"composite_scenarios":[],"acf":[],"_links":{"self":[{"href":"https:\/\/adequat.eu\/de\/wp-json\/wp\/v2\/product\/36224","targetHints":{"allow":["GET"]}}],"collection":[{"href":"https:\/\/adequat.eu\/de\/wp-json\/wp\/v2\/product"}],"about":[{"href":"https:\/\/adequat.eu\/de\/wp-json\/wp\/v2\/types\/product"}],"replies":[{"embeddable":true,"href":"https:\/\/adequat.eu\/de\/wp-json\/wp\/v2\/comments?post=36224"}],"wp:featuredmedia":[{"embeddable":true,"href":"https:\/\/adequat.eu\/de\/wp-json\/wp\/v2\/media\/36367"}],"wp:attachment":[{"href":"https:\/\/adequat.eu\/de\/wp-json\/wp\/v2\/media?parent=36224"}],"wp:term":[{"taxonomy":"product_brand","embeddable":true,"href":"https:\/\/adequat.eu\/de\/wp-json\/wp\/v2\/product_brand?post=36224"},{"taxonomy":"product_cat","embeddable":true,"href":"https:\/\/adequat.eu\/de\/wp-json\/wp\/v2\/product_cat?post=36224"},{"taxonomy":"product_tag","embeddable":true,"href":"https:\/\/adequat.eu\/de\/wp-json\/wp\/v2\/product_tag?post=36224"}],"curies":[{"name":"wp","href":"https:\/\/api.w.org\/{rel}","templated":true}]}}