{"id":36229,"date":"2025-05-10T00:38:41","date_gmt":"2025-05-09T22:38:41","guid":{"rendered":"https:\/\/adequat.eu\/de\/?post_type=product&#038;p=36229"},"modified":"2025-11-20T11:11:55","modified_gmt":"2025-11-20T10:11:55","slug":"wegeleuchte-holz-bella-kastanie-abgerundet-vorbereitet-fuer-in-lite-lampe","status":"publish","type":"product","link":"https:\/\/adequat.eu\/de\/produkt\/aussenleuchte-holz\/wegeleuchte-holz-bella-kastanie-abgerundet-vorbereitet-fuer-in-lite-lampe\/","title":{"rendered":"Wegeleuchte Holz Bella Kastanie abgerundet f\u00fcr in-lite Leuchte FLUX"},"content":{"rendered":"<h2>Wegeleuchte Bella Kastanie f\u00fcr smarte Gartenbeleuchtung<\/h2>\n<h5>Vorbereitet f\u00fcr in-lite Leuchte FLUX<\/h5>\n<p>M\u00f6gen Sie es auch, wenn die Beleuchtung in Haus und Garten \u201esmart\u201c funktioniert?<\/p>\n<p>Diese Gartenbeleuchtung eignet sich perfekt f\u00fcr eine einfache Handhabung! Mit einer App steuern Sie, wann welche Lampen angehen sollen. Sie k\u00f6nnen die Beleuchtung auch dimmen, um eine gem\u00fctliche Atmosph\u00e4re zu schaffen. Wenn Sie wollen, k\u00f6nnen Sie mit dem <strong>in-lite System<\/strong> einen komplett ma\u00dfgeschneiderten Lichtplan erstellen.<\/p>\n<h2>Gartenbeleuchtung in-lite System<\/h2>\n<p>Das in-lite-System ist ein beliebtes <strong>System f\u00fcr die Gartenbeleuchtung<\/strong>. Diese Beleuchtung arbeitet mit Niederspannung (12 Volt) und l\u00e4sst sich einfach selbst installieren. Auf der Website des Herstellers in-lite finden Sie weitere Informationen \u00fcber die Funktion des smarten Beleuchtungssystems.<\/p>\n<p>Damit k\u00f6nnen Sie Ihre Gartenbeleuchtung komplett smart \u00fcber eine Handy-App steuern!<\/p>\n<p><strong>Achtung:<\/strong> Sie kaufen NICHT die Beleuchtung und die Technik, sondern einen Kastanienholzpfahl, den wir f\u00fcr das in-lite-System vorbereitet haben. Der ben\u00f6tigte <strong><a href=\"https:\/\/in-lite.com\/de\/flux\" target=\"_blank\" rel=\"noopener\">FLUX Bodenspot \u2013 \u00d8 60 mm<\/a><\/strong> ist bei Ad\u00e9quat nicht im Lieferumfang enthalten und muss separat dazu gekauft werden.<\/p>\n<h2>Spezifikation<\/h2>\n<h5>Wegeleuchte Bella Kastanie abgerundet f\u00fcr in-lite Leuchte Flux<\/h5>\n<ul>\n<li>Pfahl aus langlebigem Kastanienholz<\/li>\n<li>Durchmesser Pfahl: 16 bis 22 cm<\/li>\n<li>L\u00e4nge des Pfahls: 150 cm (der Pfahl wird etwa 60\u201370 cm in den Boden gesetzt, aber tiefer ist nat\u00fcrlich auch m\u00f6glich \u2013 und wird je nach Wunsch \u2013 80 oder 90 cm hoch sein). Je h\u00f6her die Lampe steht, desto breiter der Lichtstrahl.<\/li>\n<\/ul>\n<h2>Wo gibt&#8217;s das Leuchtmittel?<\/h2>\n<p>Sie k\u00f6nnen das Leuchtmittel f\u00fcr diese Wegeleuchte von einem Anbieter Ihrer Wahl erwerben. Bitte achten Sie darauf, dass es sich hierbei um den originalen In-Lite FLUX Bodenspot mit 60 mm Durchmesser handeln muss, damit es passt.<\/p>\n<p>Hier finden Sie die richtige Leuchte auf der Website des in-lite Herstellers:<\/p>\n<ul>\n<li><strong><a href=\"https:\/\/in-lite.com\/de\/flux\" target=\"_blank\" rel=\"noopener\">Leuchtmittel FLUX Bodenspot <\/a><a href=\"https:\/\/in-lite.com\/de\/flux\" target=\"_blank\" rel=\"noopener\">\u00d8 60 mm<\/a><\/strong><\/li>\n<\/ul>\n<p>Dort finden Sie auch weitere Informationen zum Einbau des LED-Spots.<\/p>\n<h2>Passend dazu: Pfahl mit Aussensteckdose<\/h2>\n<p>Im Stil der Wegeleuchte Billy finden Sie auch Holzpf\u00e4hle mit integrierten Au\u00dfensteckdosen im Sortiment von Ad\u00e9quat.<\/p>\n<p>Bitte beachten Sie dann, dass Sie daf\u00fcr zwei separate Stromkabel ben\u00f6tigen!<\/p>\n<ul>\n<li><a href=\"https:\/\/adequat.eu\/de\/produkt\/aussenleuchte-holz\/aussensteckdose-auf-pfahl-bella-kastanie-abgerundet\/\"><strong>Pfahl Bella Kastanie abgerundet mit Au\u00dfensteckdose<\/strong><\/a><\/li>\n<\/ul>\n<h3>Lieber klassisch ohne smartes System?<\/h3>\n<p>Selbstverst\u00e4ndlich m\u00fcssen Sie sich nicht f\u00fcr das in-lite System f\u00fcr Ihre Gartenbeleuchtung entscheiden. Wir haben auch klassische Wegeleuchten aus Holz im Sortiment, bei denen wir die LED-Leuchtmittel schon eingebaut haben.<\/p>\n<ul>\n<li><a href=\"https:\/\/adequat.eu\/de\/produkt\/aussenleuchte-holz\/wegeleuchte-holz-bella-kastanie-abgerundet\/\"><strong>Wegeleuchte Bella Kastanie abgerundet inkl. klassischem LED-Leuchtmittel\u00a0<\/strong><\/a><\/li>\n<\/ul>\n","protected":false},"excerpt":{"rendered":"<p>Wegeleuchte Bella Kastanie f\u00fcr smarte Gartenbeleuchtung Vorbereitet f\u00fcr in-lite Leuchte FLUX M\u00f6gen Sie es auch, wenn die Beleuchtung in Haus und Garten \u201esmart\u201c funktioniert? Diese&#8230;<\/p>\n","protected":false},"featured_media":36507,"comment_status":"closed","ping_status":"closed","template":"","meta":{"_acf_changed":false,"inline_featured_image":false,"_trash_the_other_posts":false,"ep_exclude_from_search":false,"iawp_total_views":153,"editor_notices":[]},"product_brand":[],"product_cat":[452,676],"product_tag":[],"class_list":{"0":"post-36229","1":"product","2":"type-product","3":"status-publish","4":"has-post-thumbnail","6":"product_cat-aussenleuchte-holz","7":"product_cat-wegeleuchten","9":"first","10":"instock","11":"shipping-taxable","12":"purchasable","13":"product-type-simple"},"composite_virtual":false,"composite_layout":"","composite_add_to_cart_form_location":"","composite_editable_in_cart":false,"composite_sold_individually_context":"","composite_shop_price_calc":"","composite_components":[],"composite_scenarios":[],"acf":[],"_links":{"self":[{"href":"https:\/\/adequat.eu\/de\/wp-json\/wp\/v2\/product\/36229","targetHints":{"allow":["GET"]}}],"collection":[{"href":"https:\/\/adequat.eu\/de\/wp-json\/wp\/v2\/product"}],"about":[{"href":"https:\/\/adequat.eu\/de\/wp-json\/wp\/v2\/types\/product"}],"replies":[{"embeddable":true,"href":"https:\/\/adequat.eu\/de\/wp-json\/wp\/v2\/comments?post=36229"}],"wp:featuredmedia":[{"embeddable":true,"href":"https:\/\/adequat.eu\/de\/wp-json\/wp\/v2\/media\/36507"}],"wp:attachment":[{"href":"https:\/\/adequat.eu\/de\/wp-json\/wp\/v2\/media?parent=36229"}],"wp:term":[{"taxonomy":"product_brand","embeddable":true,"href":"https:\/\/adequat.eu\/de\/wp-json\/wp\/v2\/product_brand?post=36229"},{"taxonomy":"product_cat","embeddable":true,"href":"https:\/\/adequat.eu\/de\/wp-json\/wp\/v2\/product_cat?post=36229"},{"taxonomy":"product_tag","embeddable":true,"href":"https:\/\/adequat.eu\/de\/wp-json\/wp\/v2\/product_tag?post=36229"}],"curies":[{"name":"wp","href":"https:\/\/api.w.org\/{rel}","templated":true}]}}