{"id":37643,"date":"2025-06-17T12:00:43","date_gmt":"2025-06-17T10:00:43","guid":{"rendered":"https:\/\/adequat.eu\/de\/?post_type=product&#038;p=37643"},"modified":"2025-11-28T14:50:42","modified_gmt":"2025-11-28T13:50:42","slug":"zaunlatten-halbrund-aus-kastanie-o-10-12","status":"publish","type":"product","link":"https:\/\/adequat.eu\/de\/produkt\/holzpfaehle-holzpfosten\/kastanienpfaehle-kastanienpfosten\/zaunlatten-halbrund-aus-kastanie-o-10-12\/","title":{"rendered":"Zaunlatten halbrund aus Kastanie \u00d8 10\/12"},"content":{"rendered":"<p>Die Zaunlatten halbrund aus Kastanie &#8211; auch Querriegel genannt &#8211;\u00a0 sind in den Gr\u00f6\u00dfen \u00d8 7\/9 cm\u00a0 und \u00d8 10\/12 cm sowie in unterschiedlichen L\u00e4ngen erh\u00e4ltlich. Es handelt sich hier um Halbrundholz aus langlebigem, nat\u00fcrlichem Kastanienholz.<\/p>\n<p>Die Dicke der Pf\u00e4hle wird an der d\u00fcnnen Seite gemessen. Das Halbrundholz ist <strong>nicht<\/strong> angespitzt. Ein Zaunpfahl aus Kastanie is nicht immer ganz gerade.<\/p>\n<h2>Halbrundholz \u2013 Zaunriegel halbrund aus Kastanie<\/h2>\n<p>Das Halbrundholz aus Kastanie wird oft verwendet um eine Mauer zu verkleiden oder bei der Konstruktion eines Spielger\u00e4ts auf einem Spielplatz (zum Beispiel bei einer Schaukel). Man finde die halbrunden Zaunriegel aus Kastanie zudem oft oben an einer Balustrade (also an einem Gel\u00e4nder).<\/p>\n<h2>Zaunlatten (Querriegel) halbrund &amp; langlebig<\/h2>\n<p>Die halbrunden Zaunlatten aus Kastanie sind von Natur als langlebig. Durch die Gerbs\u00e4ure im Kastanienholz m\u00fcssen die Zaunriegel in halbrunder Form nicht behandelt und gepflegt werden. Unser Halbrundholz aus Kastanie ist von Natur aus gegen Feuchtigkeit gesch\u00fctzt. Daher ist die Verwendung von Zaunlatten halbrund Querriegel aus Kastanie auch sehr gut f\u00fcr die Umwelt. Die Zaunriegel sind gesch\u00e4lt, aber behalten ansonsten ihre nat\u00fcrliche Form. Deswegen ist dieses Halbrundholz aus Kastanie auch nicht immer ganz gerade.<\/p>\n<p>Die Dicke der halbrunden Zaunlatten wird an der d\u00fcnnen Seite gemessen.<\/p>\n<p>Alternativ zu unseren halbrunden Pf\u00e4hlen finden Sie auch <a href=\"https:\/\/adequat.eu\/de\/produkt\/holzpfaehle-holzpfosten\/kastanienpfaehle-kastanienpfosten\/gespaltene-pfaehle\/\">sehr preiswerte gespaltene Pf\u00e4hle<\/a> in unserem Sortiment.<\/p>\n<p><img decoding=\"async\" class=\"alignnone size-medium wp-image-39944\" src=\"https:\/\/adequat.eu\/de\/wp-content\/uploads\/sites\/3\/2025\/09\/Kastanienpfahl-pfosten-edelkastanie-992x662.jpg\" alt=\"Kastanienpfahl Pfosten Edelkastanie\" width=\"992\" height=\"662\" srcset=\"https:\/\/adequat.eu\/de\/wp-content\/uploads\/sites\/3\/2025\/09\/Kastanienpfahl-pfosten-edelkastanie-992x662.jpg 992w, https:\/\/adequat.eu\/de\/wp-content\/uploads\/sites\/3\/2025\/09\/Kastanienpfahl-pfosten-edelkastanie-1200x801.jpg 1200w, https:\/\/adequat.eu\/de\/wp-content\/uploads\/sites\/3\/2025\/09\/Kastanienpfahl-pfosten-edelkastanie-384x256.jpg 384w, https:\/\/adequat.eu\/de\/wp-content\/uploads\/sites\/3\/2025\/09\/Kastanienpfahl-pfosten-edelkastanie-576x384.jpg 576w, https:\/\/adequat.eu\/de\/wp-content\/uploads\/sites\/3\/2025\/09\/Kastanienpfahl-pfosten-edelkastanie-768x512.jpg 768w, https:\/\/adequat.eu\/de\/wp-content\/uploads\/sites\/3\/2025\/09\/Kastanienpfahl-pfosten-edelkastanie-800x534.jpg 800w, https:\/\/adequat.eu\/de\/wp-content\/uploads\/sites\/3\/2025\/09\/Kastanienpfahl-pfosten-edelkastanie.jpg 1920w\" sizes=\"(max-width: 992px) 100vw, 992px\" \/><\/p>\n","protected":false},"excerpt":{"rendered":"<p>Die Zaunlatten halbrund aus Kastanie &#8211; auch Querriegel genannt &#8211;\u00a0 sind in den Gr\u00f6\u00dfen \u00d8 7\/9 cm\u00a0 und \u00d8 10\/12 cm sowie in unterschiedlichen L\u00e4ngen&#8230;<\/p>\n","protected":false},"featured_media":6352,"comment_status":"closed","ping_status":"closed","template":"","meta":{"_acf_changed":false,"inline_featured_image":false,"_trash_the_other_posts":false,"ep_exclude_from_search":false,"iawp_total_views":1363,"editor_notices":[]},"product_brand":[],"product_cat":[255,263],"product_tag":[],"class_list":{"0":"post-37643","1":"product","2":"type-product","3":"status-publish","4":"has-post-thumbnail","6":"product_cat-kastanienpfaehle-kastanienpfosten","7":"product_cat-holzpfaehle-holzpfosten","9":"first","10":"instock","11":"shipping-taxable","12":"purchasable","13":"product-type-variable","14":"has-default-attributes"},"composite_virtual":false,"composite_layout":"","composite_add_to_cart_form_location":"","composite_editable_in_cart":false,"composite_sold_individually_context":"","composite_shop_price_calc":"","composite_components":[],"composite_scenarios":[],"acf":[],"_links":{"self":[{"href":"https:\/\/adequat.eu\/de\/wp-json\/wp\/v2\/product\/37643","targetHints":{"allow":["GET"]}}],"collection":[{"href":"https:\/\/adequat.eu\/de\/wp-json\/wp\/v2\/product"}],"about":[{"href":"https:\/\/adequat.eu\/de\/wp-json\/wp\/v2\/types\/product"}],"replies":[{"embeddable":true,"href":"https:\/\/adequat.eu\/de\/wp-json\/wp\/v2\/comments?post=37643"}],"wp:featuredmedia":[{"embeddable":true,"href":"https:\/\/adequat.eu\/de\/wp-json\/wp\/v2\/media\/6352"}],"wp:attachment":[{"href":"https:\/\/adequat.eu\/de\/wp-json\/wp\/v2\/media?parent=37643"}],"wp:term":[{"taxonomy":"product_brand","embeddable":true,"href":"https:\/\/adequat.eu\/de\/wp-json\/wp\/v2\/product_brand?post=37643"},{"taxonomy":"product_cat","embeddable":true,"href":"https:\/\/adequat.eu\/de\/wp-json\/wp\/v2\/product_cat?post=37643"},{"taxonomy":"product_tag","embeddable":true,"href":"https:\/\/adequat.eu\/de\/wp-json\/wp\/v2\/product_tag?post=37643"}],"curies":[{"name":"wp","href":"https:\/\/api.w.org\/{rel}","templated":true}]}}