{"id":38824,"date":"2025-08-04T15:19:53","date_gmt":"2025-08-04T13:19:53","guid":{"rendered":"https:\/\/adequat.eu\/de\/?post_type=product&#038;p=38824"},"modified":"2025-08-22T12:09:47","modified_gmt":"2025-08-22T10:09:47","slug":"eichenbohlen","status":"publish","type":"product","link":"https:\/\/adequat.eu\/de\/produkt\/holz\/gesaegtes-holz\/schnittholz-eiche\/eichenbohlen\/","title":{"rendered":"Eichenbohlen 10 x 20 x 300 cm"},"content":{"rendered":"<h2>Eichenbohlen s\u00e4gerau<\/h2>\n<p>Diese Eichenbohlen werden in den Ma\u00dfen 10 cm x 20 cm x 300 cm geliefert.<\/p>\n<p dir=\"auto\">Eichenbohlen sind massive, l\u00e4ngliche Holzst\u00fccke aus Eichenholz. Sie sind dicker und breiter als normale Bretter und werden gern f\u00fcr robuste, langlebige Konstruktionen im Au\u00dfenbereich verwendet.<\/p>\n<p dir=\"auto\">Die s\u00e4gerauen, naturbelassenen Eichenbohlen haben vor allem eine praktische Funktion, sind langlebig und eignen sich f\u00fcr perfekt f\u00fcr den Garten.<\/p>\n<h2 dir=\"auto\">Eichenholz Bauholz rustikal &#8211; unbehandelt<\/h2>\n<p dir=\"auto\">Im Gegensatz zu fein verarbeitetem M\u00f6belholz haben Eichenbohlen eine eher rustikale Qualit\u00e4t, k\u00f6nnen Astl\u00f6cher oder Unebenheiten aufweisen und m\u00fcssen nicht perfekt sein. Sie sind besonders langlebig (Dauerhaftigkeitsklasse 2) und widerstandsf\u00e4hig gegen Feuchtigkeit und Witterung, weshalb sie sich ideal f\u00fcr den Au\u00dfenbereich eignen, z. B. f\u00fcr Z\u00e4une, Terrassen, als Abgrenzungen oder als St\u00fctzelemente in G\u00e4rten. Ihre nat\u00fcrliche Robustheit macht eine Behandlung meist \u00fcberfl\u00fcssig.<\/p>\n<h2 dir=\"auto\">Langlebige Eichenbohlen<\/h2>\n<p dir=\"auto\">Dass die Holzqualit\u00e4t etwas niedriger ist als bei M\u00f6belholz, sagt nichts \u00fcber die Haltbarkeit aus. Eichenholz ist sehr langlebig (Dauerhaftigkeitsklasse 2) und muss auch im Au\u00dfenbereich nicht behandelt werden. Das Holz ist von Natur aus witterungsfest.<\/p>\n<h2 dir=\"auto\">Eichenbohlen nach Mass<\/h2>\n<p dir=\"auto\">Ben\u00f6tigen Sie Eichenbohlen in einer bestimmten Gr\u00f6\u00dfe? Kontaktieren Sie uns gern.<\/p>\n","protected":false},"excerpt":{"rendered":"<p>Eichenbohlen s\u00e4gerau Diese Eichenbohlen werden in den Ma\u00dfen 10 cm x 20 cm x 300 cm geliefert. Eichenbohlen sind massive, l\u00e4ngliche Holzst\u00fccke aus Eichenholz. Sie&#8230;<\/p>\n","protected":false},"featured_media":38853,"comment_status":"closed","ping_status":"closed","template":"","meta":{"_acf_changed":false,"inline_featured_image":false,"_trash_the_other_posts":false,"ep_exclude_from_search":false,"iawp_total_views":5239,"editor_notices":[]},"product_brand":[],"product_cat":[243,242],"product_tag":[],"class_list":{"0":"post-38824","1":"product","2":"type-product","3":"status-publish","4":"has-post-thumbnail","6":"product_cat-schnittholz-eiche","7":"product_cat-gesaegtes-holz","9":"first","10":"instock","11":"shipping-taxable","12":"purchasable","13":"product-type-simple"},"composite_virtual":false,"composite_layout":"","composite_add_to_cart_form_location":"","composite_editable_in_cart":false,"composite_sold_individually_context":"","composite_shop_price_calc":"","composite_components":[],"composite_scenarios":[],"acf":[],"_links":{"self":[{"href":"https:\/\/adequat.eu\/de\/wp-json\/wp\/v2\/product\/38824","targetHints":{"allow":["GET"]}}],"collection":[{"href":"https:\/\/adequat.eu\/de\/wp-json\/wp\/v2\/product"}],"about":[{"href":"https:\/\/adequat.eu\/de\/wp-json\/wp\/v2\/types\/product"}],"replies":[{"embeddable":true,"href":"https:\/\/adequat.eu\/de\/wp-json\/wp\/v2\/comments?post=38824"}],"wp:featuredmedia":[{"embeddable":true,"href":"https:\/\/adequat.eu\/de\/wp-json\/wp\/v2\/media\/38853"}],"wp:attachment":[{"href":"https:\/\/adequat.eu\/de\/wp-json\/wp\/v2\/media?parent=38824"}],"wp:term":[{"taxonomy":"product_brand","embeddable":true,"href":"https:\/\/adequat.eu\/de\/wp-json\/wp\/v2\/product_brand?post=38824"},{"taxonomy":"product_cat","embeddable":true,"href":"https:\/\/adequat.eu\/de\/wp-json\/wp\/v2\/product_cat?post=38824"},{"taxonomy":"product_tag","embeddable":true,"href":"https:\/\/adequat.eu\/de\/wp-json\/wp\/v2\/product_tag?post=38824"}],"curies":[{"name":"wp","href":"https:\/\/api.w.org\/{rel}","templated":true}]}}