{"id":39207,"date":"2025-08-15T12:50:01","date_gmt":"2025-08-15T10:50:01","guid":{"rendered":"https:\/\/adequat.eu\/de\/?post_type=product&#038;p=39207"},"modified":"2026-02-05T14:58:11","modified_gmt":"2026-02-05T13:58:11","slug":"kastanienpfahl-o-2-4-cm-ungespitzt","status":"publish","type":"product","link":"https:\/\/adequat.eu\/de\/produkt\/holzpfaehle-holzpfosten\/kastanienpfaehle-kastanienpfosten\/kastanienpfahl-o-2-4-cm-ungespitzt\/","title":{"rendered":"Kastanienpfahl \u00f8 2\/4 cm ungespitzt"},"content":{"rendered":"<h4 dir=\"auto\">L\u00e4nge: 150 cm<\/h4>\n<p dir=\"auto\">Der Kastanienpfahl \u00d8 2-4 cm ist ein Rundholzpfahl aus langlebigem, nat\u00fcrlichem franz\u00f6sischem Kastanienholz (Edelkastanie). Der Pfahl hat einen Durchmesser von etwa 3 Zentimetern (daher die Angabe 2-4 cm Durchmesser) und einen Umfang von etwa 10 Zentimetern. Der Durchmesser der Pf\u00e4hle wird an der d\u00fcnnen Seite gemessen. Diese Pf\u00e4hle sind <strong>standardm\u00e4\u00dfig ungespitzt<\/strong>.<\/p>\n<p dir=\"auto\">Die Kastanienpf\u00e4hle \u00d8 2-4 cm werden in der Regel f\u00fcr dekorative Zwecke verwendet, weshalb sie auch nicht gespitzt sind. Pf\u00e4hle mit diesem Durchmesser werden beispielsweise h\u00e4ufig als Treppengel\u00e4nder genutzt.<\/p>\n<h2 dir=\"auto\">Langlebige &amp; nachhaltige Kastanienpf\u00e4hle \u00d8 2-4 cm<\/h2>\n<p dir=\"auto\">Pf\u00e4hle aus Kastanienholz geh\u00f6ren zur <a href=\"https:\/\/adequat.eu\/de\/aktuell\/dauerhaftigkeitsklasse-holzarten\/\">Dauerhaftigkeitsklasse 2<\/a>. Aufgrund der im Holz vorhandenen Gerbs\u00e4ure im Holz brauchen die Pf\u00e4hle nicht mit Holzschutzmitteln behandelt werden und ben\u00f6tigen keine Pflege. Sie sind von Natur aus gegen Feuchtigkeit und Witterungseinfl\u00fcsse gesch\u00fctzt. Die Verwendung von Kastanienpf\u00e4hlen belastet die Umwelt daher nicht. Wir beziehen unser Edelkastanienholz aus nachhaltiger Forstwirtschaft in Frankreich. Die Pf\u00e4hle sind gesch\u00e4lt (also von der Rinde befreit), behalten aber ansonsten ihre nat\u00fcrliche Form. Daher sind Kastanienpf\u00e4hle nicht immer kerzengerade.<\/p>\n<p><img decoding=\"async\" class=\"size-medium wp-image-39944\" src=\"https:\/\/adequat.eu\/de\/wp-content\/uploads\/sites\/3\/2025\/09\/Kastanienpfahl-pfosten-edelkastanie-992x662.jpg\" alt=\"Kastanienpfahl Pfosten Edelkastanie\" width=\"992\" height=\"662\" srcset=\"https:\/\/adequat.eu\/de\/wp-content\/uploads\/sites\/3\/2025\/09\/Kastanienpfahl-pfosten-edelkastanie-992x662.jpg 992w, https:\/\/adequat.eu\/de\/wp-content\/uploads\/sites\/3\/2025\/09\/Kastanienpfahl-pfosten-edelkastanie-1200x801.jpg 1200w, https:\/\/adequat.eu\/de\/wp-content\/uploads\/sites\/3\/2025\/09\/Kastanienpfahl-pfosten-edelkastanie-384x256.jpg 384w, https:\/\/adequat.eu\/de\/wp-content\/uploads\/sites\/3\/2025\/09\/Kastanienpfahl-pfosten-edelkastanie-576x384.jpg 576w, https:\/\/adequat.eu\/de\/wp-content\/uploads\/sites\/3\/2025\/09\/Kastanienpfahl-pfosten-edelkastanie-768x512.jpg 768w, https:\/\/adequat.eu\/de\/wp-content\/uploads\/sites\/3\/2025\/09\/Kastanienpfahl-pfosten-edelkastanie-800x534.jpg 800w, https:\/\/adequat.eu\/de\/wp-content\/uploads\/sites\/3\/2025\/09\/Kastanienpfahl-pfosten-edelkastanie.jpg 1920w\" sizes=\"(max-width: 992px) 100vw, 992px\" \/><\/p>\n","protected":false},"excerpt":{"rendered":"<p>L\u00e4nge: 150 cm Der Kastanienpfahl \u00d8 2-4 cm ist ein Rundholzpfahl aus langlebigem, nat\u00fcrlichem franz\u00f6sischem Kastanienholz (Edelkastanie). Der Pfahl hat einen Durchmesser von etwa 3&#8230;<\/p>\n","protected":false},"featured_media":39217,"comment_status":"closed","ping_status":"closed","template":"","meta":{"_acf_changed":false,"inline_featured_image":false,"_trash_the_other_posts":false,"ep_exclude_from_search":false,"iawp_total_views":1472,"editor_notices":[]},"product_brand":[],"product_cat":[255,263],"product_tag":[],"class_list":{"0":"post-39207","1":"product","2":"type-product","3":"status-publish","4":"has-post-thumbnail","6":"product_cat-kastanienpfaehle-kastanienpfosten","7":"product_cat-holzpfaehle-holzpfosten","9":"first","10":"instock","11":"shipping-taxable","12":"purchasable","13":"product-type-simple"},"composite_virtual":false,"composite_layout":"","composite_add_to_cart_form_location":"","composite_editable_in_cart":false,"composite_sold_individually_context":"","composite_shop_price_calc":"","composite_components":[],"composite_scenarios":[],"acf":[],"_links":{"self":[{"href":"https:\/\/adequat.eu\/de\/wp-json\/wp\/v2\/product\/39207","targetHints":{"allow":["GET"]}}],"collection":[{"href":"https:\/\/adequat.eu\/de\/wp-json\/wp\/v2\/product"}],"about":[{"href":"https:\/\/adequat.eu\/de\/wp-json\/wp\/v2\/types\/product"}],"replies":[{"embeddable":true,"href":"https:\/\/adequat.eu\/de\/wp-json\/wp\/v2\/comments?post=39207"}],"wp:featuredmedia":[{"embeddable":true,"href":"https:\/\/adequat.eu\/de\/wp-json\/wp\/v2\/media\/39217"}],"wp:attachment":[{"href":"https:\/\/adequat.eu\/de\/wp-json\/wp\/v2\/media?parent=39207"}],"wp:term":[{"taxonomy":"product_brand","embeddable":true,"href":"https:\/\/adequat.eu\/de\/wp-json\/wp\/v2\/product_brand?post=39207"},{"taxonomy":"product_cat","embeddable":true,"href":"https:\/\/adequat.eu\/de\/wp-json\/wp\/v2\/product_cat?post=39207"},{"taxonomy":"product_tag","embeddable":true,"href":"https:\/\/adequat.eu\/de\/wp-json\/wp\/v2\/product_tag?post=39207"}],"curies":[{"name":"wp","href":"https:\/\/api.w.org\/{rel}","templated":true}]}}