{"id":39209,"date":"2025-08-15T11:21:19","date_gmt":"2025-08-15T09:21:19","guid":{"rendered":"https:\/\/adequat.eu\/de\/?post_type=product&#038;p=39209"},"modified":"2026-02-17T17:32:23","modified_gmt":"2026-02-17T16:32:23","slug":"vierkantpfosten-kastanie-mit-abgerundeten-kanten-o-8-cm","status":"publish","type":"product","link":"https:\/\/adequat.eu\/de\/produkt\/holzpfaehle-holzpfosten\/kastanienpfaehle-kastanienpfosten\/vierkantpfosten-kastanie-mit-abgerundeten-kanten-o-8-cm\/","title":{"rendered":"Vierkantpfosten Kastanie mit abgerundeten Kanten \u00f8 8 cm, 150 cm lang"},"content":{"rendered":"<h2>Vierkantpfosten Kastanie \u00f8 8 cm, 150 cm lang, gespitzt<\/h2>\n<p dir=\"auto\">Diese angespitzten Vierkantpfosten aus Kastanienholz sind an den Kanten abgerundet und haben einen Durchmesser von 8 cm (diagonal gemessen). Sie eignen sich hervorragend f\u00fcr den Aufbau von niedrigen <a href=\"https:\/\/adequat.eu\/de\/produkte\/sichtschutz-holz\/sichtschutz-haselnuss-haselnusszaun\/\">Sichtschutzelementen aus Haselnuss<\/a>. Durch die flachen Seiten k\u00f6nnen die Z\u00e4une leicht angeschraubt werden.<\/p>\n<p dir=\"auto\">Die Vierkantpfosten mit 8 cm Durchmesser und einer L\u00e4nge von 150 cm sind <strong>standardm\u00e4\u00dfig an einer Seite gespitzt<\/strong> und besonders geeignet f\u00fcr niedrigere Haselnussz\u00e4une. Aber auch f\u00fcr andere Sichtschutzpaneele sind sie geeignet. Die gerade Seite bietet einem Sichtschutzpaneel etwas mehr Halt als ein runder Pfahl.<\/p>\n<p dir=\"auto\">M\u00f6chten Sie lieber einen <a href=\"https:\/\/adequat.eu\/de\/produkte\/holzpfaehle-holzpfosten\/kastanienpfaehle-kastanienpfosten\/\">runden Kastanienpfahl<\/a>? Die haben wir nat\u00fcrlich auch!<\/p>\n<h2 dir=\"auto\">Vierkantpfosten Kastanie angespitzt<\/h2>\n<p dir=\"auto\">Mit Vierkantpfosten aus Edelkastanienholz mit abgerundeten Ecken bringen Sie ein besonderes Naturelement in Ihren Garten. Die Vierkantpfosten sind hochwertig verarbeitet und verleihen Ihrem Zaun einen eleganten Look.<\/p>\n<p dir=\"auto\">Wenn Sie Fragen zu diesen Holzbalken aus Kastanie haben, kontaktieren Sie uns. Wir helfen Ihnen gern.<\/p>\n","protected":false},"excerpt":{"rendered":"<p>Vierkantpfosten Kastanie \u00f8 8 cm, 150 cm lang, gespitzt Diese angespitzten Vierkantpfosten aus Kastanienholz sind an den Kanten abgerundet und haben einen Durchmesser von 8&#8230;<\/p>\n","protected":false},"featured_media":20639,"comment_status":"closed","ping_status":"closed","template":"","meta":{"_acf_changed":false,"inline_featured_image":false,"_trash_the_other_posts":false,"ep_exclude_from_search":false,"iawp_total_views":451,"editor_notices":[]},"product_brand":[],"product_cat":[263,255],"product_tag":[],"class_list":{"0":"post-39209","1":"product","2":"type-product","3":"status-publish","4":"has-post-thumbnail","6":"product_cat-holzpfaehle-holzpfosten","7":"product_cat-kastanienpfaehle-kastanienpfosten","9":"first","10":"instock","11":"shipping-taxable","12":"purchasable","13":"product-type-variable","14":"has-default-attributes"},"composite_virtual":false,"composite_layout":"","composite_add_to_cart_form_location":"","composite_editable_in_cart":false,"composite_sold_individually_context":"","composite_shop_price_calc":"","composite_components":[],"composite_scenarios":[],"acf":[],"_links":{"self":[{"href":"https:\/\/adequat.eu\/de\/wp-json\/wp\/v2\/product\/39209","targetHints":{"allow":["GET"]}}],"collection":[{"href":"https:\/\/adequat.eu\/de\/wp-json\/wp\/v2\/product"}],"about":[{"href":"https:\/\/adequat.eu\/de\/wp-json\/wp\/v2\/types\/product"}],"replies":[{"embeddable":true,"href":"https:\/\/adequat.eu\/de\/wp-json\/wp\/v2\/comments?post=39209"}],"wp:featuredmedia":[{"embeddable":true,"href":"https:\/\/adequat.eu\/de\/wp-json\/wp\/v2\/media\/20639"}],"wp:attachment":[{"href":"https:\/\/adequat.eu\/de\/wp-json\/wp\/v2\/media?parent=39209"}],"wp:term":[{"taxonomy":"product_brand","embeddable":true,"href":"https:\/\/adequat.eu\/de\/wp-json\/wp\/v2\/product_brand?post=39209"},{"taxonomy":"product_cat","embeddable":true,"href":"https:\/\/adequat.eu\/de\/wp-json\/wp\/v2\/product_cat?post=39209"},{"taxonomy":"product_tag","embeddable":true,"href":"https:\/\/adequat.eu\/de\/wp-json\/wp\/v2\/product_tag?post=39209"}],"curies":[{"name":"wp","href":"https:\/\/api.w.org\/{rel}","templated":true}]}}