{"id":42303,"date":"2026-03-05T18:17:56","date_gmt":"2026-03-05T17:17:56","guid":{"rendered":"https:\/\/adequat.eu\/de\/?post_type=product&#038;p=42303"},"modified":"2026-03-12T12:52:35","modified_gmt":"2026-03-12T11:52:35","slug":"holz-laternenpfahl-haengelaterne-einarmig","status":"publish","type":"product","link":"https:\/\/adequat.eu\/de\/produkt\/aussenleuchte-holz\/holz-laternenpfahl-haengelaterne-einarmig\/","title":{"rendered":"Holz-Laternenpfahl mit H\u00e4ngelaterne, einarmig, Pieter"},"content":{"rendered":"<h2>Au\u00dfenleuchte Holz: Laternenpfahl mit einarmiger H\u00e4ngelaterne<\/h2>\n<p><strong>Eine besondere Au\u00dfenleuchte f\u00fcr den Garten, Hof und Einfahrt<\/strong><\/p>\n<p>Wundersch\u00f6ner, handgefertigter Lichtmasten aus Holz, der eine klassische H\u00e4ngelaterne h\u00e4lt. Stilvoll und nat\u00fcrlich mit nachhaltigem, langlebigen Holz. Ein Blickfang im Garten und an der Einfahrt, der Licht in die dunklen Abendstunden bring und ein sicheres Gef\u00fchl schafft.<\/p>\n<p>Der Lichtmasten ist aus <strong>Robinienholz<\/strong> (<strong><a href=\"https:\/\/adequat.eu\/de\/aktuell\/dauerhaftigkeitsklasse-holzarten\/\">Dauerhaftigkeitsklasse 1<\/a><\/strong>) gefertigt, der Pfahl ist gesch\u00e4lt und geschliffen. Der Laternenpfahl hat ist 350 cm lang und hat einen Durchmesser von 14\u201318 cm. Auch der Arm, an dem die Laterne h\u00e4ngt, ist aus einem gesch\u00e4lten und geschliffenen Robinienpfahl (8\u201310 cm Durchmesser) gefertigt.<\/p>\n<p>Die <strong>klassische H\u00e4ngelaterne<\/strong> ist aus robustem <strong>Stahl<\/strong> gefertigt und <strong>schwarz<\/strong> beschichtet. Wir liefern die Laterne in zwei Ausf\u00fchrungen: <strong>Klarglas<\/strong> oder <strong>Milchglas (Mattglas\/Satin-Glas)<\/strong>\u00a0Das passende Leuchtmittel wird mitgeliefert.<\/p>\n<p>Gern fertigen wir diesen h\u00f6lzernen Laternenpfahl auch mit <a href=\"https:\/\/adequat.eu\/de\/produkt\/aussenleuchte-holz\/holz-laternenpfahl-haengelaterne-zweiarmig\/\">zwei Armen und zwei Lampen<\/a> f\u00fcr Sie an.<\/p>\n<h2>Montage des Laternenpfahls aus Holz<\/h2>\n<p>Der h\u00f6lzerne Laternenpfahl \/ Lichtmasten wird auf einen mitgelieferten Tr\u00e4ger gesetzt. Dieser Tr\u00e4ger muss fest im Boden verankert werden, verwenden Sie dazu am besten Beton.<\/p>\n<p>Am Laternenpfahl befindet sich eine kleine Klappe, hinter der Sie das Kabel finden, das durch den Pfahl bis oben hin zum Arm mit der Leuchte verl\u00e4uft. An der Klappe k\u00f6nnen Sie das Erdkabel mit dem Laternenkabel verbinden. Alle ben\u00f6tigten Verbindungsteile sind im Lieferumfang inbegriffen.<\/p>\n<h2>Lichtmasten aus Holz nach Ma\u00df<\/h2>\n<p>Unsere Lichtmasten \/ Laternenmasten aus Holz fertigen wir in traditionell-handwerklicher Weise in unserer Holzwerkstatt. Gerne fertigen wir bei Ad\u00e9quat einen Laternenpfahl aus Holz nach Ma\u00df f\u00fcr Sie an. Wenn Sie spezielle W\u00fcnsche oder Anforderungen haben, lassen Sie es uns wissen. Wir denken gerne mit Ihnen mit und schauen, was wir tun k\u00f6nnen.<\/p>\n","protected":false},"excerpt":{"rendered":"<p>Au\u00dfenleuchte Holz: Laternenpfahl mit einarmiger H\u00e4ngelaterne Eine besondere Au\u00dfenleuchte f\u00fcr den Garten, Hof und Einfahrt Wundersch\u00f6ner, handgefertigter Lichtmasten aus Holz, der eine klassische H\u00e4ngelaterne h\u00e4lt&#8230;.<\/p>\n","protected":false},"featured_media":42514,"comment_status":"closed","ping_status":"closed","template":"","meta":{"_acf_changed":false,"inline_featured_image":false,"_trash_the_other_posts":false,"ep_exclude_from_search":false,"iawp_total_views":203,"editor_notices":[]},"product_brand":[],"product_cat":[452,677],"product_tag":[],"class_list":{"0":"post-42303","1":"product","2":"type-product","3":"status-publish","4":"has-post-thumbnail","6":"product_cat-aussenleuchte-holz","7":"product_cat-strassenlaternen","9":"first","10":"instock","11":"shipping-taxable","12":"purchasable","13":"product-type-variable","14":"has-default-attributes"},"composite_virtual":false,"composite_layout":"","composite_add_to_cart_form_location":"","composite_editable_in_cart":false,"composite_sold_individually_context":"","composite_shop_price_calc":"","composite_components":[],"composite_scenarios":[],"acf":[],"_links":{"self":[{"href":"https:\/\/adequat.eu\/de\/wp-json\/wp\/v2\/product\/42303","targetHints":{"allow":["GET"]}}],"collection":[{"href":"https:\/\/adequat.eu\/de\/wp-json\/wp\/v2\/product"}],"about":[{"href":"https:\/\/adequat.eu\/de\/wp-json\/wp\/v2\/types\/product"}],"replies":[{"embeddable":true,"href":"https:\/\/adequat.eu\/de\/wp-json\/wp\/v2\/comments?post=42303"}],"wp:featuredmedia":[{"embeddable":true,"href":"https:\/\/adequat.eu\/de\/wp-json\/wp\/v2\/media\/42514"}],"wp:attachment":[{"href":"https:\/\/adequat.eu\/de\/wp-json\/wp\/v2\/media?parent=42303"}],"wp:term":[{"taxonomy":"product_brand","embeddable":true,"href":"https:\/\/adequat.eu\/de\/wp-json\/wp\/v2\/product_brand?post=42303"},{"taxonomy":"product_cat","embeddable":true,"href":"https:\/\/adequat.eu\/de\/wp-json\/wp\/v2\/product_cat?post=42303"},{"taxonomy":"product_tag","embeddable":true,"href":"https:\/\/adequat.eu\/de\/wp-json\/wp\/v2\/product_tag?post=42303"}],"curies":[{"name":"wp","href":"https:\/\/api.w.org\/{rel}","templated":true}]}}