{"id":43282,"date":"2026-04-01T09:58:28","date_gmt":"2026-04-01T07:58:28","guid":{"rendered":"https:\/\/adequat.eu\/de\/?post_type=product&#038;p=43282"},"modified":"2026-04-09T16:05:37","modified_gmt":"2026-04-09T14:05:37","slug":"einschlaghuelse-o-10-12-cm","status":"publish","type":"product","link":"https:\/\/adequat.eu\/de\/produkt\/holzprodukte-2\/befestigungsmaterialien\/einschlaghuelse-o-10-12-cm\/","title":{"rendered":"Einschlagh\u00fclse \u00d8 10 cm"},"content":{"rendered":"<h2>Einschlagh\u00fclse \u00d8 10 cm rund<\/h2>\n<p>Einschlagh\u00fclse (Bodenh\u00fclse mit Keil) 10 cm f\u00fcr runde Holzpf\u00e4hle mit 10-12 cm Durchmesser.<\/p>\n<p class=\"p1\">Die verzinkte Bodenh\u00fclse hat einen Durchmesser von 10 cm und eine Wandst\u00e4rke von 2,5 mm. Diese Einschlagh\u00fclsen bieten die perfekte L\u00f6sung, wenn Sie Holzpf\u00e4hle nicht tief genug in den Boden setzen k\u00f6nnen oder m\u00f6chten.<\/p>\n<p class=\"p1\">Das Set wird inklusive 2 passenden Schrauben, Muttern und Scheiben geliefert.<\/p>\n<p class=\"p1\">Wir bieten auch das Komplett-Paket an, d.h. passend gefr\u00e4ste <strong><a href=\"https:\/\/adequat.eu\/de\/produkt\/holzpfaehle-holzpfosten\/zaunpfahl-bodenhuelse-einschlaghuelse-kastanienpfahl\/\">Rundholzpf\u00e4hle mit Einschlagh\u00fclse<\/a><\/strong> an.<\/p>\n","protected":false},"excerpt":{"rendered":"<p>Einschlagh\u00fclse \u00d8 10 cm rund Einschlagh\u00fclse (Bodenh\u00fclse mit Keil) 10 cm f\u00fcr runde Holzpf\u00e4hle mit 10-12 cm Durchmesser. Die verzinkte Bodenh\u00fclse hat einen Durchmesser von&#8230;<\/p>\n","protected":false},"featured_media":33366,"comment_status":"closed","ping_status":"closed","template":"","meta":{"_acf_changed":false,"inline_featured_image":false,"_trash_the_other_posts":false,"ep_exclude_from_search":false,"iawp_total_views":119,"editor_notices":[]},"product_brand":[],"product_cat":[274],"product_tag":[],"class_list":{"0":"post-43282","1":"product","2":"type-product","3":"status-publish","4":"has-post-thumbnail","6":"product_cat-befestigungsmaterialien","8":"first","9":"instock","10":"shipping-taxable","11":"purchasable","12":"product-type-simple"},"composite_virtual":false,"composite_layout":"","composite_add_to_cart_form_location":"","composite_editable_in_cart":false,"composite_sold_individually_context":"","composite_shop_price_calc":"","composite_components":[],"composite_scenarios":[],"acf":[],"_links":{"self":[{"href":"https:\/\/adequat.eu\/de\/wp-json\/wp\/v2\/product\/43282","targetHints":{"allow":["GET"]}}],"collection":[{"href":"https:\/\/adequat.eu\/de\/wp-json\/wp\/v2\/product"}],"about":[{"href":"https:\/\/adequat.eu\/de\/wp-json\/wp\/v2\/types\/product"}],"replies":[{"embeddable":true,"href":"https:\/\/adequat.eu\/de\/wp-json\/wp\/v2\/comments?post=43282"}],"wp:featuredmedia":[{"embeddable":true,"href":"https:\/\/adequat.eu\/de\/wp-json\/wp\/v2\/media\/33366"}],"wp:attachment":[{"href":"https:\/\/adequat.eu\/de\/wp-json\/wp\/v2\/media?parent=43282"}],"wp:term":[{"taxonomy":"product_brand","embeddable":true,"href":"https:\/\/adequat.eu\/de\/wp-json\/wp\/v2\/product_brand?post=43282"},{"taxonomy":"product_cat","embeddable":true,"href":"https:\/\/adequat.eu\/de\/wp-json\/wp\/v2\/product_cat?post=43282"},{"taxonomy":"product_tag","embeddable":true,"href":"https:\/\/adequat.eu\/de\/wp-json\/wp\/v2\/product_tag?post=43282"}],"curies":[{"name":"wp","href":"https:\/\/api.w.org\/{rel}","templated":true}]}}