{"id":43292,"date":"2026-04-01T10:06:59","date_gmt":"2026-04-01T08:06:59","guid":{"rendered":"https:\/\/adequat.eu\/de\/?post_type=product&#038;p=43292"},"modified":"2026-04-16T12:50:43","modified_gmt":"2026-04-16T10:50:43","slug":"zaunpfahl-mit-einschlaghuelse-o-10-12-cm","status":"publish","type":"product","link":"https:\/\/adequat.eu\/de\/produkt\/holzpfaehle-holzpfosten\/zaunpfahl-mit-einschlaghuelse-o-10-12-cm\/","title":{"rendered":"Zaunpfahl mit Einschlagh\u00fclse \u00d8 10\/12 cm"},"content":{"rendered":"<h2>Zaunpfahl mit Bodenh\u00fclse \/ Einschlagh\u00fclse<\/h2>\n<p><strong>Die L\u00f6sung, wenn Sie Pf\u00e4hle nicht tief einschlagen k\u00f6nnen!<\/strong><\/p>\n<p>Lieferumfang pro Produkt: Vorbereiteter (gefr\u00e4ster) Zaunpfahl 10\/12 cm \u00d8 + passende Einschlagh\u00fclse + Befestigungsmaterial<\/p>\n<p>Die <strong>Holzpf\u00e4hle aus Kastanie<\/strong> (Edelkastanie) sind f\u00fcr die Einschlagh\u00fclsen vorbereitet, d.h. an einer Seite bereits passend gefr\u00e4st. Die Pf\u00e4hle sind <strong>10-12 cm dick<\/strong> und in verschiedenen L\u00e4ngen erh\u00e4ltlich. Die Pf\u00e4hle lassen sich einfach in die Einschlagh\u00fclsen stecken.<\/p>\n<p>Diese Pf\u00e4hle sind auch in einer d\u00fcnneren erh\u00e4ltlich. Diese finden Sie hier: <a href=\"https:\/\/adequat.eu\/de\/produkt\/holzpfaehle-holzpfosten\/zaunpfahl-bodenhuelse-einschlaghuelse-kastanienpfahl\/\"><strong>\u2794 Pf\u00e4hle 7-9 cm \u00d8 mit Einschlagh\u00fclse<\/strong><\/a><\/p>\n<p>Die <strong>feuerverzinkte Einschlagh\u00fclse<\/strong> (Bodenh\u00fclse) aus Stahl hat einen Durchmesser von 80 mm, das Material ist 2,5 mm dick. Die L\u00e4nge des Zapfens betr\u00e4gt 45 cm und die Gesamtl\u00e4nge einschlie\u00dflich Fu\u00df 60 cm. Die Einschlagh\u00fclse wird inkl. Befestigungsmaterial geliefert. Das Loch f\u00fcr die Schrauben ist noch nicht vorgebohrt. Das machen wir bewusst, damit Sie den Pfosten nach Wunsch drehen und anpassen k\u00f6nnen.<\/p>\n<h2>Warum Einschlagbodenh\u00fclsen?<\/h2>\n<p>Einschlagb\u00f6denh\u00fclsen sind Produkte aus Stahl, in die Sie die Holzpf\u00e4hlen stecken. Besonders <strong>bei harten <\/strong>und leicht<strong> steinigen B\u00f6den<\/strong> gelingt der <strong>Zaunaufbau leichter<\/strong>. Die Einschlagbodenh\u00fclsen gleiten gut in den Boden.<\/p>\n<p>(Wenn Sie keine Bodenh\u00fclsen verwenden, m\u00fcssen Sie den Pfahl so tief in den Boden einschlagen, dass ein Drittel des Pfahls unter der Erdoberfl\u00e4che verschwindet. Bei harten B\u00f6den (z.B. lehm- oder tonhaltige B\u00f6den oder verdichtete B\u00f6den) erfordert es mehr Aufwand, den Pfahl tief in den Boden einzuschlagen. Die Einschlagbodenh\u00fclsen erleichtern die Arbeit beim Zaunaufbau.<\/p>\n<h2>Pfahl aus Edelkastanie mit Einschlag-Bodenh\u00fclse<\/h2>\n<p>Lieferumfang pro St\u00fcck:<\/p>\n<ul>\n<li>1 Zaunpfahl aus Edelkastanie mit 10-12 cm Durchmesser (unten passend f\u00fcr H\u00fclse gefr\u00e4st)<\/li>\n<li>1 Einschlagh\u00fclse (= Bodenh\u00fclse) aus verzinktem Stahl<\/li>\n<li>Befestigungsmaterial: 2 x Schrauben und Muttern<\/li>\n<\/ul>\n<h2>Montage Einschlagh\u00fclse + Pfahl<\/h2>\n<h5>Warum steckt der Pfahl bei der Lieferung nicht in der Bodenh\u00fclse?<\/h5>\n<p>Wir liefern den Holzpfahl und die Einschlagh\u00fclse absichtlich nicht vormontiert, damit Sie den Holzpfahl noch ausrichten k\u00f6nnen. Das hei\u00dft, dass Sie den Pfahl selbst in die Einschlagh\u00fclse stecken.<\/p>\n<p>So einfach geht&#8217;s:<\/p>\n<ol>\n<li>Setzen Sie zuerst die Einschlagh\u00fclse in den Boden.<\/li>\n<li>Setzen Sie danach den Pfahl in die H\u00fclse. Jetzt k\u00f6nnen Sie den Pfahl noch gut drehen und korrigieren, sodass der Zaun eine gerade Linie bildet.<\/li>\n<li>Bohren Sie jetzt das Loch durch eine Seite bis in die Pfahlmitte und bohren Sie danach ein Loch von der anderen Seite so weit durch, bis Sie das vorhandene Loch in der Pfahlmitte treffen. Selbst wenn Sie ein bisschen schief gebohrt haben, korrigiert sich der Fehler vom selbst im Holz.<\/li>\n<li>Stecken Sie anschlie\u00dfend die Schrauben durch die Einschlagh\u00fclse in den Pfahl.<\/li>\n<li>Jetzt steht der Pfahl mit Einschlagh\u00fclse sicher und stabil.<\/li>\n<\/ol>\n<h2>Warum Pf\u00e4hle mit Einschlagh\u00fclsen?<\/h2>\n<p>Damit ein Zaunpfahl stabil im Boden steht, sollten Sie normalerweise ein Drittel Holzpfahls im Boden versenken. Manchmal ist das nicht m\u00f6glich, beispielsweise wenn der Boden zu hart ist (steinig usw.). F\u00fcr diese Zwecke ist eine Einschlagh\u00fclse die perfekte L\u00f6sung!<\/p>\n<p>Mit Einschlagh\u00fclsen k\u00f6nnen Sie Pf\u00e4hle fest im Boden verankern, ohne dass der Pfahl tief im Boden stehen muss.<\/p>\n<p>Wenn Sie Pf\u00e4hle auf festem Untergrund aufstellen m\u00f6chten, z.B. auf Beton oder gepflastertem Boden, empfehlen wir unsere <a href=\"https:\/\/adequat.eu\/de\/produkt\/holzpfaehle-holzpfosten\/zaunpfahl-mit-aufschraubhuelse-o-10-12-cm\/\">Holzpf\u00e4hle mit feuerverzinkter Fu\u00dfplatte (= Pfostentr\u00e4ger \/ Aufschraubh\u00fclse)<\/a>.<\/p>\n<h3>Welche L\u00e4nge f\u00fcr einen Kastanienpfahl mit Einschlagh\u00fclse f\u00fcr einen Staketenzaun?<\/h3>\n<p>Sie k\u00f6nnen den Kastanienpfahl mit Bodenh\u00fclse (= Einschlagh\u00fclse) zur Befestigung unserer <a href=\"https:\/\/adequat.eu\/de\/produkte\/kastanienzaun-naturzaun\/staketenzaun\/\">Staketenz\u00e4une aus Kastanie<\/a> oder <a href=\"https:\/\/adequat.eu\/de\/produkte\/kastanienzaun-naturzaun\/staketenzaun-aus-robinie\/\">Robinie<\/a> verwenden. Wenn Sie Einschlagbodenh\u00fclsen verwenden, ben\u00f6tigen Sie keine l\u00e4ngeren Pf\u00e4hle.<\/p>\n<p>Dann gilt: Zaunh\u00f6he = Pfahll\u00e4nge.\u00a0Beispiel: F\u00fcr einen 120 cm hohen Staketenzaun ben\u00f6tigen Sie einen 120 cm langen Pfahl mit Bodenh\u00fclse.<\/p>\n<p><strong>Bitte beachten Sie:<\/strong> Die Bodenh\u00fclsen (Einschlagh\u00fclsen) eignen sich nur f\u00fcr unsere Pf\u00e4hle mit 10-12 cm Durchmesser. Wir fr\u00e4sen die Pf\u00e4hle so, dass sie perfekt in die Einschlagh\u00fclsen passen.<\/p>\n","protected":false},"excerpt":{"rendered":"<p>Zaunpfahl mit Bodenh\u00fclse \/ Einschlagh\u00fclse Die L\u00f6sung, wenn Sie Pf\u00e4hle nicht tief einschlagen k\u00f6nnen! Lieferumfang pro Produkt: Vorbereiteter (gefr\u00e4ster) Zaunpfahl 10\/12 cm \u00d8 + passende&#8230;<\/p>\n","protected":false},"featured_media":20835,"comment_status":"closed","ping_status":"closed","template":"","meta":{"_acf_changed":false,"inline_featured_image":false,"_trash_the_other_posts":false,"ep_exclude_from_search":false,"iawp_total_views":416,"editor_notices":[]},"product_brand":[],"product_cat":[263,492,255],"product_tag":[],"class_list":{"0":"post-43292","1":"product","2":"type-product","3":"status-publish","4":"has-post-thumbnail","6":"product_cat-holzpfaehle-holzpfosten","7":"product_cat-holzpfaehle-200-cm","8":"product_cat-kastanienpfaehle-kastanienpfosten","10":"first","11":"instock","12":"shipping-taxable","13":"purchasable","14":"product-type-composite"},"composite_virtual":false,"composite_layout":"single","composite_add_to_cart_form_location":"default","composite_editable_in_cart":false,"composite_sold_individually_context":"product","composite_shop_price_calc":"defaults","composite_components":[{"id":"1734116321","title":"Kastanienpfahl","description":"","query_type":"product_ids","query_ids":[43283],"default_option_id":43283,"thumbnail_id":"","thumbnail_src":"","quantity_min":1,"quantity_max":1,"priced_individually":true,"shipped_individually":false,"optional":false,"discount":"","options_style":"dropdowns","pagination_style":"classic","display_prices":"absolute","show_sorting_options":false,"show_filtering_options":false,"attribute_filter_ids":[],"select_action":"view","product_title_visible":false,"product_descr_visible":false,"product_price_visible":true,"product_thumb_visible":false,"subtotal_visible_product":true,"subtotal_visible_cart":true,"subtotal_visible_orders":true},{"id":"1734116322","title":"Bodenh\u00fclse","description":"","query_type":"product_ids","query_ids":[43282],"default_option_id":43282,"thumbnail_id":"","thumbnail_src":"","quantity_min":1,"quantity_max":1,"priced_individually":true,"shipped_individually":false,"optional":false,"discount":"","options_style":"dropdowns","pagination_style":"classic","display_prices":"absolute","show_sorting_options":false,"show_filtering_options":false,"attribute_filter_ids":[],"select_action":"view","product_title_visible":false,"product_descr_visible":false,"product_price_visible":true,"product_thumb_visible":false,"subtotal_visible_product":true,"subtotal_visible_cart":true,"subtotal_visible_orders":true}],"composite_scenarios":[],"acf":[],"_links":{"self":[{"href":"https:\/\/adequat.eu\/de\/wp-json\/wp\/v2\/product\/43292","targetHints":{"allow":["GET"]}}],"collection":[{"href":"https:\/\/adequat.eu\/de\/wp-json\/wp\/v2\/product"}],"about":[{"href":"https:\/\/adequat.eu\/de\/wp-json\/wp\/v2\/types\/product"}],"replies":[{"embeddable":true,"href":"https:\/\/adequat.eu\/de\/wp-json\/wp\/v2\/comments?post=43292"}],"wp:featuredmedia":[{"embeddable":true,"href":"https:\/\/adequat.eu\/de\/wp-json\/wp\/v2\/media\/20835"}],"wp:attachment":[{"href":"https:\/\/adequat.eu\/de\/wp-json\/wp\/v2\/media?parent=43292"}],"wp:term":[{"taxonomy":"product_brand","embeddable":true,"href":"https:\/\/adequat.eu\/de\/wp-json\/wp\/v2\/product_brand?post=43292"},{"taxonomy":"product_cat","embeddable":true,"href":"https:\/\/adequat.eu\/de\/wp-json\/wp\/v2\/product_cat?post=43292"},{"taxonomy":"product_tag","embeddable":true,"href":"https:\/\/adequat.eu\/de\/wp-json\/wp\/v2\/product_tag?post=43292"}],"curies":[{"name":"wp","href":"https:\/\/api.w.org\/{rel}","templated":true}]}}