{"id":8786,"date":"2015-08-03T07:41:07","date_gmt":"2015-08-03T05:41:07","guid":{"rendered":"https:\/\/adequat.eu\/de\/product\/staketenzaun-50-cm\/"},"modified":"2026-03-10T09:19:09","modified_gmt":"2026-03-10T08:19:09","slug":"staketenzaun-50-cm","status":"publish","type":"product","link":"https:\/\/adequat.eu\/de\/produkt\/kastanienzaun-naturzaun\/staketenzaun\/staketenzaun-50-cm\/","title":{"rendered":"Staketenzaun Kastanie 50 cm hoch"},"content":{"rendered":"<h2>Kastanienzaun mit 50 cm hohen Staketen<\/h2>\n<ul>\n<li>Staketenzaun 50 cm hoch, w\u00e4hlbar mit einem Lattenabstand von 2 cm, 4 cm, 6 cm, 8 cm oder 10 cm. Dieser Kastanienzaun wird auf Rollen von 5 Meter oder 10 Meter geliefert.<\/li>\n<li>F\u00fcr den 50 cm hohen Staketenzaun verwenden wir <a href=\"https:\/\/adequat.eu\/de\/produkt\/holzpfaehle-holzpfosten\/kastanienpfaehle-kastanienpfosten\/zaunpfahl-kastanie\/\">Pf\u00e4hle mit einem Durchmesser von \u00f8 7\/9<\/a> und einer L\u00e4nge von 125 cm. Wir empfehlen, alle 2 Meter einen Pfahl aufzustellen. F\u00fcr die Start- und Endpunkte sowie die Ecken k\u00f6nnen Sie auch \u00f8 7\/9 125 cm verwenden. Um eine maximale Stabilit\u00e4t zu erreichen w\u00e4hlen Sie am besten die dicksten Exemplare f\u00fcr die Ecken sowie f\u00fcr die Start- und Endpunkte. Wenn Sie den Zaun in sehr lockerem Boden aufstellen, k\u00f6nnen Sie erw\u00e4gen, die Start- und Endpunkte und Eckpf\u00e4hle durch Streben abst\u00fctzen. In diesem Fall ben\u00f6tigen Sie f\u00fcr die Eckpf\u00e4hle sowie f\u00fcr die Pf\u00e4hle an den Start- und Endpunkten zwei zus\u00e4tzliche Pf\u00e4hle mit den Abmessungen \u00f8 7\/9 und 125 cm. Allerdings h\u00e4ngt dies nat\u00fcrlich von ihren W\u00fcnschen und den Gegebenheiten vor Ort ab.<\/li>\n<li>Sie k\u00f6nnen die Z\u00e4une ganz einfach miteinander verbinden. Bei Minute 1,20 im <a href=\"https:\/\/adequat.eu\/de\/installation-videos\/staketenzaun\/staketenzaun-aufbauen-holzzaun\/\">Video<\/a> wird genau erkl\u00e4rt, wie es geht.<\/li>\n<li>Staketenzaun 50 cm hoch wird oft f\u00fcr die Umz\u00e4unung von Grenzen und Blumenbeten verwendet. Kastanienholz ist von Natur aus gegen Feuchtigkeit und Schimmel gesch\u00fctzt. Sie brauchen das Holz also nicht zu behandeln und Sie riskieren auch nicht, dass Giftstoffe Ihren Boden verunreinigen.<\/li>\n<li>Der Staketenzaun mit 50 cm H\u00f6he ist flexibel und l\u00e4sst sich einfach den Umrissen Ihres Grundst\u00fccks anpassen.<\/li>\n<li>Hier k\u00f6nnen Sie einige <a href=\"https:\/\/adequat.eu\/de\/projekte\/staketenzaun-projekte\/projekte-staketenzaun-50-cm\/\">Projekten<\/a> sehen, bei dem wir den 50 cm hohen Staketenzaun verwendet haben.<\/li>\n<li>Wenn Sie ausrechnen m\u00f6chten, wie viel Meter Staketenzaun Sie ben\u00f6tigen, k\u00f6nnen Sie ganz unverbindlich unseren <a href=\"https:\/\/adequat.eu\/de\/zaunkonfigurator-zaun-berechnen\/\">Zaun-Konfigurator<\/a> f\u00fcr die Berechnung nutzen.\u00a0Alternativ k\u00f6nnen Sie hier unverbindlich ein auf Sie <a href=\"https:\/\/adequat.eu\/de\/angebot\/\">zugeschnittenes Angebot<\/a> anfordern.<\/li>\n<li>Es kann schon einmal passieren, dass eine Latte im Staketenzaun bricht. Das ist kein Problem! Sie k\u00f6nnen die Latte ganz einfach selbst austauschen. In <a href=\"https:\/\/adequat.eu\/de\/installation-videos\/staketenzaun\/kann-ich-beim-staketenzaun-eine-latte-stakete-austauschen\/\">diesem Video<\/a> zeigen wir Ihnen, wie es geht.<\/li>\n<li>Sie haben zudem die Wahl zwischen verschiedenen Lattenabst\u00e4nden. Damit ist der Abstand zwischen den einzelnen Zaunlatten gemeint, gemessen ab der ersten Umwicklung mit dem Eisendraht bis zur letzten Umwicklung vor der n\u00e4chsten Zaunlatte. Weil es sich bei den Staketenz\u00e4unen um nat\u00fcrlich geformte Latten handelt, ist der Abstand nicht immer genau der gleiche.<\/li>\n<\/ul>\n<div id='gallery-1' class='gallery galleryid-8786 gallery-columns-3 gallery-size-thumbnail'><figure class='gallery-item'>\n\t\t\t<div class='gallery-icon portrait'>\n\t\t\t\t<a href='https:\/\/adequat.eu\/de\/wp-content\/uploads\/sites\/3\/2020\/10\/lat-afstand-e1530193761112.jpg'><img decoding=\"async\" width=\"150\" height=\"150\" src=\"https:\/\/adequat.eu\/de\/wp-content\/uploads\/sites\/3\/2020\/10\/lat-afstand-e1530193761112-150x150.jpg\" class=\"attachment-thumbnail size-thumbnail\" alt=\"\" aria-describedby=\"gallery-1-6328\" srcset=\"https:\/\/adequat.eu\/de\/wp-content\/uploads\/sites\/3\/2020\/10\/lat-afstand-e1530193761112-150x150.jpg 150w, https:\/\/adequat.eu\/de\/wp-content\/uploads\/sites\/3\/2020\/10\/lat-afstand-e1530193761112-100x100.jpg 100w\" sizes=\"(max-width: 150px) 100vw, 150px\" \/><\/a>\n\t\t\t<\/div>\n\t\t\t\t<figcaption class='wp-caption-text gallery-caption' id='gallery-1-6328'>\n\t\t\t\t4 cm gemessen ab der ersten Umwicklung mit dem Eisendraht bis zur letzten Umwicklung vor der n\u00e4chsten Zaunlatte\n\t\t\t\t<\/figcaption><\/figure><figure class='gallery-item'>\n\t\t\t<div class='gallery-icon portrait'>\n\t\t\t\t<a href='https:\/\/adequat.eu\/de\/wp-content\/uploads\/sites\/3\/2020\/10\/lat-afstand-wikkeling-e1530193631697.jpg'><img decoding=\"async\" width=\"150\" height=\"150\" src=\"https:\/\/adequat.eu\/de\/wp-content\/uploads\/sites\/3\/2020\/10\/lat-afstand-wikkeling-e1530193631697-150x150.jpg\" class=\"attachment-thumbnail size-thumbnail\" alt=\"\" aria-describedby=\"gallery-1-6329\" srcset=\"https:\/\/adequat.eu\/de\/wp-content\/uploads\/sites\/3\/2020\/10\/lat-afstand-wikkeling-e1530193631697-150x150.jpg 150w, https:\/\/adequat.eu\/de\/wp-content\/uploads\/sites\/3\/2020\/10\/lat-afstand-wikkeling-e1530193631697-100x100.jpg 100w\" sizes=\"(max-width: 150px) 100vw, 150px\" \/><\/a>\n\t\t\t<\/div>\n\t\t\t\t<figcaption class='wp-caption-text gallery-caption' id='gallery-1-6329'>\n\t\t\t\t5,5 cm zwisschen der Zaunlatten\n\t\t\t\t<\/figcaption><\/figure>\n\t\t<\/div>\n\n<h2>Aufbau Staketenzaun 50 cm<\/h2>\n<p>Den Rollzaun aus Kastanie k\u00f6nnen Sie ganz einfach selbst aufstellen. Daf\u00fcr haben wir hilfreiche Videos und Anleitungen f\u00fcr Sie erstellt. Bei Fragen k\u00f6nnen Sie uns selbstverst\u00e4ndlich jederzeit erreichen.<\/p>\n<p><strong><a href=\"https:\/\/adequat.eu\/de\/installation-videos\/staketenzaun\/staketenzaun-aufbauen-holzzaun\/\">\u27ae Video-Anleitung: Aufbau<\/a><\/strong><\/p>\n<p><strong><a href=\"https:\/\/adequat.eu\/de\/installation-videos\/staketenzaun\/staketenzaun-aufstellen-anleitung\/\">\u27ae Komplette Anleitung<\/a><\/strong><\/p>\n<h5>Welche Schrauben?<\/h5>\n<p>Wir raten dazu, den Staketenzaun mit <a href=\"https:\/\/adequat.eu\/de\/produkt\/holzprodukte-2\/befestigungsmaterialien\/schrauben-edelstahl-holz\/\">Schrauben aus rostfreiem Edelstahl 4,5 x 60 mm<\/a>\u00a0an den Pfosten zu befestigen. Damit fixieren Sie die Staketen am Pfosten und verhindern, dass der Zaun sich \u2019durchh\u00e4ngen\u2019 kann. Mit Klammern hingegen w\u00fcrde ein kleiner Spielraum bleiben. Wenn Sie trotzdem Klammern bevorzugen, sollten Sie in jedem Fall Klammern aus rostfreiem Edelstahl oder verzinkte Klammern verwenden. Die Gerbs\u00e4ure im Holz greift das Metall an und kann schwarze Flecken hinterlassen. Wenn Sie Schrauben verwenden, k\u00f6nnen Sie den <a href=\"https:\/\/adequat.eu\/de\/produkte\/kastanienzaun-naturzaun\/staketenzaun\/\">Staketenzaun<\/a> auch wieder einfacher vom Pfosten abmontieren, z.B. wenn Sie den Zaun woanders wieder aufstellen m\u00f6chten.<\/p>\n<h5>Staketenzaun aufbauen lassen<\/h5>\n<p>Sie k\u00f6nnen den Aufbau auch von einem Garten- und Landschaftsbau-Betrieb durchf\u00fchren lassen. <a href=\"https:\/\/adequat.eu\/de\/zaunaufbau-vom-profi\/\">Hier<\/a> finden Sie eine \u00dcbersicht von Firmen, die hochwertige Staketenz\u00e4une bei uns bestellen und diese bei Ihnen im Garten aufbauen.<\/p>\n","protected":false},"excerpt":{"rendered":"<p>Kastanienzaun mit 50 cm hohen Staketen Staketenzaun 50 cm hoch, w\u00e4hlbar mit einem Lattenabstand von 2 cm, 4 cm, 6 cm, 8 cm oder 10&#8230;<\/p>\n","protected":false},"featured_media":6330,"comment_status":"closed","ping_status":"closed","template":"","meta":{"_acf_changed":false,"inline_featured_image":false,"_trash_the_other_posts":false,"ep_exclude_from_search":false,"iawp_total_views":3302,"editor_notices":[]},"product_brand":[],"product_cat":[248,462,246,738],"product_tag":[],"class_list":{"0":"post-8786","1":"product","2":"type-product","3":"status-publish","4":"has-post-thumbnail","6":"product_cat-staketenzaun","7":"product_cat-holzlattenzaun","8":"product_cat-kastanienzaun-naturzaun","9":"product_cat-50-cm-holzzaun","11":"first","12":"instock","13":"shipping-taxable","14":"purchasable","15":"product-type-variable","16":"has-default-attributes"},"composite_virtual":false,"composite_layout":"","composite_add_to_cart_form_location":"","composite_editable_in_cart":false,"composite_sold_individually_context":"","composite_shop_price_calc":"","composite_components":[],"composite_scenarios":[],"acf":[],"_links":{"self":[{"href":"https:\/\/adequat.eu\/de\/wp-json\/wp\/v2\/product\/8786","targetHints":{"allow":["GET"]}}],"collection":[{"href":"https:\/\/adequat.eu\/de\/wp-json\/wp\/v2\/product"}],"about":[{"href":"https:\/\/adequat.eu\/de\/wp-json\/wp\/v2\/types\/product"}],"replies":[{"embeddable":true,"href":"https:\/\/adequat.eu\/de\/wp-json\/wp\/v2\/comments?post=8786"}],"wp:featuredmedia":[{"embeddable":true,"href":"https:\/\/adequat.eu\/de\/wp-json\/wp\/v2\/media\/6330"}],"wp:attachment":[{"href":"https:\/\/adequat.eu\/de\/wp-json\/wp\/v2\/media?parent=8786"}],"wp:term":[{"taxonomy":"product_brand","embeddable":true,"href":"https:\/\/adequat.eu\/de\/wp-json\/wp\/v2\/product_brand?post=8786"},{"taxonomy":"product_cat","embeddable":true,"href":"https:\/\/adequat.eu\/de\/wp-json\/wp\/v2\/product_cat?post=8786"},{"taxonomy":"product_tag","embeddable":true,"href":"https:\/\/adequat.eu\/de\/wp-json\/wp\/v2\/product_tag?post=8786"}],"curies":[{"name":"wp","href":"https:\/\/api.w.org\/{rel}","templated":true}]}}