{"id":8788,"date":"2016-10-13T14:50:19","date_gmt":"2016-10-13T12:50:19","guid":{"rendered":"https:\/\/adequat.eu\/de\/product\/kastanienpfahl\/"},"modified":"2026-04-02T12:35:48","modified_gmt":"2026-04-02T10:35:48","slug":"kastanienpfahl","status":"publish","type":"product","link":"https:\/\/adequat.eu\/de\/produkt\/holzpfaehle-holzpfosten\/kastanienpfaehle-kastanienpfosten\/kastanienpfahl\/","title":{"rendered":"Kastanienpfahl \u00f8 4\/6 cm ungespitzt"},"content":{"rendered":"<p>Der Kastanienpfahl \u00d8 4\/6 cm ist ein Rundholzpfahl aus langlebigem, nat\u00fcrlichem Kastanienholz. Der Pfahl hat einen Durchmesser von ungef\u00e4hr 5 Zentimetern und einen Umfang von circa 16 Zentimetern. Dieser Pfahl wird ausschlie\u00dflich <strong>ungespitzt<\/strong> geliefert.<\/p>\n<p>Die Angabe \u00d8 4\/6 bedeutet, dass der Durchmesser des Pfahls zwischen 4\u00a0cm und 6\u00a0cm liegt. Der Durchmesser (auch Diameter genannt) ist quasi ein Querschnitt durch den Pfahl, also eine gerade Linie, die quer durch den Mittelpunkt des Pfahls geht.<\/p>\n<h2>Kastanienpfahl: langlebig &amp; nachhaltig<\/h2>\n<p>Der Kastanienpfahl ist von Natur als langlebig. Durch die Gerbs\u00e4ure im Kastanienholz m\u00fcssen die Pf\u00e4hle nicht behandelt und gepflegt werden. Ein Kastanienpfahl ist von Natur aus gegen Feuchtigkeit gesch\u00fctzt. Daher ist die Verwendung von Kastanienpf\u00e4hlen auch sehr gut f\u00fcr die Umwelt. Die Pf\u00e4hle sind gesch\u00e4lt und angespitzt, aber behalten ansonsten ihre nat\u00fcrliche Form. Deswegen sind Pf\u00e4hle aus Kastanienholz auch nicht immer ganz gerade.<\/p>\n<p>Die Dicke der Pf\u00e4hle wird an der d\u00fcnneren Seite gemessen. Den Pfahl mit 4-6\u00a0 cm liefern wir ausschlie\u00dflich ungespitzt.<\/p>\n<p><img decoding=\"async\" class=\"alignnone size-medium wp-image-39944\" src=\"https:\/\/adequat.eu\/de\/wp-content\/uploads\/sites\/3\/2025\/09\/Kastanienpfahl-pfosten-edelkastanie-992x662.jpg\" alt=\"Kastanienpfahl Pfosten Edelkastanie\" width=\"992\" height=\"662\" srcset=\"https:\/\/adequat.eu\/de\/wp-content\/uploads\/sites\/3\/2025\/09\/Kastanienpfahl-pfosten-edelkastanie-992x662.jpg 992w, https:\/\/adequat.eu\/de\/wp-content\/uploads\/sites\/3\/2025\/09\/Kastanienpfahl-pfosten-edelkastanie-1200x801.jpg 1200w, https:\/\/adequat.eu\/de\/wp-content\/uploads\/sites\/3\/2025\/09\/Kastanienpfahl-pfosten-edelkastanie-384x256.jpg 384w, https:\/\/adequat.eu\/de\/wp-content\/uploads\/sites\/3\/2025\/09\/Kastanienpfahl-pfosten-edelkastanie-576x384.jpg 576w, https:\/\/adequat.eu\/de\/wp-content\/uploads\/sites\/3\/2025\/09\/Kastanienpfahl-pfosten-edelkastanie-768x512.jpg 768w, https:\/\/adequat.eu\/de\/wp-content\/uploads\/sites\/3\/2025\/09\/Kastanienpfahl-pfosten-edelkastanie-800x534.jpg 800w, https:\/\/adequat.eu\/de\/wp-content\/uploads\/sites\/3\/2025\/09\/Kastanienpfahl-pfosten-edelkastanie.jpg 1920w\" sizes=\"(max-width: 992px) 100vw, 992px\" \/><\/p>\n","protected":false},"excerpt":{"rendered":"<p>Der Kastanienpfahl \u00d8 4\/6 cm ist ein Rundholzpfahl aus langlebigem, nat\u00fcrlichem Kastanienholz. Der Pfahl hat einen Durchmesser von ungef\u00e4hr 5 Zentimetern und einen Umfang von&#8230;<\/p>\n","protected":false},"featured_media":6358,"comment_status":"closed","ping_status":"closed","template":"","meta":{"_acf_changed":false,"inline_featured_image":false,"_trash_the_other_posts":false,"ep_exclude_from_search":false,"iawp_total_views":6029,"editor_notices":[]},"product_brand":[],"product_cat":[255,263],"product_tag":[],"class_list":{"0":"post-8788","1":"product","2":"type-product","3":"status-publish","4":"has-post-thumbnail","6":"product_cat-kastanienpfaehle-kastanienpfosten","7":"product_cat-holzpfaehle-holzpfosten","9":"first","10":"instock","11":"shipping-taxable","12":"purchasable","13":"product-type-variable","14":"has-default-attributes"},"composite_virtual":false,"composite_layout":"","composite_add_to_cart_form_location":"","composite_editable_in_cart":false,"composite_sold_individually_context":"","composite_shop_price_calc":"","composite_components":[],"composite_scenarios":[],"acf":[],"_links":{"self":[{"href":"https:\/\/adequat.eu\/de\/wp-json\/wp\/v2\/product\/8788","targetHints":{"allow":["GET"]}}],"collection":[{"href":"https:\/\/adequat.eu\/de\/wp-json\/wp\/v2\/product"}],"about":[{"href":"https:\/\/adequat.eu\/de\/wp-json\/wp\/v2\/types\/product"}],"replies":[{"embeddable":true,"href":"https:\/\/adequat.eu\/de\/wp-json\/wp\/v2\/comments?post=8788"}],"wp:featuredmedia":[{"embeddable":true,"href":"https:\/\/adequat.eu\/de\/wp-json\/wp\/v2\/media\/6358"}],"wp:attachment":[{"href":"https:\/\/adequat.eu\/de\/wp-json\/wp\/v2\/media?parent=8788"}],"wp:term":[{"taxonomy":"product_brand","embeddable":true,"href":"https:\/\/adequat.eu\/de\/wp-json\/wp\/v2\/product_brand?post=8788"},{"taxonomy":"product_cat","embeddable":true,"href":"https:\/\/adequat.eu\/de\/wp-json\/wp\/v2\/product_cat?post=8788"},{"taxonomy":"product_tag","embeddable":true,"href":"https:\/\/adequat.eu\/de\/wp-json\/wp\/v2\/product_tag?post=8788"}],"curies":[{"name":"wp","href":"https:\/\/api.w.org\/{rel}","templated":true}]}}