{"id":8789,"date":"2016-10-13T14:58:24","date_gmt":"2016-10-13T12:58:24","guid":{"rendered":"https:\/\/adequat.eu\/de\/product\/zaunpfahl-kastanie\/"},"modified":"2026-04-02T12:36:21","modified_gmt":"2026-04-02T10:36:21","slug":"zaunpfahl-kastanie","status":"publish","type":"product","link":"https:\/\/adequat.eu\/de\/produkt\/holzpfaehle-holzpfosten\/kastanienpfaehle-kastanienpfosten\/zaunpfahl-kastanie\/","title":{"rendered":"Kastanienpfahl \u00f8 7\/9 cm"},"content":{"rendered":"<p>Der Zaunpfahl Kastanie \u00d8 7\/9 cm ist ein Rundholzpfahl aus langlebigem, nat\u00fcrlichem Kastanienholz. Der Pfahl hat einen Durchmesser von ungef\u00e4hr 8 Zentimetern und einen Umfang von circa 25 Zentimetern.<\/p>\n<p>Die Dicke der Pf\u00e4hle wird an der d\u00fcnnen Seite gemessen. Der Zaunpfahl aus Kastanie wird an der dicken Seite angespitzt. Ein Zaunpfahl aus Kastanie is nicht immer ganz gerade.<\/p>\n<p>Die Angabe \u00d8 7\/9 bedeutet, dass der Durchmesser des Pfahls zwischen 7 cm und 9 cm liegt. Der Durchmesser (auch Diameter genannt) ist quasi ein Querschnitt durch den Pfahl, also eine gerade Linie, die quer durch den Mittelpunkt des Pfahls geht.<\/p>\n<p>Ein Zaunpfahl aus Kastanie in der Gr\u00f6\u00dfe 7\/9 wird meist verwendet um Staketenz\u00e4une daran zu befestigen. Die L\u00e4nge ist dann von der H\u00f6he und dem Zaun abh\u00e4ngig. F\u00fcr den Start- und Endpunkt und f\u00fcr die Ecken empfehlen wir einen dickeren Pfahl, zum Beispiel einen Pfosten 10\/12.<\/p>\n<h2>Zaunpfahl aus Kastanie: langlebig &amp; umweltfreundlich<\/h2>\n<p>Ein Zaunpfahl aus Kastanie ist von Natur als langlebig. Durch die Gerbs\u00e4ure im Holz m\u00fcssen die Pf\u00e4hle nicht behandelt und gepflegt werden, denn mit der Gerbs\u00e4ure sind die Zaunpf\u00e4hle schon von Natur aus gegen Feuchtigkeit gesch\u00fctzt. Daher ist die Verwendung von Zaunpf\u00e4hlen aus Kastanie auch sehr gut f\u00fcr die Umwelt. Die Pf\u00e4hle sind gesch\u00e4lt und angespitzt, aber behalten ansonsten ihre nat\u00fcrliche Form. Deswegen ist ein Zaunpfahl aus Kastanie auch nicht immer ganz gerade.<\/p>\n<p>Diese Zaunpf\u00e4hle aus Kastanie sind in verschiedenen L\u00e4ngen verf\u00fcgbar. Bei einer L\u00e4nge von mehr als 300 cm sind die Pf\u00e4hle standardm\u00e4\u00dfig nicht mehr angespitzt.<\/p>\n<p><img decoding=\"async\" class=\"alignnone size-medium wp-image-39944\" src=\"https:\/\/adequat.eu\/de\/wp-content\/uploads\/sites\/3\/2025\/09\/Kastanienpfahl-pfosten-edelkastanie-992x662.jpg\" alt=\"Kastanienpfahl Pfosten Edelkastanie\" width=\"992\" height=\"662\" srcset=\"https:\/\/adequat.eu\/de\/wp-content\/uploads\/sites\/3\/2025\/09\/Kastanienpfahl-pfosten-edelkastanie-992x662.jpg 992w, https:\/\/adequat.eu\/de\/wp-content\/uploads\/sites\/3\/2025\/09\/Kastanienpfahl-pfosten-edelkastanie-1200x801.jpg 1200w, https:\/\/adequat.eu\/de\/wp-content\/uploads\/sites\/3\/2025\/09\/Kastanienpfahl-pfosten-edelkastanie-384x256.jpg 384w, https:\/\/adequat.eu\/de\/wp-content\/uploads\/sites\/3\/2025\/09\/Kastanienpfahl-pfosten-edelkastanie-576x384.jpg 576w, https:\/\/adequat.eu\/de\/wp-content\/uploads\/sites\/3\/2025\/09\/Kastanienpfahl-pfosten-edelkastanie-768x512.jpg 768w, https:\/\/adequat.eu\/de\/wp-content\/uploads\/sites\/3\/2025\/09\/Kastanienpfahl-pfosten-edelkastanie-800x534.jpg 800w, https:\/\/adequat.eu\/de\/wp-content\/uploads\/sites\/3\/2025\/09\/Kastanienpfahl-pfosten-edelkastanie.jpg 1920w\" sizes=\"(max-width: 992px) 100vw, 992px\" \/><\/p>\n","protected":false},"excerpt":{"rendered":"<p>Der Zaunpfahl Kastanie \u00d8 7\/9 cm ist ein Rundholzpfahl aus langlebigem, nat\u00fcrlichem Kastanienholz. Der Pfahl hat einen Durchmesser von ungef\u00e4hr 8 Zentimetern und einen Umfang&#8230;<\/p>\n","protected":false},"featured_media":6376,"comment_status":"closed","ping_status":"closed","template":"","meta":{"_acf_changed":false,"inline_featured_image":false,"_trash_the_other_posts":false,"ep_exclude_from_search":false,"iawp_total_views":16111,"editor_notices":[]},"product_brand":[],"product_cat":[255,522,520,519,263,492,478,479,480,481,517,518,523,516,521],"product_tag":[],"class_list":{"0":"post-8789","1":"product","2":"type-product","3":"status-publish","4":"has-post-thumbnail","6":"product_cat-kastanienpfaehle-kastanienpfosten","7":"product_cat-alpakazaun","8":"product_cat-gefluegelzaun","9":"product_cat-hasenzaun","10":"product_cat-holzpfaehle-holzpfosten","11":"product_cat-holzpfaehle-200-cm","12":"product_cat-holzpfaehle-300-cm","13":"product_cat-holzpfaehle-400-cm","14":"product_cat-holzpfaehle-500-cm","15":"product_cat-holzpfaehle-600-cm","16":"product_cat-huenerzaun","17":"product_cat-hundezaun","18":"product_cat-pferdezaun","19":"product_cat-schafzaun","20":"product_cat-wildzaun","22":"first","23":"instock","24":"shipping-taxable","25":"purchasable","26":"product-type-variable","27":"has-default-attributes"},"composite_virtual":false,"composite_layout":"","composite_add_to_cart_form_location":"","composite_editable_in_cart":false,"composite_sold_individually_context":"","composite_shop_price_calc":"","composite_components":[],"composite_scenarios":[],"acf":[],"_links":{"self":[{"href":"https:\/\/adequat.eu\/de\/wp-json\/wp\/v2\/product\/8789","targetHints":{"allow":["GET"]}}],"collection":[{"href":"https:\/\/adequat.eu\/de\/wp-json\/wp\/v2\/product"}],"about":[{"href":"https:\/\/adequat.eu\/de\/wp-json\/wp\/v2\/types\/product"}],"replies":[{"embeddable":true,"href":"https:\/\/adequat.eu\/de\/wp-json\/wp\/v2\/comments?post=8789"}],"wp:featuredmedia":[{"embeddable":true,"href":"https:\/\/adequat.eu\/de\/wp-json\/wp\/v2\/media\/6376"}],"wp:attachment":[{"href":"https:\/\/adequat.eu\/de\/wp-json\/wp\/v2\/media?parent=8789"}],"wp:term":[{"taxonomy":"product_brand","embeddable":true,"href":"https:\/\/adequat.eu\/de\/wp-json\/wp\/v2\/product_brand?post=8789"},{"taxonomy":"product_cat","embeddable":true,"href":"https:\/\/adequat.eu\/de\/wp-json\/wp\/v2\/product_cat?post=8789"},{"taxonomy":"product_tag","embeddable":true,"href":"https:\/\/adequat.eu\/de\/wp-json\/wp\/v2\/product_tag?post=8789"}],"curies":[{"name":"wp","href":"https:\/\/api.w.org\/{rel}","templated":true}]}}