{"id":8791,"date":"2016-10-13T15:12:10","date_gmt":"2016-10-13T13:12:10","guid":{"rendered":"https:\/\/adequat.eu\/de\/product\/kastanienpfosten-kastanie-pfosten\/"},"modified":"2026-04-02T12:35:53","modified_gmt":"2026-04-02T10:35:53","slug":"kastanienpfosten-kastanie-pfosten","status":"publish","type":"product","link":"https:\/\/adequat.eu\/de\/produkt\/holzpfaehle-holzpfosten\/kastanienpfaehle-kastanienpfosten\/kastanienpfosten-kastanie-pfosten\/","title":{"rendered":"Kastanienpfosten \u00f8 13\/16 cm"},"content":{"rendered":"<p>Der Kastanienpfosten in der Gr\u00f6\u00dfe \u00d8 13\/16 ist ein Rundholzpfahl aus langlebigem, nat\u00fcrlichem Kastanienholz. Der Pfosten aus Kastanie hat einen Durchmesser von ungef\u00e4hr 15 cm und einen Umfang von ungef\u00e4hr 47 cm.<\/p>\n<p>Die Dicke der Pf\u00e4hle wird an der d\u00fcnnen Seite gemessen. Der Zaunpfahl aus Kastanie wird an der dicken Seite angespitzt. Ein Zaunpfahl aus Kastanie is nicht immer ganz gerade.<\/p>\n<p>Die Angabe \u00d813\/16 bedeutet, dass der Durchmesser des Pfahls zwischen 13\u00a0cm und 16\u00a0cm liegt. Der Durchmesser (auch Diameter genannt) ist quasi ein Querschnitt durch den Pfahl, also eine gerade Linie, die quer durch den Mittelpunkt des Pfahls geht.<\/p>\n<h2>Pfosten aus Kastanie: langlebige Kastanienpfosten<\/h2>\n<p>Kastanienpfosten sind von Natur aus langlebig. Durch die Gerbs\u00e4ure im Holz m\u00fcssen die Pfosten aus Kastanie nicht behandelt und gepflegt werden, denn sie sind schon von Natur aus gegen Feuchtigkeit gesch\u00fctzt. Daher ist die Verwendung von Kastanienpfosten auch sehr gut f\u00fcr die Umwelt. Die Pfosten sind gesch\u00e4lt und angespitzt, aber behalten ansonsten ihre nat\u00fcrliche Form. Deswegen ist ein Pfosten aus Kastanienholz auch nicht immer ganz gerade.<\/p>\n<p>Diese Kastanienpfosten werden oft f\u00fcr <a href=\"https:\/\/adequat.eu\/de\/projekte\/spielgerate-holz\/\">Spielger\u00e4te<\/a> und in Parks verwendet.<\/p>\n<p>Diese Kastanienpfosten sind in verschiedenen L\u00e4ngen verf\u00fcgbar.<\/p>\n<p><img decoding=\"async\" class=\"alignnone size-medium wp-image-39944\" src=\"https:\/\/adequat.eu\/de\/wp-content\/uploads\/sites\/3\/2025\/09\/Kastanienpfahl-pfosten-edelkastanie-992x662.jpg\" alt=\"Kastanienpfahl Pfosten Edelkastanie\" width=\"992\" height=\"662\" srcset=\"https:\/\/adequat.eu\/de\/wp-content\/uploads\/sites\/3\/2025\/09\/Kastanienpfahl-pfosten-edelkastanie-992x662.jpg 992w, https:\/\/adequat.eu\/de\/wp-content\/uploads\/sites\/3\/2025\/09\/Kastanienpfahl-pfosten-edelkastanie-1200x801.jpg 1200w, https:\/\/adequat.eu\/de\/wp-content\/uploads\/sites\/3\/2025\/09\/Kastanienpfahl-pfosten-edelkastanie-384x256.jpg 384w, https:\/\/adequat.eu\/de\/wp-content\/uploads\/sites\/3\/2025\/09\/Kastanienpfahl-pfosten-edelkastanie-576x384.jpg 576w, https:\/\/adequat.eu\/de\/wp-content\/uploads\/sites\/3\/2025\/09\/Kastanienpfahl-pfosten-edelkastanie-768x512.jpg 768w, https:\/\/adequat.eu\/de\/wp-content\/uploads\/sites\/3\/2025\/09\/Kastanienpfahl-pfosten-edelkastanie-800x534.jpg 800w, https:\/\/adequat.eu\/de\/wp-content\/uploads\/sites\/3\/2025\/09\/Kastanienpfahl-pfosten-edelkastanie.jpg 1920w\" sizes=\"(max-width: 992px) 100vw, 992px\" \/><\/p>\n","protected":false},"excerpt":{"rendered":"<p>Der Kastanienpfosten in der Gr\u00f6\u00dfe \u00d8 13\/16 ist ein Rundholzpfahl aus langlebigem, nat\u00fcrlichem Kastanienholz. Der Pfosten aus Kastanie hat einen Durchmesser von ungef\u00e4hr 15 cm&#8230;<\/p>\n","protected":false},"featured_media":6394,"comment_status":"closed","ping_status":"closed","template":"","meta":{"_acf_changed":false,"inline_featured_image":false,"_trash_the_other_posts":false,"ep_exclude_from_search":false,"iawp_total_views":9307,"editor_notices":[]},"product_brand":[],"product_cat":[255,263],"product_tag":[],"class_list":{"0":"post-8791","1":"product","2":"type-product","3":"status-publish","4":"has-post-thumbnail","6":"product_cat-kastanienpfaehle-kastanienpfosten","7":"product_cat-holzpfaehle-holzpfosten","9":"first","10":"instock","11":"shipping-taxable","12":"purchasable","13":"product-type-variable","14":"has-default-attributes"},"composite_virtual":false,"composite_layout":"","composite_add_to_cart_form_location":"","composite_editable_in_cart":false,"composite_sold_individually_context":"","composite_shop_price_calc":"","composite_components":[],"composite_scenarios":[],"acf":[],"_links":{"self":[{"href":"https:\/\/adequat.eu\/de\/wp-json\/wp\/v2\/product\/8791","targetHints":{"allow":["GET"]}}],"collection":[{"href":"https:\/\/adequat.eu\/de\/wp-json\/wp\/v2\/product"}],"about":[{"href":"https:\/\/adequat.eu\/de\/wp-json\/wp\/v2\/types\/product"}],"replies":[{"embeddable":true,"href":"https:\/\/adequat.eu\/de\/wp-json\/wp\/v2\/comments?post=8791"}],"wp:featuredmedia":[{"embeddable":true,"href":"https:\/\/adequat.eu\/de\/wp-json\/wp\/v2\/media\/6394"}],"wp:attachment":[{"href":"https:\/\/adequat.eu\/de\/wp-json\/wp\/v2\/media?parent=8791"}],"wp:term":[{"taxonomy":"product_brand","embeddable":true,"href":"https:\/\/adequat.eu\/de\/wp-json\/wp\/v2\/product_brand?post=8791"},{"taxonomy":"product_cat","embeddable":true,"href":"https:\/\/adequat.eu\/de\/wp-json\/wp\/v2\/product_cat?post=8791"},{"taxonomy":"product_tag","embeddable":true,"href":"https:\/\/adequat.eu\/de\/wp-json\/wp\/v2\/product_tag?post=8791"}],"curies":[{"name":"wp","href":"https:\/\/api.w.org\/{rel}","templated":true}]}}