{"id":8795,"date":"2016-10-14T09:54:37","date_gmt":"2016-10-14T07:54:37","guid":{"rendered":"https:\/\/adequat.eu\/de\/product\/staketenzaun-150-cm\/"},"modified":"2026-03-10T09:23:23","modified_gmt":"2026-03-10T08:23:23","slug":"staketenzaun-150-cm","status":"publish","type":"product","link":"https:\/\/adequat.eu\/de\/produkt\/kastanienzaun-naturzaun\/staketenzaun\/staketenzaun-150-cm\/","title":{"rendered":"Staketenzaun Kastanie 150 cm hoch"},"content":{"rendered":"<h2>Staketenzaun 150 cm hoch<\/h2>\n<ul>\n<li>Staketenzaun 150 cm hoch, w\u00e4hlbar mit einem Lattenabstand von 2 cm, 4 cm, 6 cm, 8 cm oder 10 cm. Dieser Kastanienzaun wird auf Rollen von 3 Meter (bei einem Lattenabstand von 2 cm), 5 Meter oder 10 Meter geliefert.<\/li>\n<li>Die Lieferzeit dieses Produktes kann etwas l\u00e4nger ausfallen als bei den niedrigeren Z\u00e4unen. (Nur 10% der H\u00f6lzer eignen sich n\u00e4mlich f\u00fcr die Herstellung von l\u00e4ngeren Latten.) Bitte kontaktieren Sie uns f\u00fcr weitere Informationen \u00fcber aktuelle Lieferzeiten.<\/li>\n<li>Achtung: Die Preise beziehen sich auf jeweils 10 Meter (au\u00dfer beim Lattenabstand von 2 cm; hier gilt der Preis dann je 3 Meter und kann nicht in halben Einheiten bestellt werden).<\/li>\n<li>F\u00fcr den 150 cm hohen Staketenzaun verwenden wir <a href=\"https:\/\/adequat.eu\/de\/produkt\/holzpfaehle-holzpfosten\/kastanienpfaehle-kastanienpfosten\/zaunpfahl-kastanie\/\">Pf\u00e4hle mit einem Durchmesser von \u00f8 7\/9<\/a> und einer L\u00e4nge von 200 cm oder Pf\u00e4hle mit einem Durchmesser von \u00f8 7\/9 und einer L\u00e4nge von 250 cm (abh\u00e4ngig vom Boden, in dem Sie den Zaun aufstellen m\u00f6chten). Wir empfehlen, alle 133 cm einen Pfahl aufzustellen. F\u00fcr die Start- und Endpunkte sowie die Ecken k\u00f6nnen Sie <a href=\"https:\/\/adequat.eu\/de\/produkt\/holzpfaehle-holzpfosten\/kastanienpfaehle-kastanienpfosten\/zaunpfosten-kastanie\/\">Pf\u00e4hle mit einem Durchmesser von \u00f8 10\/12<\/a> und 250 cm H\u00f6he verwenden. Wenn Sie den Zaun in sehr lockerem Boden aufstellen, k\u00f6nnen Sie erw\u00e4gen, die Start- und Endpunkte und Eckpf\u00e4hle durch Streben abst\u00fctzen. In diesem Fall ben\u00f6tigen Sie pro Pfahl \u00f8 10\/12 250 cm je zwei zus\u00e4tzliche Pf\u00e4hle mit den Ma\u00dfen \u00f8 7\/9 und 200 cm oder zwei zus\u00e4tzliche Pf\u00e4hle mit den Ma\u00dfen \u00f8 7\/9 und 250 cm (abh\u00e4ngig von der von Ihnen gew\u00e4hlten Lattenl\u00e4nge). Allerdings h\u00e4ngt dies nat\u00fcrlich von ihren W\u00fcnschen und den Gegebenheiten vor Ort ab.<\/li>\n<li>Sie k\u00f6nnen die Z\u00e4une ganz einfach miteinander verbinden. Bei Minute 1,20 im <a href=\"https:\/\/adequat.eu\/de\/installation-videos\/staketenzaun\/staketenzaun-aufbauen-holzzaun\/\">Video<\/a> wird genau erkl\u00e4rt, wie es geht.<\/li>\n<li>Staketenz\u00e4une mit einer H\u00f6he von 150 cm werden oft f\u00fcr die Umz\u00e4unung von Weideland oder als Umz\u00e4unung von Gehegen f\u00fcr gro\u00dfe Tiere verwendet. Bitte beachten Sie, dass sich zwischen den Latten ein Abstand befindet. Abh\u00e4ngig von den Tieren, deren Gehege Sie umz\u00e4unen m\u00f6chten, k\u00f6nnen Sie einen Drahtgitterzaun hinter den Staketenzaun setzen.<\/li>\n<li>Die H\u00f6he von 150cm wird zudem oft verwendet um unsch\u00f6ne Bereiche au\u00dfer Sichtweite zu halten, wie beispielsweise M\u00fclltonnen oder Misthaufen.<\/li>\n<li>Der Staketenzaun 150 cm hoch ist flexibel und l\u00e4sst sich einfach den Umrissen Ihres Grundst\u00fccks anpassen.<\/li>\n<li>Hier k\u00f6nnen Sie einige <a href=\"https:\/\/adequat.eu\/de\/projekte\/staketenzaun-projekte\/projekte-staketenzaun-150-cm\/\">Projekte<\/a> sehen, bei dem wir den 150 cm hohen Staketenzaun verwendet haben.<\/li>\n<li>Zaun-Konfigurator: Wenn Sie ausrechnen m\u00f6chten, wie viel Meter Staketenzaun 150 cm Sie ben\u00f6tigen, k\u00f6nnen Sie ganz unverbindlich unseren <a href=\"https:\/\/adequat.eu\/de\/zaunkonfigurator-zaun-berechnen\/\">Zaun-Konfigurator<\/a> f\u00fcr die Berechnung nutzen.\u00a0Alternativ k\u00f6nnen Sie hier unverbindlich ein auf Sie <a href=\"https:\/\/adequat.eu\/de\/angebot\/\">zugeschnittenes Angebot<\/a> anfordern.<\/li>\n<li>Es kann schon einmal passieren, dass eine Latte im Staketenzaun bricht. Das ist kein Problem! Sie k\u00f6nnen die Latte ganz einfach selbst austauschen. In <a href=\"https:\/\/www.youtube.com\/watch?v=lzg0GPjeYNk\" target=\"_blank\" rel=\"noopener\">diesem Video<\/a> zeigen wir Ihnen, wie es geht.<\/li>\n<li>Sie haben zudem die Wahl zwischen verschiedenen Lattenabst\u00e4nden. Damit ist der Abstand zwischen den einzelnen Zaunlatten gemeint, gemessen ab der ersten Umwicklung mit dem Eisendraht bis zur letzten Umwicklung vor der n\u00e4chsten Zaunlatte. Weil es sich bei den Staketenz\u00e4unen um nat\u00fcrlich geformte Latten handelt, ist der Abstand nicht immer genau der gleiche.<\/li>\n<\/ul>\n<div id='gallery-1' class='gallery galleryid-8795 gallery-columns-3 gallery-size-thumbnail'><figure class='gallery-item'>\n\t\t\t<div class='gallery-icon portrait'>\n\t\t\t\t<a href=\"https:\/\/adequat.eu\/de\/wp-content\/uploads\/sites\/3\/2020\/10\/lat-afstand-e1530193761112.jpg\"><img decoding=\"async\" width=\"150\" height=\"150\" src=\"https:\/\/adequat.eu\/de\/wp-content\/uploads\/sites\/3\/2020\/10\/lat-afstand-e1530193761112-150x150.jpg\" class=\"attachment-thumbnail size-thumbnail\" alt=\"\" aria-describedby=\"gallery-1-6328\" srcset=\"https:\/\/adequat.eu\/de\/wp-content\/uploads\/sites\/3\/2020\/10\/lat-afstand-e1530193761112-150x150.jpg 150w, https:\/\/adequat.eu\/de\/wp-content\/uploads\/sites\/3\/2020\/10\/lat-afstand-e1530193761112-100x100.jpg 100w\" sizes=\"(max-width: 150px) 100vw, 150px\" \/><\/a>\n\t\t\t<\/div>\n\t\t\t\t<figcaption class='wp-caption-text gallery-caption' id='gallery-1-6328'>\n\t\t\t\t4 cm gemessen ab der ersten Umwicklung mit dem Eisendraht bis zur letzten Umwicklung vor der n\u00e4chsten Zaunlatte\n\t\t\t\t<\/figcaption><\/figure><figure class='gallery-item'>\n\t\t\t<div class='gallery-icon portrait'>\n\t\t\t\t<a href=\"https:\/\/adequat.eu\/de\/wp-content\/uploads\/sites\/3\/2020\/10\/lat-afstand-wikkeling-e1530193631697.jpg\"><img decoding=\"async\" width=\"150\" height=\"150\" src=\"https:\/\/adequat.eu\/de\/wp-content\/uploads\/sites\/3\/2020\/10\/lat-afstand-wikkeling-e1530193631697-150x150.jpg\" class=\"attachment-thumbnail size-thumbnail\" alt=\"\" aria-describedby=\"gallery-1-6329\" srcset=\"https:\/\/adequat.eu\/de\/wp-content\/uploads\/sites\/3\/2020\/10\/lat-afstand-wikkeling-e1530193631697-150x150.jpg 150w, https:\/\/adequat.eu\/de\/wp-content\/uploads\/sites\/3\/2020\/10\/lat-afstand-wikkeling-e1530193631697-100x100.jpg 100w\" sizes=\"(max-width: 150px) 100vw, 150px\" \/><\/a>\n\t\t\t<\/div>\n\t\t\t\t<figcaption class='wp-caption-text gallery-caption' id='gallery-1-6329'>\n\t\t\t\t5,5 cm zwisschen der Zaunlatten\n\t\t\t\t<\/figcaption><\/figure>\n\t\t<\/div>\n\n<h2>Aufbau: Staketenzaun 150 cm<\/h2>\n<p>Den Rollzaun aus Kastanie k\u00f6nnen Sie ganz einfach selbst aufstellen. Daf\u00fcr haben wir hilfreiche Videos und Anleitungen f\u00fcr Sie erstellt. Bei Fragen k\u00f6nnen Sie uns selbstverst\u00e4ndlich jederzeit erreichen.<\/p>\n<p><strong><a href=\"https:\/\/adequat.eu\/de\/installation-videos\/staketenzaun\/staketenzaun-aufbauen-holzzaun\/\">\u27ae Video-Anleitung: Aufbau<\/a><\/strong><\/p>\n<p><strong><a href=\"https:\/\/adequat.eu\/de\/installation-videos\/staketenzaun\/staketenzaun-aufstellen-anleitung\/\">\u27ae Komplette Anleitung<\/a><\/strong><\/p>\n<h5>Welche Schrauben?<\/h5>\n<p>Wir raten dazu, den Staketenzaun mit <a href=\"https:\/\/adequat.eu\/de\/produkt\/holzprodukte-2\/befestigungsmaterialien\/schrauben-edelstahl-holz\/\">Schrauben aus rostfreiem Edelstahl 4,5 x 60 mm<\/a>\u00a0an den Pfosten zu befestigen. Damit fixieren Sie die Staketen am Pfosten und verhindern, dass der Zaun sich \u2019durchh\u00e4ngen\u2019 kann. Mit Klammern hingegen w\u00fcrde ein kleiner Spielraum bleiben. Wenn Sie trotzdem Klammern bevorzugen, sollten Sie in jedem Fall Klammern aus rostfreiem Edelstahl oder verzinkte Klammern verwenden. Die Gerbs\u00e4ure im Holz greift das Metall an und kann schwarze Flecken hinterlassen. Wenn Sie Schrauben verwenden, k\u00f6nnen Sie den <a href=\"https:\/\/adequat.eu\/de\/produkte\/kastanienzaun-naturzaun\/staketenzaun\/\">Staketenzaun<\/a> auch wieder einfacher vom Pfosten abmontieren, z.B. wenn Sie den Zaun woanders wieder aufstellen m\u00f6chten.<\/p>\n<h5>Staketenzaun aufbauen lassen<\/h5>\n<p>Sie k\u00f6nnen den Aufbau auch von einem Garten- und Landschaftsbau-Betrieb durchf\u00fchren lassen. <a href=\"https:\/\/adequat.eu\/de\/zaunaufbau-vom-profi\/\">Hier<\/a> finden Sie eine \u00dcbersicht von Firmen, die hochwertige Staketenz\u00e4une bei uns bestellen und diese bei Ihnen im Garten aufbauen.<\/p>\n","protected":false},"excerpt":{"rendered":"<p>Staketenzaun 150 cm hoch Staketenzaun 150 cm hoch, w\u00e4hlbar mit einem Lattenabstand von 2 cm, 4 cm, 6 cm, 8 cm oder 10 cm. Dieser&#8230;<\/p>\n","protected":false},"featured_media":6446,"comment_status":"closed","ping_status":"closed","template":"","meta":{"_acf_changed":false,"inline_featured_image":false,"_trash_the_other_posts":false,"ep_exclude_from_search":false,"iawp_total_views":7838,"editor_notices":[]},"product_brand":[],"product_cat":[248,522,427,520,462,246,420,735,517,518,523,521],"product_tag":[],"class_list":{"0":"post-8795","1":"product","2":"type-product","3":"status-publish","4":"has-post-thumbnail","6":"product_cat-staketenzaun","7":"product_cat-alpakazaun","8":"product_cat-bauernzaun","9":"product_cat-gefluegelzaun","10":"product_cat-holzlattenzaun","11":"product_cat-kastanienzaun-naturzaun","12":"product_cat-holzzaun","13":"product_cat-150-cm-holzzaun","14":"product_cat-huenerzaun","15":"product_cat-hundezaun","16":"product_cat-pferdezaun","17":"product_cat-wildzaun","19":"first","20":"instock","21":"shipping-taxable","22":"purchasable","23":"product-type-variable","24":"has-default-attributes"},"composite_virtual":false,"composite_layout":"","composite_add_to_cart_form_location":"","composite_editable_in_cart":false,"composite_sold_individually_context":"","composite_shop_price_calc":"","composite_components":[],"composite_scenarios":[],"acf":[],"_links":{"self":[{"href":"https:\/\/adequat.eu\/de\/wp-json\/wp\/v2\/product\/8795","targetHints":{"allow":["GET"]}}],"collection":[{"href":"https:\/\/adequat.eu\/de\/wp-json\/wp\/v2\/product"}],"about":[{"href":"https:\/\/adequat.eu\/de\/wp-json\/wp\/v2\/types\/product"}],"replies":[{"embeddable":true,"href":"https:\/\/adequat.eu\/de\/wp-json\/wp\/v2\/comments?post=8795"}],"wp:featuredmedia":[{"embeddable":true,"href":"https:\/\/adequat.eu\/de\/wp-json\/wp\/v2\/media\/6446"}],"wp:attachment":[{"href":"https:\/\/adequat.eu\/de\/wp-json\/wp\/v2\/media?parent=8795"}],"wp:term":[{"taxonomy":"product_brand","embeddable":true,"href":"https:\/\/adequat.eu\/de\/wp-json\/wp\/v2\/product_brand?post=8795"},{"taxonomy":"product_cat","embeddable":true,"href":"https:\/\/adequat.eu\/de\/wp-json\/wp\/v2\/product_cat?post=8795"},{"taxonomy":"product_tag","embeddable":true,"href":"https:\/\/adequat.eu\/de\/wp-json\/wp\/v2\/product_tag?post=8795"}],"curies":[{"name":"wp","href":"https:\/\/api.w.org\/{rel}","templated":true}]}}