{"id":8798,"date":"2016-10-14T10:20:12","date_gmt":"2016-10-14T08:20:12","guid":{"rendered":"https:\/\/adequat.eu\/de\/product\/staketen-latten-einzeln\/"},"modified":"2025-12-16T17:18:42","modified_gmt":"2025-12-16T16:18:42","slug":"staketen-latten-einzeln","status":"publish","type":"product","link":"https:\/\/adequat.eu\/de\/produkt\/holzprodukte\/staketen-aus-kastanie\/staketen-latten-einzeln\/","title":{"rendered":"Staketen Latten einzeln"},"content":{"rendered":"<h2>Einzelne Staketen aus Kastanie<\/h2>\n<p>Einzelne Staketen aus Kastanie werden vor allem f\u00fcr dekorative Zwecke verwendet. Die Staketen-Latten aus Kastanienholz haben eine dreieckige Form und sind ges\u00e4gt.<\/p>\n<p>Eine Stakete hat ungef\u00e4hr die Gr\u00f6\u00dfe eines Viertels eines Kastanienpfahls mit einem Durchmesser von 4 bis 6 cm.<\/p>\n<p>Kastanienholz ist von Natur aus gegen Witterungseinfl\u00fcsse und Schimmel gesch\u00fctzt und muss daher nicht extra behandelt werden. Im Laufe der Zeit nimmt Kastanienholz eine nat\u00fcrliche, edle grau-silbrige F\u00e4rbung an.<\/p>\n<p>Die Staketen haben eine kantige Form.<\/p>\n<h2>L\u00e4ngenma\u00dfe: Einzelne Staketen<\/h2>\n<p>Die Staketen sind in verschiedenen L\u00e4ngenma\u00dfen erh\u00e4ltlich.<\/p>\n<p>Die L\u00e4ngen 50 cm, 80 cm, 100 cm, 120 cm, 150 cm, 175 cm und 200 cm haben wir standardm\u00e4\u00dfig auf Lager.<br \/>\nAuch unsere fertige <a href=\"https:\/\/adequat.eu\/de\/produkte\/kastanienzaun-naturzaun\/staketenzaun\/\">Staketenz\u00e4une<\/a> haben wir in vielen verschiedenen Ausf\u00fchrungen auf Lager.<\/p>\n<p>&nbsp;<\/p>\n","protected":false},"excerpt":{"rendered":"<p>Einzelne Staketen aus Kastanie Einzelne Staketen aus Kastanie werden vor allem f\u00fcr dekorative Zwecke verwendet. Die Staketen-Latten aus Kastanienholz haben eine dreieckige Form und sind&#8230;<\/p>\n","protected":false},"featured_media":6465,"comment_status":"closed","ping_status":"closed","template":"","meta":{"_acf_changed":false,"inline_featured_image":false,"_trash_the_other_posts":false,"ep_exclude_from_search":false,"iawp_total_views":3256,"editor_notices":[]},"product_brand":[],"product_cat":[348,266],"product_tag":[],"class_list":{"0":"post-8798","1":"product","2":"type-product","3":"status-publish","4":"has-post-thumbnail","6":"product_cat-staketen-aus-kastanie","7":"product_cat-holzprodukte","9":"first","10":"instock","11":"shipping-taxable","12":"purchasable","13":"product-type-variable","14":"has-default-attributes"},"composite_virtual":false,"composite_layout":"","composite_add_to_cart_form_location":"","composite_editable_in_cart":false,"composite_sold_individually_context":"","composite_shop_price_calc":"","composite_components":[],"composite_scenarios":[],"acf":[],"_links":{"self":[{"href":"https:\/\/adequat.eu\/de\/wp-json\/wp\/v2\/product\/8798","targetHints":{"allow":["GET"]}}],"collection":[{"href":"https:\/\/adequat.eu\/de\/wp-json\/wp\/v2\/product"}],"about":[{"href":"https:\/\/adequat.eu\/de\/wp-json\/wp\/v2\/types\/product"}],"replies":[{"embeddable":true,"href":"https:\/\/adequat.eu\/de\/wp-json\/wp\/v2\/comments?post=8798"}],"wp:featuredmedia":[{"embeddable":true,"href":"https:\/\/adequat.eu\/de\/wp-json\/wp\/v2\/media\/6465"}],"wp:attachment":[{"href":"https:\/\/adequat.eu\/de\/wp-json\/wp\/v2\/media?parent=8798"}],"wp:term":[{"taxonomy":"product_brand","embeddable":true,"href":"https:\/\/adequat.eu\/de\/wp-json\/wp\/v2\/product_brand?post=8798"},{"taxonomy":"product_cat","embeddable":true,"href":"https:\/\/adequat.eu\/de\/wp-json\/wp\/v2\/product_cat?post=8798"},{"taxonomy":"product_tag","embeddable":true,"href":"https:\/\/adequat.eu\/de\/wp-json\/wp\/v2\/product_tag?post=8798"}],"curies":[{"name":"wp","href":"https:\/\/api.w.org\/{rel}","templated":true}]}}