{"id":8800,"date":"2016-11-08T16:08:35","date_gmt":"2016-11-08T15:08:35","guid":{"rendered":"https:\/\/adequat.eu\/de\/product\/sichtschutz-haselnuss-guenstig-kaufen\/"},"modified":"2025-02-13T12:27:39","modified_gmt":"2025-02-13T11:27:39","slug":"sichtschutz-haselnuss-guenstig-kaufen","status":"publish","type":"product","link":"https:\/\/adequat.eu\/de\/produkt\/sichtschutz-holz\/sichtschutz-haselnuss-haselnusszaun\/sichtschutz-haselnuss-guenstig-kaufen\/","title":{"rendered":"Haselnusszaun Loire 3 &#8211; 180 x 75 cm"},"content":{"rendered":"<p>Der Sichtschutz aus Haselnuss \u201eLoire 3\u201c in der Gr\u00f6\u00dfe 1,80 m Breite x 0,75 m H\u00f6he ist vertikal geflochten und wird gebrauchsfertig geliefert. Sie k\u00f6nnen den Haselnuss Sichtschutz ganz einfach mit Hilfe von Pf\u00e4hlen und Schrauben aus rostfreiem Edelstahl befestigen. Daf\u00fcr empfehlen wir Ihnen <a href=\"https:\/\/adequat.eu\/de\/produkt\/holzprodukte-2\/befestigungsmaterialien\/schrauben-edelstahl-holz\/\">Schrauben in den Gr\u00f6\u00dfen 6 mm x 120 mm oder 6 mm x 140 mm<\/a>.<\/p>\n<p>Mit dem Haselnuss Sichtschutz\u201eLoire 3\u201c k\u00f6nnen Sie Ihren Garten auf einfache Art und Weise effektiv umz\u00e4unen. Die geflochtene Wand aus Haselnuss eignet sich zudem perfekt, um unsch\u00f6ne W\u00e4nde oder Objekte abzuschirmen.<\/p>\n<p>Der vertikal geflochtene Sichtschutz aus Haselnuss in dieser Gr\u00f6\u00dfe wird oft verwendet, um Bereiche abzugrenzen oder Gem\u00fcseg\u00e4rten einzuz\u00e4unen. Der Haselnuss Sichtschutz \u201eLoire 3\u201c h\u00e4lt normalerweise 6 bis 8 Jahre lang.<\/p>\n<p>Wenn Sie kleine Kinder haben, die gern im Garten Fu\u00dfball spielen, sollten Sie damit rechnen, dass die Zweige im Laufe der Zeit etwas br\u00fcchig werden k\u00f6nnen. Wenn der Sichtschutz wirklich viel aushalten muss, k\u00f6nnen die Zweige auch besch\u00e4digt werden oder sogar abbrechen.<\/p>\n<h2>Sichtschutz aus Haselnuss 180 x 75 cm befestigen<\/h2>\n<p>Das Befestigen vom Haselnuss Sichtschutz ist ganz einfach. Sie k\u00f6nnen die Pf\u00e4hle entweder zwischen den Sichtschutzelementen aufstellen oder dahinter. Bei der Platzierung zwischen den Haselnuss-Sichtschutz-Elementen ben\u00f6tigen Sie genauso viele Pf\u00e4hle wie Sichtschutzelemente, + 1 Pfahl. Wenn Sie die Pf\u00e4hle hinter dem Sichtschutz aus Haselnuss aufstellen m\u00f6chten, ben\u00f6tigen Sie zwei Pf\u00e4hle pro Sichtschutzelement. Zu dem Haselnuss Sichtschutz in dieser Gr\u00f6\u00dfe empfehlen wir Ihnen\u00a0<a href=\"https:\/\/adequat.eu\/de\/produkte\/holzpfaehle-holzpfosten\/kastanienpfaehle-kastanienpfosten\/\"><u>Pf\u00e4hle aus Kastanienholz in den Durchmessern 7\/9 oder 10\/12<\/u><\/a>.<\/p>\n<h2>Sichtschutz Haselnuss Rahmen<\/h2>\n<p>Wenn Sie m\u00f6chten, k\u00f6nnen Sie nat\u00fcrlich auch einen Rahmen aus Holz oder aus einem anderen Material anfertigen, in dem Sie die einzelnen Elemente des Haselnuss-Sichtschutzes platzieren.<\/p>\n<p>Der Sichtschutz aus Haselnuss \u201eLoire 3\u201c ist vertikal geflochten, kann aber auch horizontal aufgestellt bzw. befestigt werden.<\/p>\n","protected":false},"excerpt":{"rendered":"<p>Der Sichtschutz aus Haselnuss \u201eLoire 3\u201c in der Gr\u00f6\u00dfe 1,80 m Breite x 0,75 m H\u00f6he ist vertikal geflochten und wird gebrauchsfertig geliefert. Sie k\u00f6nnen&#8230;<\/p>\n","protected":false},"featured_media":6475,"comment_status":"closed","ping_status":"closed","template":"","meta":{"_acf_changed":false,"inline_featured_image":false,"_trash_the_other_posts":false,"ep_exclude_from_search":false,"iawp_total_views":600,"editor_notices":[]},"product_brand":[],"product_cat":[256,473,514,259],"product_tag":[],"class_list":{"0":"post-8800","1":"product","2":"type-product","3":"status-publish","4":"has-post-thumbnail","6":"product_cat-sichtschutz-haselnuss-haselnusszaun","7":"product_cat-flechtzaun","8":"product_cat-garten","9":"product_cat-sichtschutz-holz","11":"first","12":"instock","13":"shipping-taxable","14":"purchasable","15":"product-type-simple"},"composite_virtual":false,"composite_layout":"","composite_add_to_cart_form_location":"","composite_editable_in_cart":false,"composite_sold_individually_context":"","composite_shop_price_calc":"","composite_components":[],"composite_scenarios":[],"acf":[],"_links":{"self":[{"href":"https:\/\/adequat.eu\/de\/wp-json\/wp\/v2\/product\/8800","targetHints":{"allow":["GET"]}}],"collection":[{"href":"https:\/\/adequat.eu\/de\/wp-json\/wp\/v2\/product"}],"about":[{"href":"https:\/\/adequat.eu\/de\/wp-json\/wp\/v2\/types\/product"}],"replies":[{"embeddable":true,"href":"https:\/\/adequat.eu\/de\/wp-json\/wp\/v2\/comments?post=8800"}],"wp:featuredmedia":[{"embeddable":true,"href":"https:\/\/adequat.eu\/de\/wp-json\/wp\/v2\/media\/6475"}],"wp:attachment":[{"href":"https:\/\/adequat.eu\/de\/wp-json\/wp\/v2\/media?parent=8800"}],"wp:term":[{"taxonomy":"product_brand","embeddable":true,"href":"https:\/\/adequat.eu\/de\/wp-json\/wp\/v2\/product_brand?post=8800"},{"taxonomy":"product_cat","embeddable":true,"href":"https:\/\/adequat.eu\/de\/wp-json\/wp\/v2\/product_cat?post=8800"},{"taxonomy":"product_tag","embeddable":true,"href":"https:\/\/adequat.eu\/de\/wp-json\/wp\/v2\/product_tag?post=8800"}],"curies":[{"name":"wp","href":"https:\/\/api.w.org\/{rel}","templated":true}]}}