{"id":8805,"date":"2016-11-08T16:34:15","date_gmt":"2016-11-08T15:34:15","guid":{"rendered":"https:\/\/adequat.eu\/de\/product\/haselnuss-sichtschutz-zaun\/"},"modified":"2026-02-26T15:52:54","modified_gmt":"2026-02-26T14:52:54","slug":"haselnuss-sichtschutz-zaun","status":"publish","type":"product","link":"https:\/\/adequat.eu\/de\/produkt\/sichtschutz-holz\/sichtschutz-haselnuss-haselnusszaun\/haselnuss-sichtschutz-zaun\/","title":{"rendered":"Haselnusszaun Somme 2 &#8211; 150 x 150 cm"},"content":{"rendered":"<p>Der Haselnuss Sichtschutz \u201eSomme 2\u201c in der Gr\u00f6\u00dfe 1,50 m Breite\u00a0 x 1,50 m H\u00f6he ist waagerecht geflochten und wird gebrauchsfertig geliefert. Sie k\u00f6nnen den Haselnuss Sichtschutz Zaun ganz einfach mit Hilfe von Pf\u00e4hlen und Schrauben aus rostfreiem Edelstahl befestigen. Daf\u00fcr empfehlen wir Ihnen <a href=\"https:\/\/adequat.eu\/de\/produkt\/holzprodukte-2\/befestigungsmaterialien\/schrauben-edelstahl-holz\/\">Schrauben in den Gr\u00f6\u00dfen 6 mm x 120 mm oder 6 mm x 140 mm<\/a>.<\/p>\n<p>Mit dem Sichtschutz Zaun \u201eSomme 2\u201c k\u00f6nnen Sie Ihren Garten auf einfache Art und Weise effektiv umz\u00e4unen. Er eignet sich zudem perfekt, um unsch\u00f6ne W\u00e4nde oder Objekte abzuschirmen. Der Haselnuss Sichtschutz h\u00e4lt normalerweise 6 bis 8 Jahre lang.<\/p>\n<p>Wenn Sie kleine Kinder haben, die gern im Garten Fu\u00dfball spielen, sollten Sie damit rechnen, dass die Zweige im Laufe der Zeit etwas br\u00fcchig werden k\u00f6nnen. Wenn der Haselnuss Sichtschutz Zaun wirklich viel aushalten muss, k\u00f6nnen die Zweige auch besch\u00e4digt werden oder sogar abbrechen.<\/p>\n<h2>Haselnuss Sichtschutz 150 x 150 aufstellen<\/h2>\n<p>Der Haselnusszaun Flechtzaun l\u00e4sst sich ganz einfach befestigen. Sie k\u00f6nnen die Pf\u00e4hle entweder zwischen den Flechtzaunelementen aufstellen oder dahinter. Bei der Platzierung zwischen den einzelnen Elementen ben\u00f6tigen Sie genauso viele Pf\u00e4hle wie Elemente, + 1 Pfahl.<\/p>\n<p>Sie k\u00f6nnen den Haselnusszaun (vor allen Dingen die horizontal geflochtenen Sichtschutzelemente) auch gut zwischen den Pf\u00e4hlen aufstellen. In diesem Fall sollten Sie genauso viel Pf\u00e4hle wie Sichtschutzelemente bestellen, plus einen zus\u00e4tzlichen Pfahl. Danach schrauben Sie die Dachlatten auf die Rundholzpf\u00e4hle und schieben den Haselnusszaun dar\u00fcber. Jetzt wird der Haselnusszaun mit Schrauben an den Dachlatten befestigt. Sie sehen anschlie\u00dfend nichts mehr von den Dachlatten und haben einen sch\u00f6nen, geradestehenden Haselnusszaun, der an beiden Seiten sch\u00f6n aussieht. Perfekt, wenn Sie Ihren Zaun mit einem Nachbarn teilen.<\/p>\n<p>Wenn Sie die Pf\u00e4hle hinter dem Haselnuss-Flechtzaun aufstellen m\u00f6chten, ben\u00f6tigen Sie zwei Pf\u00e4hle pro Element. Passend zu dem Haselnuss-Flechtzaun in dieser Gr\u00f6\u00dfe empfehlen wir Ihnen <a href=\"https:\/\/adequat.eu\/de\/produkte\/holzpfaehle-holzpfosten\/kastanienpfaehle-kastanienpfosten\/\">Pf\u00e4hle aus Kastanienholz in den Durchmessern 7\/9 oder 10\/12<\/a>.<\/p>\n<h2>Haselnuss Sichtschutz Zaun Rahmen<\/h2>\n<p>Wenn Sie m\u00f6chten, k\u00f6nnen Sie nat\u00fcrlich auch einen Rahmen aus Holz oder aus einem anderen Material anfertigen, in dem Sie den Haselnuss Sichtschutz platzieren.<\/p>\n<p>Der Haselnuss Sichtschutz Zaun \u201eSomme 2\u201c ist waagerecht geflochten, kann aber auch vertikal aufgestellt werden.<\/p>\n","protected":false},"excerpt":{"rendered":"<p>Der Haselnuss Sichtschutz \u201eSomme 2\u201c in der Gr\u00f6\u00dfe 1,50 m Breite\u00a0 x 1,50 m H\u00f6he ist waagerecht geflochten und wird gebrauchsfertig geliefert. Sie k\u00f6nnen den&#8230;<\/p>\n","protected":false},"featured_media":6487,"comment_status":"closed","ping_status":"closed","template":"","meta":{"_acf_changed":false,"inline_featured_image":false,"_trash_the_other_posts":false,"ep_exclude_from_search":false,"iawp_total_views":1372,"editor_notices":[]},"product_brand":[],"product_cat":[256,473,514,259],"product_tag":[],"class_list":{"0":"post-8805","1":"product","2":"type-product","3":"status-publish","4":"has-post-thumbnail","6":"product_cat-sichtschutz-haselnuss-haselnusszaun","7":"product_cat-flechtzaun","8":"product_cat-garten","9":"product_cat-sichtschutz-holz","11":"first","12":"instock","13":"shipping-taxable","14":"purchasable","15":"product-type-simple"},"composite_virtual":false,"composite_layout":"","composite_add_to_cart_form_location":"","composite_editable_in_cart":false,"composite_sold_individually_context":"","composite_shop_price_calc":"","composite_components":[],"composite_scenarios":[],"acf":[],"_links":{"self":[{"href":"https:\/\/adequat.eu\/de\/wp-json\/wp\/v2\/product\/8805","targetHints":{"allow":["GET"]}}],"collection":[{"href":"https:\/\/adequat.eu\/de\/wp-json\/wp\/v2\/product"}],"about":[{"href":"https:\/\/adequat.eu\/de\/wp-json\/wp\/v2\/types\/product"}],"replies":[{"embeddable":true,"href":"https:\/\/adequat.eu\/de\/wp-json\/wp\/v2\/comments?post=8805"}],"wp:featuredmedia":[{"embeddable":true,"href":"https:\/\/adequat.eu\/de\/wp-json\/wp\/v2\/media\/6487"}],"wp:attachment":[{"href":"https:\/\/adequat.eu\/de\/wp-json\/wp\/v2\/media?parent=8805"}],"wp:term":[{"taxonomy":"product_brand","embeddable":true,"href":"https:\/\/adequat.eu\/de\/wp-json\/wp\/v2\/product_brand?post=8805"},{"taxonomy":"product_cat","embeddable":true,"href":"https:\/\/adequat.eu\/de\/wp-json\/wp\/v2\/product_cat?post=8805"},{"taxonomy":"product_tag","embeddable":true,"href":"https:\/\/adequat.eu\/de\/wp-json\/wp\/v2\/product_tag?post=8805"}],"curies":[{"name":"wp","href":"https:\/\/api.w.org\/{rel}","templated":true}]}}