{"id":8808,"date":"2016-11-15T14:28:01","date_gmt":"2016-11-15T13:28:01","guid":{"rendered":"https:\/\/adequat.eu\/de\/product\/sichtschutz\/"},"modified":"2026-04-16T15:55:18","modified_gmt":"2026-04-16T13:55:18","slug":"stakenzaun-sichtschutz-100-cm-hoch","status":"publish","type":"product","link":"https:\/\/adequat.eu\/de\/produkt\/kastanienzaun-naturzaun\/staketenzaun\/staketenzaun-halbrunde-latten-kastanie-100-cm-hoch\/","title":{"rendered":"Staketenzaun halbrunde Latten Kastanie 100 cm hoch"},"content":{"rendered":"<h2>Staketenzaun mit halbrunden Latten<\/h2>\n<p>H\u00f6he: 100 cm; Lattenabstand: 2 cm; Rolle: 5 m<\/p>\n<p>Material: Edelkastanie; Lattenform: halbrund<\/p>\n<p>Bei diesem Staketenzaun handelt es sich um eine <strong>besondere Ausf\u00fchrung<\/strong>, denn die Latten aus <strong>Edelkastanie<\/strong> sind <strong>halbrund<\/strong>. Dadurch wirkt der Zaun gleichm\u00e4\u00dfiger.<\/p>\n<p>Die Latten sind nicht gespalten, wie bei unseren franz\u00f6sischen Kastanienz\u00e4unen, sondern bestehen aus einem Rundholz, das in zwei zwei H\u00e4lften ges\u00e4gte wurde. Dadurch entsteht ein klassischer, traditioneller und hochwertiger Look.<\/p>\n<h2>Dichter Staketenzaun mit 2 cm Lattenabstand<\/h2>\n<p>Durch den sehr geringen <strong>Lattenabstand von nur 2 cm<\/strong> ist der Staketenzaun besonders <strong>dicht<\/strong> und hat daher eine <strong>lichtdurchl\u00e4ssige Sichtschutz-Funktion<\/strong>.<\/p>\n<p>Die halbrunden Latten sind durch einen hochwertigen galvanisierten Eisendraht miteinander verbunden. Dieser Staketenzaun wird aufgerollt auf Rollen \u00e0 je 5 Meter geliefert. Die Rollen lassen sich durch den Draht ganz einfach miteinander verbinden.<\/p>\n<p>Der Staketenzaun wird mit Schrauben ganz einfach an <a href=\"https:\/\/adequat.eu\/de\/produkte\/holzpfaehle-holzpfosten\/\"><strong>Holzpf\u00e4hlen<\/strong><\/a>\u00a0befestigt. Der Aufbau ist kinderleicht!<\/p>\n<h5><strong>Nat\u00fcrlich, nachhaltig und langlebig:<\/strong><\/h5>\n<ul>\n<li>Der Staketenzaun besteht aus witterungsfestem Kastanienholz <strong><a href=\"https:\/\/adequat.eu\/de\/aktuell\/tips-tricks-deutsch\/haltbarkeit-von-kastanienholz\/\">(Edelkastanie: Dauerhaftigkeitsklasse 2)<\/a><\/strong>.<\/li>\n<li>Durch die <strong><a href=\"https:\/\/adequat.eu\/de\/aktuell\/anwendungen\/gerbstoff-gerbsaeure-tannin-in-holz\/\">Gerbs\u00e4ure<\/a><\/strong> im Holz ben\u00f6tigt das Edelkastanienholz keinerlei Behandlung oder Pflege.<\/li>\n<\/ul>\n<h2>Staketenzaun Sichtschutz 100 cm hoch<\/h2>\n<p>Dieser Staketenzaun in 1 Meter H\u00f6he dient sehr gut als lichtdurch\u00e4ssiger Sichtschutz und ist ideal, wenn Sie einen Bereich einz\u00e4unen m\u00f6chten, der nicht komplett gerade ist. Durch die Drahtverbindung zwischen den Latten ist der Zaun flexibel, sodass er sich gut am Hang einsetzen l\u00e4sst (siehe Info-Artikel: <a href=\"https:\/\/adequat.eu\/de\/aktuell\/anwendungen\/zaun-unebenes-gelaende-gartenzaun-am-hang-holzzaun-gefaelle\/\"><strong>Staketenzaun am Hang<\/strong><\/a>).<\/p>\n<p>Der Staketenzaun mit halbrunden Latten ist in folgenden H\u00f6hen erh\u00e4ltlich:<br \/>\n100 cm, 120 cm H\u00f6he, 150 cm H\u00f6he, 175 cm H\u00f6he, 200 cm H\u00f6he<\/p>\n","protected":false},"excerpt":{"rendered":"<p>Staketenzaun mit halbrunden Latten H\u00f6he: 100 cm; Lattenabstand: 2 cm; Rolle: 5 m Material: Edelkastanie; Lattenform: halbrund Bei diesem Staketenzaun handelt es sich um eine&#8230;<\/p>\n","protected":false},"featured_media":23912,"comment_status":"closed","ping_status":"closed","template":"","meta":{"_acf_changed":false,"inline_featured_image":false,"_trash_the_other_posts":false,"ep_exclude_from_search":false,"iawp_total_views":627,"editor_notices":[]},"product_brand":[],"product_cat":[520,246,733,517,514,248],"product_tag":[],"class_list":{"0":"post-8808","1":"product","2":"type-product","3":"status-publish","4":"has-post-thumbnail","6":"product_cat-gefluegelzaun","7":"product_cat-kastanienzaun-naturzaun","8":"product_cat-100-cm-holzzaun","9":"product_cat-huenerzaun","10":"product_cat-garten","11":"product_cat-staketenzaun","13":"first","14":"instock","15":"shipping-taxable","16":"purchasable","17":"product-type-simple"},"composite_virtual":false,"composite_layout":"","composite_add_to_cart_form_location":"","composite_editable_in_cart":false,"composite_sold_individually_context":"","composite_shop_price_calc":"","composite_components":[],"composite_scenarios":[],"acf":[],"_links":{"self":[{"href":"https:\/\/adequat.eu\/de\/wp-json\/wp\/v2\/product\/8808","targetHints":{"allow":["GET"]}}],"collection":[{"href":"https:\/\/adequat.eu\/de\/wp-json\/wp\/v2\/product"}],"about":[{"href":"https:\/\/adequat.eu\/de\/wp-json\/wp\/v2\/types\/product"}],"replies":[{"embeddable":true,"href":"https:\/\/adequat.eu\/de\/wp-json\/wp\/v2\/comments?post=8808"}],"wp:featuredmedia":[{"embeddable":true,"href":"https:\/\/adequat.eu\/de\/wp-json\/wp\/v2\/media\/23912"}],"wp:attachment":[{"href":"https:\/\/adequat.eu\/de\/wp-json\/wp\/v2\/media?parent=8808"}],"wp:term":[{"taxonomy":"product_brand","embeddable":true,"href":"https:\/\/adequat.eu\/de\/wp-json\/wp\/v2\/product_brand?post=8808"},{"taxonomy":"product_cat","embeddable":true,"href":"https:\/\/adequat.eu\/de\/wp-json\/wp\/v2\/product_cat?post=8808"},{"taxonomy":"product_tag","embeddable":true,"href":"https:\/\/adequat.eu\/de\/wp-json\/wp\/v2\/product_tag?post=8808"}],"curies":[{"name":"wp","href":"https:\/\/api.w.org\/{rel}","templated":true}]}}