{"id":8815,"date":"2016-11-15T15:33:12","date_gmt":"2016-11-15T14:33:12","guid":{"rendered":"https:\/\/adequat.eu\/de\/product\/sichtschutz-kastanienholz\/"},"modified":"2025-03-18T18:00:58","modified_gmt":"2025-03-18T17:00:58","slug":"sichtschutzzaun-holz-150-cm-hoch","status":"publish","type":"product","link":"https:\/\/adequat.eu\/de\/produkt\/sichtschutz-holz\/sichtschutzzaun-holz-sichtschutz-kastanie\/sichtschutzzaun-holz-150-cm-hoch\/","title":{"rendered":"Sichtschutzzaun Kastanie 150 cm hoch"},"content":{"rendered":"<h2>Breite 1,90 m x H\u00f6he 1,50 m<\/h2>\n<p>Sichtschutz Kastanienholz in den Ma\u00dfen 1,90 m Breite x 1,50 m H\u00f6he.<br \/>\nWenn Sie einen Sichtschutz suchen, der absolut keinen Einblick erm\u00f6glicht, ist dieser Sichtschutz aus Kastanienholz genau das richtige f\u00fcr Sie! So einfach kreieren Sie eine sch\u00f6ne, geschlossene Sichtschutzwand!<\/p>\n<h2>Sichtschutzzaun aus Holz 150 cm hoch: nat\u00fcrlich &amp; langlebig<\/h2>\n<p>Wegen ihrer nat\u00fcrlichen Ausstrahlung und der Tatsache, dass der Sichtschutz Kastanienholz keine Pflege ben\u00f6tigt, werden die Sichtschutzelemente auch viel in G\u00e4rten und Parks verwendet sowie als Windbrecher und Erosionspr\u00e4vention.<\/p>\n<p>Der Sichtschutz aus Kastanienholz in Breite 1,90 m und H\u00f6he 1,50 m wird fertig geliefert. Sie m\u00fcssen nur noch die Pf\u00e4hle (zwei Pf\u00e4hle pro Sichtschutzelement) dahinter anbringen und die Sichtschutzelemente mit Schrauben aus rostfreiem Edelstahl befestigen. Daf\u00fcr empfehlen wir <a href=\"https:\/\/adequat.eu\/de\/produkt\/holzprodukte-2\/befestigungsmaterialien\/schrauben-edelstahl-holz\/\">Schrauben in der Gr\u00f6\u00dfe 6 mm x 120 mm oder 6 mm x 140 mm<\/a>.<\/p>\n<p>Weitere erh\u00e4ltliche H\u00f6henma\u00dfe:<br \/>\n<a href=\"https:\/\/adequat.eu\/de\/produkte\/sichtschutz-holz\/sichtschutzzaun-holz-sichtschutz-kastanie\/\">1,0 Meter H\u00f6he, 1,20 Meter H\u00f6he, 1,75 Meter H\u00f6he, 2,00 Meter H\u00f6he<\/a><br \/>\n(Die Breite dieser Sichtschutzelemente betr\u00e4gt immer 1,90 Meter.)<\/p>\n","protected":false},"excerpt":{"rendered":"<p>Breite 1,90 m x H\u00f6he 1,50 m Sichtschutz Kastanienholz in den Ma\u00dfen 1,90 m Breite x 1,50 m H\u00f6he. Wenn Sie einen Sichtschutz suchen, der&#8230;<\/p>\n","protected":false},"featured_media":6520,"comment_status":"closed","ping_status":"closed","template":"","meta":{"_acf_changed":false,"inline_featured_image":false,"_trash_the_other_posts":false,"ep_exclude_from_search":false,"iawp_total_views":791,"editor_notices":[]},"product_brand":[],"product_cat":[258,462,514,259],"product_tag":[],"class_list":{"0":"post-8815","1":"product","2":"type-product","3":"status-publish","4":"has-post-thumbnail","6":"product_cat-sichtschutzzaun-holz-sichtschutz-kastanie","7":"product_cat-holzlattenzaun","8":"product_cat-garten","9":"product_cat-sichtschutz-holz","11":"first","12":"instock","13":"shipping-taxable","14":"purchasable","15":"product-type-simple"},"composite_virtual":false,"composite_layout":"","composite_add_to_cart_form_location":"","composite_editable_in_cart":false,"composite_sold_individually_context":"","composite_shop_price_calc":"","composite_components":[],"composite_scenarios":[],"acf":[],"_links":{"self":[{"href":"https:\/\/adequat.eu\/de\/wp-json\/wp\/v2\/product\/8815","targetHints":{"allow":["GET"]}}],"collection":[{"href":"https:\/\/adequat.eu\/de\/wp-json\/wp\/v2\/product"}],"about":[{"href":"https:\/\/adequat.eu\/de\/wp-json\/wp\/v2\/types\/product"}],"replies":[{"embeddable":true,"href":"https:\/\/adequat.eu\/de\/wp-json\/wp\/v2\/comments?post=8815"}],"wp:featuredmedia":[{"embeddable":true,"href":"https:\/\/adequat.eu\/de\/wp-json\/wp\/v2\/media\/6520"}],"wp:attachment":[{"href":"https:\/\/adequat.eu\/de\/wp-json\/wp\/v2\/media?parent=8815"}],"wp:term":[{"taxonomy":"product_brand","embeddable":true,"href":"https:\/\/adequat.eu\/de\/wp-json\/wp\/v2\/product_brand?post=8815"},{"taxonomy":"product_cat","embeddable":true,"href":"https:\/\/adequat.eu\/de\/wp-json\/wp\/v2\/product_cat?post=8815"},{"taxonomy":"product_tag","embeddable":true,"href":"https:\/\/adequat.eu\/de\/wp-json\/wp\/v2\/product_tag?post=8815"}],"curies":[{"name":"wp","href":"https:\/\/api.w.org\/{rel}","templated":true}]}}