{"id":8816,"date":"2016-11-15T15:37:28","date_gmt":"2016-11-15T14:37:28","guid":{"rendered":"https:\/\/adequat.eu\/de\/product\/staketenzaun-kastanie-sichtschutz\/"},"modified":"2025-04-10T12:11:27","modified_gmt":"2025-04-10T10:11:27","slug":"sichtschutzzaun-holz-175-cm-hoch","status":"publish","type":"product","link":"https:\/\/adequat.eu\/de\/produkt\/sichtschutz-holz\/sichtschutzzaun-holz-sichtschutz-kastanie\/sichtschutzzaun-holz-175-cm-hoch\/","title":{"rendered":"Sichtschutzzaun Kastanie 175 cm hoch"},"content":{"rendered":"<h2>Breite 1,90 m x H\u00f6he 1,75 m<\/h2>\n<p>Staketenzaun Kastanie Sichtschutz in den Ma\u00dfen 1,90 m Breite x 1,75 m H\u00f6he.<br \/>\nWenn Sie einen Staketenzaun aus Kastanie als Sichtschutz suchen, der absolut keinen Einblick erm\u00f6glicht, sind diese fertigen Sichtschutzw\u00e4nde genau das richtige f\u00fcr Sie! So einfach kreieren Sie einen sch\u00f6nen, geschlossenen Sichtschutz!<\/p>\n<h2>Sichtschutzzaun aus Holz 175 cm: nat\u00fcrlich &amp; langlebig<\/h2>\n<p>Wegen ihrer nat\u00fcrlichen Ausstrahlung und der Tatsache, dass der Staketenzaun Kastanie Sichtschutz keine Pflege ben\u00f6tigt, werden die Sichtschutzelemente auch viel in G\u00e4rten und Parks verwendet sowie als Windbrecher und Erosionspr\u00e4vention.<\/p>\n<p>Der Staketenzaun Kastanien Sichtschutz in der Breite 1,90 m und der H\u00f6he 1,75 m wird fertig geliefert. Sie m\u00fcssen nur noch die Pf\u00e4hle (zwei Pf\u00e4hle pro Sichtschutzelement) dahinter anbringen und die Sichtschutzelemente mit Schrauben aus rostfreiem Edelstahl befestigen. Daf\u00fcr empfehlen wir <a href=\"https:\/\/adequat.eu\/de\/produkt\/holzprodukte-2\/befestigungsmaterialien\/schrauben-edelstahl-holz\/\">Schrauben in der Gr\u00f6\u00dfe 6 mm x 120 mm oder 6 mm x 140 mm<\/a>.<\/p>\n<p>Weitere erh\u00e4ltliche H\u00f6henma\u00dfe:<br \/>\n<a href=\"https:\/\/adequat.eu\/de\/produkte\/sichtschutz-holz\/sichtschutzzaun-holz-sichtschutz-kastanie\/\">1,00 Meter H\u00f6he, 1,20 Meter H\u00f6he, 1,50 Meter H\u00f6he, 2,00 Meter H\u00f6he<\/a><br \/>\n(Die Breite dieser Sichtschutzelemente betr\u00e4gt immer 1,90 Meter.)<\/p>\n","protected":false},"excerpt":{"rendered":"<p>Breite 1,90 m x H\u00f6he 1,75 m Staketenzaun Kastanie Sichtschutz in den Ma\u00dfen 1,90 m Breite x 1,75 m H\u00f6he. Wenn Sie einen Staketenzaun aus&#8230;<\/p>\n","protected":false},"featured_media":6523,"comment_status":"closed","ping_status":"closed","template":"","meta":{"_acf_changed":false,"inline_featured_image":false,"_trash_the_other_posts":false,"ep_exclude_from_search":false,"iawp_total_views":1602,"editor_notices":[]},"product_brand":[],"product_cat":[258,514,259],"product_tag":[],"class_list":{"0":"post-8816","1":"product","2":"type-product","3":"status-publish","4":"has-post-thumbnail","6":"product_cat-sichtschutzzaun-holz-sichtschutz-kastanie","7":"product_cat-garten","8":"product_cat-sichtschutz-holz","10":"first","11":"instock","12":"shipping-taxable","13":"purchasable","14":"product-type-simple"},"composite_virtual":false,"composite_layout":"","composite_add_to_cart_form_location":"","composite_editable_in_cart":false,"composite_sold_individually_context":"","composite_shop_price_calc":"","composite_components":[],"composite_scenarios":[],"acf":[],"_links":{"self":[{"href":"https:\/\/adequat.eu\/de\/wp-json\/wp\/v2\/product\/8816","targetHints":{"allow":["GET"]}}],"collection":[{"href":"https:\/\/adequat.eu\/de\/wp-json\/wp\/v2\/product"}],"about":[{"href":"https:\/\/adequat.eu\/de\/wp-json\/wp\/v2\/types\/product"}],"replies":[{"embeddable":true,"href":"https:\/\/adequat.eu\/de\/wp-json\/wp\/v2\/comments?post=8816"}],"wp:featuredmedia":[{"embeddable":true,"href":"https:\/\/adequat.eu\/de\/wp-json\/wp\/v2\/media\/6523"}],"wp:attachment":[{"href":"https:\/\/adequat.eu\/de\/wp-json\/wp\/v2\/media?parent=8816"}],"wp:term":[{"taxonomy":"product_brand","embeddable":true,"href":"https:\/\/adequat.eu\/de\/wp-json\/wp\/v2\/product_brand?post=8816"},{"taxonomy":"product_cat","embeddable":true,"href":"https:\/\/adequat.eu\/de\/wp-json\/wp\/v2\/product_cat?post=8816"},{"taxonomy":"product_tag","embeddable":true,"href":"https:\/\/adequat.eu\/de\/wp-json\/wp\/v2\/product_tag?post=8816"}],"curies":[{"name":"wp","href":"https:\/\/api.w.org\/{rel}","templated":true}]}}