{"id":8821,"date":"2016-12-01T16:23:18","date_gmt":"2016-12-01T15:23:18","guid":{"rendered":"https:\/\/adequat.eu\/de\/product\/gartentor-douglasie\/"},"modified":"2025-12-19T15:02:35","modified_gmt":"2025-12-19T14:02:35","slug":"gartentor-douglasie","status":"publish","type":"product","link":"https:\/\/adequat.eu\/de\/produkt\/holztore\/upgecyceltes-tor-kastanie-o-douglasie-einzeln\/","title":{"rendered":"Upgecyceltes Tor Kastanie, Eiche o. Douglasie einzeln"},"content":{"rendered":"<h2>Upcycling Gartentor aus Kastanie, Eiche oder Douglasie<\/h2>\n<ul>\n<li><strong>Je nach Verf\u00fcgbarkeit wird Kastanie, Eiche o. Douglasie geliefert.\u00a0<\/strong><\/li>\n<li><strong>Lieferung inkl. Beschl\u00e4ge (alle Metallteile, also Torverschluss und Scharniere)<\/strong><\/li>\n<li><strong>Lieferung ohne Torpfosten! Bitte separat dazu bestellen.<\/strong><\/li>\n<\/ul>\n<p>Ein Upcycling-Gartentor, das wir je nach Verf\u00fcgbarkeit aus Edelkastanie, Eiche oder Douglasie herstellen. Bei diesem Upcycling-Tor handelt es sich um ein einfaches Gartentor, das sehr hochwertig ist und den Garten versch\u00f6nert.<\/p>\n<p>Das Holztor wirk inklusive Beschl\u00e4gen geliefert.<\/p>\n<p>Torpfosten sind nicht im Lieferumfang enthalten und m\u00fcssen separat dazu bestellt werden.<\/p>\n<p>Dieses Upcycling-Gartentor ist in drei H\u00f6henma\u00dfen erh\u00e4ltlich: 50 cm, 80 cm und 100 cm.<\/p>\n<p>Standardm\u00e4\u00dfig liefern wir das Tor in 100 cm Breite.<\/p>\n<p>Gern fertigen wir dieses Upcycling-Gartentor auch nach Ma\u00df an. Die maximal erh\u00e4ltlichen Ma\u00dfe sind 100&#215;100 cm. Fordern Sie <a href=\"https:\/\/adequat.eu\/de\/angebot\/formular\/\">hier ein Angebot<\/a> bei uns an.<\/p>\n<p>&nbsp;<\/p>\n<h2>Upcycling Holztor<\/h2>\n<p>H\u00e4tten Sie dieses Tor gern als Doppeltor? Dann bestellen Sie einfach zwei dieser Upcycling-Gartentore. Geben Sie bei Ihrer Bestellung an, dass Sie ein Doppeltor w\u00fcnschen und welches Gr\u00f6\u00dfe der linke und welche Gr\u00f6\u00dfe der recht Torfl\u00fcgel haben soll.<\/p>\n<p>Wichtig: Die &#8217;sch\u00f6nere&#8216; Seite des Tores ist f\u00fcr uns die Vorderseite (hinten befinden sich die Scharniere.<\/p>\n<p>Wenn Sie das Tor von vorn betrachten, befinden sich die Scharniere an der rechten Seite des Tores. Also \u00f6ffnet sich das Tor nach rechts.\u00a0Auf Wunsch liefern wir auch Tore, die sich nach links \u00f6ffnen. Bitte geben Sie dies dann bitte bei Ihrer Bestellung an.<\/p>\n<p>Sie finden bei uns auch Tore aus Holz, die gr\u00f6\u00dfer als 100 cm x 100 cm sind. Schauen Sie sich unser <a href=\"https:\/\/adequat.eu\/de\/produkte\/holztore\/\"><u>gro\u00dfes Angebot an Holztoren<\/u><\/a> an.<\/p>\n","protected":false},"excerpt":{"rendered":"<p>Upcycling Gartentor aus Kastanie, Eiche oder Douglasie Je nach Verf\u00fcgbarkeit wird Kastanie, Eiche o. Douglasie geliefert.\u00a0 Lieferung inkl. Beschl\u00e4ge (alle Metallteile, also Torverschluss und Scharniere)&#8230;<\/p>\n","protected":false},"featured_media":6539,"comment_status":"closed","ping_status":"closed","template":"","meta":{"_acf_changed":false,"inline_featured_image":false,"_trash_the_other_posts":false,"ep_exclude_from_search":false,"iawp_total_views":333,"editor_notices":[]},"product_brand":[],"product_cat":[261],"product_tag":[],"class_list":{"0":"post-8821","1":"product","2":"type-product","3":"status-publish","4":"has-post-thumbnail","6":"product_cat-holztore","8":"first","9":"instock","10":"shipping-taxable","11":"purchasable","12":"product-type-variable","13":"has-default-attributes"},"composite_virtual":false,"composite_layout":"","composite_add_to_cart_form_location":"","composite_editable_in_cart":false,"composite_sold_individually_context":"","composite_shop_price_calc":"","composite_components":[],"composite_scenarios":[],"acf":[],"_links":{"self":[{"href":"https:\/\/adequat.eu\/de\/wp-json\/wp\/v2\/product\/8821","targetHints":{"allow":["GET"]}}],"collection":[{"href":"https:\/\/adequat.eu\/de\/wp-json\/wp\/v2\/product"}],"about":[{"href":"https:\/\/adequat.eu\/de\/wp-json\/wp\/v2\/types\/product"}],"replies":[{"embeddable":true,"href":"https:\/\/adequat.eu\/de\/wp-json\/wp\/v2\/comments?post=8821"}],"wp:featuredmedia":[{"embeddable":true,"href":"https:\/\/adequat.eu\/de\/wp-json\/wp\/v2\/media\/6539"}],"wp:attachment":[{"href":"https:\/\/adequat.eu\/de\/wp-json\/wp\/v2\/media?parent=8821"}],"wp:term":[{"taxonomy":"product_brand","embeddable":true,"href":"https:\/\/adequat.eu\/de\/wp-json\/wp\/v2\/product_brand?post=8821"},{"taxonomy":"product_cat","embeddable":true,"href":"https:\/\/adequat.eu\/de\/wp-json\/wp\/v2\/product_cat?post=8821"},{"taxonomy":"product_tag","embeddable":true,"href":"https:\/\/adequat.eu\/de\/wp-json\/wp\/v2\/product_tag?post=8821"}],"curies":[{"name":"wp","href":"https:\/\/api.w.org\/{rel}","templated":true}]}}