{"id":8822,"date":"2016-12-08T14:15:30","date_gmt":"2016-12-08T13:15:30","guid":{"rendered":"https:\/\/adequat.eu\/de\/product\/riegel-kastanie-rund-post-and-rail-fence\/"},"modified":"2026-03-31T23:07:32","modified_gmt":"2026-03-31T21:07:32","slug":"riegel-kastanie-eckig","status":"publish","type":"product","link":"https:\/\/adequat.eu\/de\/produkt\/kastanienzaun-naturzaun\/post-and-rail-fencing-fence-weidezaun-holz\/riegel-kastanie-eckig\/","title":{"rendered":"Zaunriegel Kastanie \u2013 Kantig"},"content":{"rendered":"<p>Dieser Riegel (engl: Rail) aus Kastanienholz ist eckig. Die Ma\u00dfe betragen 7&#215;7 cm. Der Riegel ist ungef\u00e4hr 250 cm lang.<\/p>\n<p>Der Riegel aus Kastanie ist Teil unseres l\u00e4ndlichen Post &amp; Rail Zauns. Der robuste Zaun wird vor allem als Weidezaun eingesetzt.<\/p>\n<p>Rechts oben auf dieser Seite finden Sie unseren praktischen <a href=\"https:\/\/adequat.eu\/de\/zaunkonfigurator-zaun-berechnen\/\">Zaun-Konfigurator<\/a>, mit dem Sie genau berechnen k\u00f6nnen, welche Riegel Sie f\u00fcr Ihren Post &amp; Rail Fence ben\u00f6tigen.<\/p>\n<h2>Riegel aus Kastanie \u2013 Eckig \u2013 in einem Post &amp; Rail Fence<\/h2>\n<p>Hier finden Sie einige <a href=\"https:\/\/adequat.eu\/de\/riegel-aus-kastanie-rund\/\">Projekten<\/a>, bei denen die runden Zaunriegel aus Kastanie eingesetzt wurden.<\/p>\n","protected":false},"excerpt":{"rendered":"<p>Dieser Riegel (engl: Rail) aus Kastanienholz ist eckig. Die Ma\u00dfe betragen 7&#215;7 cm. Der Riegel ist ungef\u00e4hr 250 cm lang. Der Riegel aus Kastanie ist&#8230;<\/p>\n","protected":false},"featured_media":25304,"comment_status":"closed","ping_status":"closed","template":"","meta":{"_acf_changed":false,"inline_featured_image":false,"_trash_the_other_posts":false,"ep_exclude_from_search":false,"iawp_total_views":84,"editor_notices":[]},"product_brand":[],"product_cat":[247,522,246,523],"product_tag":[],"class_list":{"0":"post-8822","1":"product","2":"type-product","3":"status-publish","4":"has-post-thumbnail","6":"product_cat-post-and-rail-fencing-fence-weidezaun-holz","7":"product_cat-alpakazaun","8":"product_cat-kastanienzaun-naturzaun","9":"product_cat-pferdezaun","11":"first","12":"instock","13":"shipping-taxable","14":"purchasable","15":"product-type-simple"},"composite_virtual":false,"composite_layout":"","composite_add_to_cart_form_location":"","composite_editable_in_cart":false,"composite_sold_individually_context":"","composite_shop_price_calc":"","composite_components":[],"composite_scenarios":[],"acf":[],"_links":{"self":[{"href":"https:\/\/adequat.eu\/de\/wp-json\/wp\/v2\/product\/8822","targetHints":{"allow":["GET"]}}],"collection":[{"href":"https:\/\/adequat.eu\/de\/wp-json\/wp\/v2\/product"}],"about":[{"href":"https:\/\/adequat.eu\/de\/wp-json\/wp\/v2\/types\/product"}],"replies":[{"embeddable":true,"href":"https:\/\/adequat.eu\/de\/wp-json\/wp\/v2\/comments?post=8822"}],"wp:featuredmedia":[{"embeddable":true,"href":"https:\/\/adequat.eu\/de\/wp-json\/wp\/v2\/media\/25304"}],"wp:attachment":[{"href":"https:\/\/adequat.eu\/de\/wp-json\/wp\/v2\/media?parent=8822"}],"wp:term":[{"taxonomy":"product_brand","embeddable":true,"href":"https:\/\/adequat.eu\/de\/wp-json\/wp\/v2\/product_brand?post=8822"},{"taxonomy":"product_cat","embeddable":true,"href":"https:\/\/adequat.eu\/de\/wp-json\/wp\/v2\/product_cat?post=8822"},{"taxonomy":"product_tag","embeddable":true,"href":"https:\/\/adequat.eu\/de\/wp-json\/wp\/v2\/product_tag?post=8822"}],"curies":[{"name":"wp","href":"https:\/\/api.w.org\/{rel}","templated":true}]}}