{"id":8823,"date":"2016-12-08T14:20:58","date_gmt":"2016-12-08T13:20:58","guid":{"rendered":"https:\/\/adequat.eu\/de\/product\/zaunriegel\/"},"modified":"2026-03-31T23:14:20","modified_gmt":"2026-03-31T21:14:20","slug":"zaunriegel","status":"publish","type":"product","link":"https:\/\/adequat.eu\/de\/produkt\/kastanienzaun-naturzaun\/post-and-rail-fencing-fence-weidezaun-holz\/zaunriegel\/","title":{"rendered":"Zaunriegel Kastanie \u2013 Traditionell 1\/4"},"content":{"rendered":"<p>Dieser gesch\u00e4lte Zaunriegel (engl: Rail) aus Kastanienholz ist \u00bc aus einem Pfahl mit einem Durchmesser von 14-16 cm ges\u00e4gt. Der Riegel hat eine dreieckige Form. Der Riegel ist ungef\u00e4hr 295 cm lang, aber da er an den beiden Enden teilweise in den Pfosten (engl: Post) gesteckt wird, betr\u00e4gt die effektive L\u00e4nge dann 265 cm.<\/p>\n<p>Der Riegel aus Kastanie ist Teil unseres l\u00e4ndlichen Post &amp; Rail Zauns. Der robuste Zaun wird vor allem als Weidezaun eingesetzt. Der Riegel (Querriegel) ist in zwei Varianten erh\u00e4ltlich: in <a href=\"https:\/\/adequat.eu\/de\/produkt\/kastanienzaun-naturzaun\/post-and-rail-fencing-fence-weidezaun-holz\/riegel-kastanie-rund-post-and-rail-fence\/\">runder Form<\/a> und in dieser traditionellen, rechteckig ges\u00e4gten Ausf\u00fchrung.<\/p>\n<p>Rechts oben auf dieser Seite finden Sie unseren praktischen <a href=\"https:\/\/adequat.eu\/de\/zaunkonfigurator-zaun-berechnen\/\">Zaun-Konfigurator<\/a>, mit dem Sie genau berechnen k\u00f6nnen, welche Riegel Sie f\u00fcr Ihren Post &amp; Rail Fence ben\u00f6tigen.<\/p>\n<h2>Riegel aus Kastanie \u2013 \u00bc ges\u00e4gt \u2013 in einem Post &amp; Rail Fence<\/h2>\n<p>Hier finden Sie einige <a href=\"https:\/\/adequat.eu\/de\/projekte\/post-rail\/projekte-zaunriegel\/\">Projekten<\/a>, bei denen die \u00bc ges\u00e4gten Zaunriegel aus Kastanie eingesetzt wurden.<\/p>\n","protected":false},"excerpt":{"rendered":"<p>Dieser gesch\u00e4lte Zaunriegel (engl: Rail) aus Kastanienholz ist \u00bc aus einem Pfahl mit einem Durchmesser von 14-16 cm ges\u00e4gt. Der Riegel hat eine dreieckige Form&#8230;.<\/p>\n","protected":false},"featured_media":6573,"comment_status":"closed","ping_status":"closed","template":"","meta":{"_acf_changed":false,"inline_featured_image":false,"_trash_the_other_posts":false,"ep_exclude_from_search":false,"iawp_total_views":364,"editor_notices":[]},"product_brand":[],"product_cat":[247,522,246,523,730],"product_tag":[],"class_list":{"0":"post-8823","1":"product","2":"type-product","3":"status-publish","4":"has-post-thumbnail","6":"product_cat-post-and-rail-fencing-fence-weidezaun-holz","7":"product_cat-alpakazaun","8":"product_cat-kastanienzaun-naturzaun","9":"product_cat-pferdezaun","10":"product_cat-kastanie-post-rail","12":"first","13":"instock","14":"shipping-taxable","15":"purchasable","16":"product-type-simple"},"composite_virtual":false,"composite_layout":"","composite_add_to_cart_form_location":"","composite_editable_in_cart":false,"composite_sold_individually_context":"","composite_shop_price_calc":"","composite_components":[],"composite_scenarios":[],"acf":[],"_links":{"self":[{"href":"https:\/\/adequat.eu\/de\/wp-json\/wp\/v2\/product\/8823","targetHints":{"allow":["GET"]}}],"collection":[{"href":"https:\/\/adequat.eu\/de\/wp-json\/wp\/v2\/product"}],"about":[{"href":"https:\/\/adequat.eu\/de\/wp-json\/wp\/v2\/types\/product"}],"replies":[{"embeddable":true,"href":"https:\/\/adequat.eu\/de\/wp-json\/wp\/v2\/comments?post=8823"}],"wp:featuredmedia":[{"embeddable":true,"href":"https:\/\/adequat.eu\/de\/wp-json\/wp\/v2\/media\/6573"}],"wp:attachment":[{"href":"https:\/\/adequat.eu\/de\/wp-json\/wp\/v2\/media?parent=8823"}],"wp:term":[{"taxonomy":"product_brand","embeddable":true,"href":"https:\/\/adequat.eu\/de\/wp-json\/wp\/v2\/product_brand?post=8823"},{"taxonomy":"product_cat","embeddable":true,"href":"https:\/\/adequat.eu\/de\/wp-json\/wp\/v2\/product_cat?post=8823"},{"taxonomy":"product_tag","embeddable":true,"href":"https:\/\/adequat.eu\/de\/wp-json\/wp\/v2\/product_tag?post=8823"}],"curies":[{"name":"wp","href":"https:\/\/api.w.org\/{rel}","templated":true}]}}