{"id":8824,"date":"2016-12-08T14:27:01","date_gmt":"2016-12-08T13:27:01","guid":{"rendered":"https:\/\/adequat.eu\/de\/product\/eckpfosten-rund-kastanie-post-and-rail-fencing\/"},"modified":"2026-03-06T17:34:03","modified_gmt":"2026-03-06T16:34:03","slug":"eckpfosten-rund-kastanie-post-and-rail-fencing","status":"publish","type":"product","link":"https:\/\/adequat.eu\/de\/produkt\/kastanienzaun-naturzaun\/post-and-rail-fencing-fence-weidezaun-holz\/eckpfosten-rund-kastanie-post-and-rail-fencing\/","title":{"rendered":"Eckpfosten Kastanie System 3 \u2013 Rund"},"content":{"rendered":"<p>Runder Eckpfosten aus Kastanie f\u00fcr das 3-er System im Post and Rail Fencing. Die L\u00e4nge betr\u00e4gt ca. 200 cm. Davon befinden sich 80 cm bei der Platzierung im Boden. Daher betr\u00e4gt die effektive L\u00e4nge 120 cm.<\/p>\n<p>Kastanienholz ist langlebig und ben\u00f6tigt keine spezielle Behandlung oder Pflege.<\/p>\n<p>Der Eckpfosten f\u00fcr das System 3 ist Teil unserer Post &amp; Rail Fencing Z\u00e4une. Diese Z\u00e4une werden vor allem als Weidez\u00e4une und Koppelz\u00e4une verwendet.<\/p>\n<p>Diese Pfosten sind auch aus <a href=\"https:\/\/adequat.eu\/de\/produkt\/kastanienzaun-naturzaun\/post-and-rail-fencing-fence-weidezaun-holz\/eckpfosten-rund-robinie-post-and-rail-fencing-system-3\/\">Robinienholz<\/a> erh\u00e4ltlich.<\/p>\n<h2>Eckpfosten Kastanie Rund \u2013 System 3 \u2013 in einem Post &amp; Rail Fence<\/h2>\n<p>Hier finden Sie ein <a href=\"https:\/\/adequat.eu\/de\/de\/aktuell\/projekte-eckpfosten-kastanie-system-3\/\">Projekt<\/a>, bei denen der runde Eckpfosten aus Kastanie f\u00fcr das 3-er System im Post &amp; Rail Fencing eingesetzt wurde.<\/p>\n<p>Rechts oben auf dieser Seite finden Sie unseren praktischen <a href=\"https:\/\/adequat.eu\/de\/zaunkonfigurator-zaun-berechnen\/\">Zaun-Konfigurator<\/a>, mit dem Sie genau berechnen k\u00f6nnen, welche Riegel Sie f\u00fcr Ihren Post &amp; Rail Fence ben\u00f6tigen.<\/p>\n","protected":false},"excerpt":{"rendered":"<p>Runder Eckpfosten aus Kastanie f\u00fcr das 3-er System im Post and Rail Fencing. Die L\u00e4nge betr\u00e4gt ca. 200 cm. Davon befinden sich 80 cm bei&#8230;<\/p>\n","protected":false},"featured_media":6585,"comment_status":"closed","ping_status":"closed","template":"","meta":{"_acf_changed":false,"inline_featured_image":false,"_trash_the_other_posts":false,"ep_exclude_from_search":false,"iawp_total_views":25,"editor_notices":[]},"product_brand":[],"product_cat":[247,522,246,523,730],"product_tag":[],"class_list":{"0":"post-8824","1":"product","2":"type-product","3":"status-publish","4":"has-post-thumbnail","6":"product_cat-post-and-rail-fencing-fence-weidezaun-holz","7":"product_cat-alpakazaun","8":"product_cat-kastanienzaun-naturzaun","9":"product_cat-pferdezaun","10":"product_cat-kastanie-post-rail","12":"first","13":"instock","14":"shipping-taxable","15":"purchasable","16":"product-type-simple"},"composite_virtual":false,"composite_layout":"","composite_add_to_cart_form_location":"","composite_editable_in_cart":false,"composite_sold_individually_context":"","composite_shop_price_calc":"","composite_components":[],"composite_scenarios":[],"acf":[],"_links":{"self":[{"href":"https:\/\/adequat.eu\/de\/wp-json\/wp\/v2\/product\/8824","targetHints":{"allow":["GET"]}}],"collection":[{"href":"https:\/\/adequat.eu\/de\/wp-json\/wp\/v2\/product"}],"about":[{"href":"https:\/\/adequat.eu\/de\/wp-json\/wp\/v2\/types\/product"}],"replies":[{"embeddable":true,"href":"https:\/\/adequat.eu\/de\/wp-json\/wp\/v2\/comments?post=8824"}],"wp:featuredmedia":[{"embeddable":true,"href":"https:\/\/adequat.eu\/de\/wp-json\/wp\/v2\/media\/6585"}],"wp:attachment":[{"href":"https:\/\/adequat.eu\/de\/wp-json\/wp\/v2\/media?parent=8824"}],"wp:term":[{"taxonomy":"product_brand","embeddable":true,"href":"https:\/\/adequat.eu\/de\/wp-json\/wp\/v2\/product_brand?post=8824"},{"taxonomy":"product_cat","embeddable":true,"href":"https:\/\/adequat.eu\/de\/wp-json\/wp\/v2\/product_cat?post=8824"},{"taxonomy":"product_tag","embeddable":true,"href":"https:\/\/adequat.eu\/de\/wp-json\/wp\/v2\/product_tag?post=8824"}],"curies":[{"name":"wp","href":"https:\/\/api.w.org\/{rel}","templated":true}]}}