{"id":8826,"date":"2016-12-08T14:44:22","date_gmt":"2016-12-08T13:44:22","guid":{"rendered":"https:\/\/adequat.eu\/de\/product\/eckpfosten-rund-robinie-post-and-rail-fencing-system-2\/"},"modified":"2026-03-06T17:33:47","modified_gmt":"2026-03-06T16:33:47","slug":"eckpfosten-rund-robinie-post-and-rail-fencing-system-2","status":"publish","type":"product","link":"https:\/\/adequat.eu\/de\/produkt\/kastanienzaun-naturzaun\/post-and-rail-fencing-fence-weidezaun-holz\/eckpfosten-rund-robinie-post-and-rail-fencing-system-2\/","title":{"rendered":"Eckpfosten Robinie System 2 \u2013 Rund"},"content":{"rendered":"<p>Runder Eckpfosten aus Robinie f\u00fcr das 2-er System des Post and Rail Fencing. Die L\u00e4nge betr\u00e4gt ca. 200 cm. Davon befinden sich 80 cm bei der Platzierung im Boden. Daher betr\u00e4gt die effektive L\u00e4nge 120 cm.<\/p>\n<p>Robinienholz ist langlebig und ben\u00f6tigt keine spezielle Behandlung oder Pflege.<\/p>\n<p>Der Eckpfosten aus Robinie ist Teil unserer Post &amp; Rail Fencing Z\u00e4une. Diese Z\u00e4une werden oft als Weidez\u00e4une verwendet. Die Rinde der Robinie kann f\u00fcr Pferde gef\u00e4hrlich sein. Diese Pfosten sind auch aus <a href=\"https:\/\/adequat.eu\/de\/produkt\/kastanienzaun-naturzaun\/post-and-rail-fencing-fence-weidezaun-holz\/eckpfosten-kastanie-system-2-rund\/\">Kastanienholz<\/a> erh\u00e4ltlich. Robinienholz ist langlebiger als Kastanienholz, aber das Holz ist von der Form her etwas unregelm\u00e4\u00dfiger.<\/p>\n<h2>Eckpfosten Robinie Rund \u2013 System 2 \u2013 in einem Post &amp; Rail Fence<\/h2>\n<p>Hier finden Sie ein <a href=\"https:\/\/adequat.eu\/de\/aktuell\/projekte-pfosten-robinie-rund-system-2\/\">Projekt<\/a>, bei denen der runde Eckpfosten aus Robinie\u00a0f\u00fcr das 2-er System im Post &amp; Rail Fencing eingesetzt wurde.<\/p>\n<p>Rechts oben auf dieser Seite finden Sie unseren praktischen <a href=\"https:\/\/adequat.eu\/de\/zaunkonfigurator-zaun-berechnen\/\">Zaun-Konfigurator<\/a>, mit dem Sie genau berechnen k\u00f6nnen, welche Riegel Sie f\u00fcr Ihren Post &amp; Rail Fence ben\u00f6tigen.<\/p>\n<p>Hier k\u00f6nnen Sie unverbindlich ein\u00a0<a href=\"https:\/\/adequat.eu\/de\/angebot\/\">individuelles Angebot<\/a> anfordern.<\/p>\n","protected":false},"excerpt":{"rendered":"<p>Runder Eckpfosten aus Robinie f\u00fcr das 2-er System des Post and Rail Fencing. Die L\u00e4nge betr\u00e4gt ca. 200 cm. Davon befinden sich 80 cm bei&#8230;<\/p>\n","protected":false},"featured_media":6596,"comment_status":"closed","ping_status":"closed","template":"","meta":{"_acf_changed":false,"inline_featured_image":false,"_trash_the_other_posts":false,"ep_exclude_from_search":false,"iawp_total_views":44,"editor_notices":[]},"product_brand":[],"product_cat":[247,246,731],"product_tag":[],"class_list":{"0":"post-8826","1":"product","2":"type-product","3":"status-publish","4":"has-post-thumbnail","6":"product_cat-post-and-rail-fencing-fence-weidezaun-holz","7":"product_cat-kastanienzaun-naturzaun","8":"product_cat-robinie-post-rail","10":"first","11":"instock","12":"shipping-taxable","13":"purchasable","14":"product-type-simple"},"composite_virtual":false,"composite_layout":"","composite_add_to_cart_form_location":"","composite_editable_in_cart":false,"composite_sold_individually_context":"","composite_shop_price_calc":"","composite_components":[],"composite_scenarios":[],"acf":[],"_links":{"self":[{"href":"https:\/\/adequat.eu\/de\/wp-json\/wp\/v2\/product\/8826","targetHints":{"allow":["GET"]}}],"collection":[{"href":"https:\/\/adequat.eu\/de\/wp-json\/wp\/v2\/product"}],"about":[{"href":"https:\/\/adequat.eu\/de\/wp-json\/wp\/v2\/types\/product"}],"replies":[{"embeddable":true,"href":"https:\/\/adequat.eu\/de\/wp-json\/wp\/v2\/comments?post=8826"}],"wp:featuredmedia":[{"embeddable":true,"href":"https:\/\/adequat.eu\/de\/wp-json\/wp\/v2\/media\/6596"}],"wp:attachment":[{"href":"https:\/\/adequat.eu\/de\/wp-json\/wp\/v2\/media?parent=8826"}],"wp:term":[{"taxonomy":"product_brand","embeddable":true,"href":"https:\/\/adequat.eu\/de\/wp-json\/wp\/v2\/product_brand?post=8826"},{"taxonomy":"product_cat","embeddable":true,"href":"https:\/\/adequat.eu\/de\/wp-json\/wp\/v2\/product_cat?post=8826"},{"taxonomy":"product_tag","embeddable":true,"href":"https:\/\/adequat.eu\/de\/wp-json\/wp\/v2\/product_tag?post=8826"}],"curies":[{"name":"wp","href":"https:\/\/api.w.org\/{rel}","templated":true}]}}