{"id":8829,"date":"2016-12-09T09:48:13","date_gmt":"2016-12-09T08:48:13","guid":{"rendered":"https:\/\/adequat.eu\/de\/product\/pfosten-robinie-rund-system-2-post-and-rail-fence\/"},"modified":"2026-03-31T23:11:50","modified_gmt":"2026-03-31T21:11:50","slug":"pfosten-robinie-rund-system-2-post-and-rail-fence","status":"publish","type":"product","link":"https:\/\/adequat.eu\/de\/produkt\/kastanienzaun-naturzaun\/post-and-rail-fencing-fence-weidezaun-holz\/pfosten-robinie-rund-system-2-post-and-rail-fence\/","title":{"rendered":"Pfosten Robinie System 2 &#8211;  Rund"},"content":{"rendered":"<p>Dieser Pfosten (engl: Post) aus Robinienholz ist rund und ungef\u00e4hr 200 cm lang. Von dieser L\u00e4nge werden beim Aufstellen 80 cm im Boden stehen. Die effektive H\u00f6he des Pfostens betr\u00e4gt also 120 cm.<\/p>\n<p>Robinie ist sehr langlebig und ben\u00f6tigt keine Behandlung oder Pflege. Dieser Robinienpfosten ist Teil unseres Post and Rail Zauns.<\/p>\n<p>Die Rinde der Robinie kann f\u00fcr Pferde gef\u00e4hrlich sein.<\/p>\n<p>Diese Pfosten sind auch aus <a href=\"https:\/\/adequat.eu\/de\/produkt\/kastanienzaun-naturzaun\/post-and-rail-fencing-fence-weidezaun-holz\/pfosten-kastanie-rund-system-2-post-and-rail-fence\/\">Kastanienholz<\/a> erh\u00e4ltlich. Robinienholz ist langlebiger als Kastanienholz, aber das Holz ist von der Form her etwas unregelm\u00e4\u00dfiger.<\/p>\n<h2>Runder Pfosten aus Robinie \u2013 2er System f\u00fcr Post &amp; Rail Fencing<\/h2>\n<p>Hier k\u00f6nnen Sie sich einige <a href=\"https:\/\/adequat.eu\/de\/aktuell\/projekte-pfosten-robinie-rund-system-2\/\">Projekten<\/a> ansehen, bei denen die runden Pfosten aus Robinienholz \u2013 2er System &#8211; eingesetzt wurden.<\/p>\n<p>Rechts oben auf dieser Seite finden Sie <a href=\"https:\/\/adequat.eu\/de\/zaunkonfigurator-zaun-berechnen\/\">unseren praktischen Zaun-Konfigurator<\/a>, mit dem Sie genau berechnen k\u00f6nnen, welche Pfosten Sie f\u00fcr Ihren Post &amp; Rail Fence ben\u00f6tigen. Alternativ k\u00f6nnen Sie hier unverbindlich ein auf Sie zugeschnittenes Angebot anfordern.<\/p>\n","protected":false},"excerpt":{"rendered":"<p>Dieser Pfosten (engl: Post) aus Robinienholz ist rund und ungef\u00e4hr 200 cm lang. Von dieser L\u00e4nge werden beim Aufstellen 80 cm im Boden stehen. Die&#8230;<\/p>\n","protected":false},"featured_media":6613,"comment_status":"closed","ping_status":"closed","template":"","meta":{"_acf_changed":false,"inline_featured_image":false,"_trash_the_other_posts":false,"ep_exclude_from_search":false,"iawp_total_views":61,"editor_notices":[]},"product_brand":[],"product_cat":[247,246,731],"product_tag":[],"class_list":{"0":"post-8829","1":"product","2":"type-product","3":"status-publish","4":"has-post-thumbnail","6":"product_cat-post-and-rail-fencing-fence-weidezaun-holz","7":"product_cat-kastanienzaun-naturzaun","8":"product_cat-robinie-post-rail","10":"first","11":"instock","12":"shipping-taxable","13":"purchasable","14":"product-type-simple"},"composite_virtual":false,"composite_layout":"","composite_add_to_cart_form_location":"","composite_editable_in_cart":false,"composite_sold_individually_context":"","composite_shop_price_calc":"","composite_components":[],"composite_scenarios":[],"acf":[],"_links":{"self":[{"href":"https:\/\/adequat.eu\/de\/wp-json\/wp\/v2\/product\/8829","targetHints":{"allow":["GET"]}}],"collection":[{"href":"https:\/\/adequat.eu\/de\/wp-json\/wp\/v2\/product"}],"about":[{"href":"https:\/\/adequat.eu\/de\/wp-json\/wp\/v2\/types\/product"}],"replies":[{"embeddable":true,"href":"https:\/\/adequat.eu\/de\/wp-json\/wp\/v2\/comments?post=8829"}],"wp:featuredmedia":[{"embeddable":true,"href":"https:\/\/adequat.eu\/de\/wp-json\/wp\/v2\/media\/6613"}],"wp:attachment":[{"href":"https:\/\/adequat.eu\/de\/wp-json\/wp\/v2\/media?parent=8829"}],"wp:term":[{"taxonomy":"product_brand","embeddable":true,"href":"https:\/\/adequat.eu\/de\/wp-json\/wp\/v2\/product_brand?post=8829"},{"taxonomy":"product_cat","embeddable":true,"href":"https:\/\/adequat.eu\/de\/wp-json\/wp\/v2\/product_cat?post=8829"},{"taxonomy":"product_tag","embeddable":true,"href":"https:\/\/adequat.eu\/de\/wp-json\/wp\/v2\/product_tag?post=8829"}],"curies":[{"name":"wp","href":"https:\/\/api.w.org\/{rel}","templated":true}]}}