{"id":8835,"date":"2016-12-09T15:30:24","date_gmt":"2016-12-09T14:30:24","guid":{"rendered":"https:\/\/adequat.eu\/de\/product\/t-pfosten-kastanie-system-2-post-and-rail-fencing\/"},"modified":"2026-03-31T23:23:16","modified_gmt":"2026-03-31T21:23:16","slug":"t-pfosten-kastanie-system-2-post-and-rail-fencing","status":"publish","type":"product","link":"https:\/\/adequat.eu\/de\/produkt\/kastanienzaun-naturzaun\/post-and-rail-fencing-fence-weidezaun-holz\/t-pfosten-kastanie-system-2-post-and-rail-fencing\/","title":{"rendered":"T-Pfosten Kastanie System 2 &#8211; Rund"},"content":{"rendered":"<p>Dieser T-Pfosten (engl: Post) aus Kastanienholz ist rund und ungef\u00e4hr 200 cm lang. Von dieser L\u00e4nge werden beim Aufstellen 80 cm im Boden stehen. Die effektive H\u00f6he des Pfostens betr\u00e4gt also 120 cm.<\/p>\n<p>Mit diesem T-Pfosten aus Kastanie f\u00fcr das 2-er Post &amp; Rail Zaunsystem k\u00f6nnen Sie auf gerade Linie eine Unterteilung schaffen, beispielsweise f\u00fcr die Einrichtung zus\u00e4tzlicher, eingez\u00e4unter Felder.<\/p>\n<p>Kastanienholz ist eine sehr langlebige Holzart und ben\u00f6tigt keine Behandlung oder Pflege. Dieser Kastanienpfosten ist Teil unseres Post and Rail Fencing Systems. Diese Z\u00e4une werden oft als Umz\u00e4unung von Weiden und als Koppelz\u00e4une verwendet.<\/p>\n<p>Die T-Pfosten sind auch in der Ausf\u00fchrung aus Robinienholz erh\u00e4ltlich.<\/p>\n<h2>Wie viele T-Pfosten ben\u00f6tige ich f\u00fcr meinen Post &amp; Rail Zaun<\/h2>\n<p>Rechts oben auf dieser Seite finden Sie unseren praktischen <a href=\"https:\/\/adequat.eu\/de\/zaunkonfigurator-zaun-berechnen\/\">Zaun-Konfigurator<\/a>, mit dem Sie genau berechnen k\u00f6nnen, welche Pfosten Sie f\u00fcr Ihren Post &amp; Rail Fence ben\u00f6tigen. Alternativ k\u00f6nnen Sie hier unverbindlich ein auf Sie <a href=\"https:\/\/adequat.eu\/de\/angebot\/\">zugeschnittenes Angebot<\/a> anfordern.<\/p>\n","protected":false},"excerpt":{"rendered":"<p>Dieser T-Pfosten (engl: Post) aus Kastanienholz ist rund und ungef\u00e4hr 200 cm lang. Von dieser L\u00e4nge werden beim Aufstellen 80 cm im Boden stehen. Die&#8230;<\/p>\n","protected":false},"featured_media":6652,"comment_status":"closed","ping_status":"closed","template":"","meta":{"_acf_changed":false,"inline_featured_image":false,"_trash_the_other_posts":false,"ep_exclude_from_search":false,"iawp_total_views":5,"editor_notices":[]},"product_brand":[],"product_cat":[247,522,246,523,730],"product_tag":[],"class_list":{"0":"post-8835","1":"product","2":"type-product","3":"status-publish","4":"has-post-thumbnail","6":"product_cat-post-and-rail-fencing-fence-weidezaun-holz","7":"product_cat-alpakazaun","8":"product_cat-kastanienzaun-naturzaun","9":"product_cat-pferdezaun","10":"product_cat-kastanie-post-rail","12":"first","13":"instock","14":"shipping-taxable","15":"purchasable","16":"product-type-simple"},"composite_virtual":false,"composite_layout":"","composite_add_to_cart_form_location":"","composite_editable_in_cart":false,"composite_sold_individually_context":"","composite_shop_price_calc":"","composite_components":[],"composite_scenarios":[],"acf":[],"_links":{"self":[{"href":"https:\/\/adequat.eu\/de\/wp-json\/wp\/v2\/product\/8835","targetHints":{"allow":["GET"]}}],"collection":[{"href":"https:\/\/adequat.eu\/de\/wp-json\/wp\/v2\/product"}],"about":[{"href":"https:\/\/adequat.eu\/de\/wp-json\/wp\/v2\/types\/product"}],"replies":[{"embeddable":true,"href":"https:\/\/adequat.eu\/de\/wp-json\/wp\/v2\/comments?post=8835"}],"wp:featuredmedia":[{"embeddable":true,"href":"https:\/\/adequat.eu\/de\/wp-json\/wp\/v2\/media\/6652"}],"wp:attachment":[{"href":"https:\/\/adequat.eu\/de\/wp-json\/wp\/v2\/media?parent=8835"}],"wp:term":[{"taxonomy":"product_brand","embeddable":true,"href":"https:\/\/adequat.eu\/de\/wp-json\/wp\/v2\/product_brand?post=8835"},{"taxonomy":"product_cat","embeddable":true,"href":"https:\/\/adequat.eu\/de\/wp-json\/wp\/v2\/product_cat?post=8835"},{"taxonomy":"product_tag","embeddable":true,"href":"https:\/\/adequat.eu\/de\/wp-json\/wp\/v2\/product_tag?post=8835"}],"curies":[{"name":"wp","href":"https:\/\/api.w.org\/{rel}","templated":true}]}}