{"id":8836,"date":"2016-12-09T15:38:39","date_gmt":"2016-12-09T14:38:39","guid":{"rendered":"https:\/\/adequat.eu\/de\/product\/t-pfosten-robinie-system-2-post-and-rail-fencing\/"},"modified":"2026-03-31T23:29:13","modified_gmt":"2026-03-31T21:29:13","slug":"t-pfosten-robinie-system-2-post-and-rail-fencing","status":"publish","type":"product","link":"https:\/\/adequat.eu\/de\/produkt\/kastanienzaun-naturzaun\/post-and-rail-fencing-fence-weidezaun-holz\/t-pfosten-robinie-system-2-post-and-rail-fencing\/","title":{"rendered":"T-Pfosten Robinie System 2 &#8211; Rund"},"content":{"rendered":"<p>Dieser T-Pfosten (engl: Post) aus Robinienholz f\u00fcr das 2-er Post and Rail System ist rund und ungef\u00e4hr 200 cm lang. Von dieser L\u00e4nge werden beim Aufstellen 80 cm im Boden stehen. Die effektive H\u00f6he des Pfostens betr\u00e4gt also 120 cm.<\/p>\n<p>Mit diesem T-Pfosten aus Robinie f\u00fcr das 2-er Post &amp; Rail Zaunsystem k\u00f6nnen Sie auf gerade Linie eine Unterteilung schaffen, beispielsweise f\u00fcr die Einrichtung zus\u00e4tzlicher, eingez\u00e4unter Felder.<\/p>\n<p>Kastanienholz ist eine sehr langlebige Holzart und ben\u00f6tigt keine Behandlung oder Pflege. Dieser Robinienpfosten ist Teil unseres Post and Rail Fencing Systems. Diese Z\u00e4une werden oft als Weidez\u00e4une verwenden.<\/p>\n<p>Die Rinde von Robinienholz kann f\u00fcr Pferde gef\u00e4hrlich sein!<\/p>\n<p>Die T-Pfosten sind auch in der Ausf\u00fchrung aus <a href=\"https:\/\/adequat.eu\/de\/produkt\/kastanienzaun-naturzaun\/post-and-rail-fencing-fence-weidezaun-holz\/t-pfosten-kastanie-system-2-post-and-rail-fencing\/\">Kastanienholz<\/a> erh\u00e4ltlich.<\/p>\n<h2>Wie viele T-Pfosten ben\u00f6tige ich f\u00fcr meinen Post &amp; Rail Zaun<\/h2>\n<p>Rechts oben auf dieser Seite finden Sie unseren praktischen <a href=\"https:\/\/adequat.eu\/de\/zaunkonfigurator-zaun-berechnen\/\">Zaun-Konfigurator<\/a>, mit dem Sie ganz einfach berechnen k\u00f6nnen, welche Pfosten Sie f\u00fcr Ihren Post &amp; Rail Fence ben\u00f6tigen. Alternativ k\u00f6nnen Sie hier unverbindlich ein auf Sie zugeschnittenes Angebot anfordern.<\/p>\n","protected":false},"excerpt":{"rendered":"<p>Dieser T-Pfosten (engl: Post) aus Robinienholz f\u00fcr das 2-er Post and Rail System ist rund und ungef\u00e4hr 200 cm lang. Von dieser L\u00e4nge werden beim&#8230;<\/p>\n","protected":false},"featured_media":6654,"comment_status":"closed","ping_status":"closed","template":"","meta":{"_acf_changed":false,"inline_featured_image":false,"_trash_the_other_posts":false,"ep_exclude_from_search":false,"iawp_total_views":28,"editor_notices":[]},"product_brand":[],"product_cat":[247,246,731],"product_tag":[],"class_list":{"0":"post-8836","1":"product","2":"type-product","3":"status-publish","4":"has-post-thumbnail","6":"product_cat-post-and-rail-fencing-fence-weidezaun-holz","7":"product_cat-kastanienzaun-naturzaun","8":"product_cat-robinie-post-rail","10":"first","11":"instock","12":"shipping-taxable","13":"purchasable","14":"product-type-simple"},"composite_virtual":false,"composite_layout":"","composite_add_to_cart_form_location":"","composite_editable_in_cart":false,"composite_sold_individually_context":"","composite_shop_price_calc":"","composite_components":[],"composite_scenarios":[],"acf":[],"_links":{"self":[{"href":"https:\/\/adequat.eu\/de\/wp-json\/wp\/v2\/product\/8836","targetHints":{"allow":["GET"]}}],"collection":[{"href":"https:\/\/adequat.eu\/de\/wp-json\/wp\/v2\/product"}],"about":[{"href":"https:\/\/adequat.eu\/de\/wp-json\/wp\/v2\/types\/product"}],"replies":[{"embeddable":true,"href":"https:\/\/adequat.eu\/de\/wp-json\/wp\/v2\/comments?post=8836"}],"wp:featuredmedia":[{"embeddable":true,"href":"https:\/\/adequat.eu\/de\/wp-json\/wp\/v2\/media\/6654"}],"wp:attachment":[{"href":"https:\/\/adequat.eu\/de\/wp-json\/wp\/v2\/media?parent=8836"}],"wp:term":[{"taxonomy":"product_brand","embeddable":true,"href":"https:\/\/adequat.eu\/de\/wp-json\/wp\/v2\/product_brand?post=8836"},{"taxonomy":"product_cat","embeddable":true,"href":"https:\/\/adequat.eu\/de\/wp-json\/wp\/v2\/product_cat?post=8836"},{"taxonomy":"product_tag","embeddable":true,"href":"https:\/\/adequat.eu\/de\/wp-json\/wp\/v2\/product_tag?post=8836"}],"curies":[{"name":"wp","href":"https:\/\/api.w.org\/{rel}","templated":true}]}}