{"id":8839,"date":"2016-12-12T13:02:24","date_gmt":"2016-12-12T12:02:24","guid":{"rendered":"https:\/\/adequat.eu\/de\/product\/staketenzaun-tor-50-cm\/"},"modified":"2026-04-03T16:47:18","modified_gmt":"2026-04-03T14:47:18","slug":"staketenzaun-tor-50-cm","status":"publish","type":"product","link":"https:\/\/adequat.eu\/de\/produkt\/holztore\/staketenzauntor-kastanie-einzeln-50-cm-hoch\/","title":{"rendered":"Staketenzauntor Kastanie einzeln 50 cm hoch"},"content":{"rendered":"<p>Ein Staketenzaun Einzeltor mit der H\u00f6he von 50 cm wird normalerweise passend zu einem <a href=\"https:\/\/adequat.eu\/de\/produkt\/kastanienzaun-naturzaun\/staketenzaun\/staketenzaun-50-cm\/\">Staketenzaun mit einer H\u00f6he von 50\u00a0cm<\/a> bestellt.<\/p>\n<p>Das Staketentor wird inklusive zwei Kastanien Pfosten zum Aufstellen (mit den <a href=\"https:\/\/adequat.eu\/de\/produkt\/holzpfaehle-holzpfosten\/kastanienpfaehle-kastanienpfosten\/zaunpfosten-kastanie\/\">Durchmesser 10\/12<\/a> in der L\u00e4nge 150 cm) und mit den passenden Beschl\u00e4gen und dem Schloss geliefert.<\/p>\n<p>F\u00fcr die Wahl des richtigen Staketenzaun Tors ist es wichtig, zu wissen, welche Drehrichtung bei uns standardm\u00e4\u00dfig verwendet wird. Bei Ad\u00e9quat schauen wir von der Seite auf das Staketentor, auf der die Latten befestigt sind (bei den Staketenzaun Toren mit Latten) bzw. auf der die Latten noch befestigt werden sollen (bei den <a href=\"https:\/\/adequat.eu\/de\/produkt\/holztore\/staketenzauntor-nur-rahmen-kastanie-einzeln-50-cm-hoch\/\">Staketenzaun Toren mit Rahmen<\/a>). Diese Seite bezeichnen wir als Vorderseite. Auf der R\u00fcckseite des Tors befinden sich also die Scharniere und das Schloss. Wenn Sie das Staketenzaun Tor von vorn betrachten, befinden sich die Scharniere an der rechten Seite des Tores. Also \u00f6ffnet sich das Tor nach rechts. Auf Wunsch liefern wir auch Tore, die sich nach links \u00f6ffnen. Bitte geben Sie dies dann bitte bei Ihrer Bestellung an.<\/p>\n<p>ACHTUNG: Um Besch\u00e4digungen beim Transport zu vermeiden, schrauben wir den Klinkhaken der Torfalle vor\u00fcbergehend an die\u00a0<a href=\"https:\/\/adequat.eu\/de\/aktuell\/das-mysterium-des-verschwundenen-klinkhakens\/\"><u>Innenseite des Torpfostens<\/u><\/a>. Sie k\u00f6nnen den Klinkhaken einfach vom Holzpfosten abschrauben und ihn an der richtigen Stelle montieren.<\/p>\n<h2>Staketenzaun Einzeltor \u2013 Staketentor 50 cm<\/h2>\n<p>Dieses Staketenzaun Einzeltor 50 cm ist auch als <a href=\"https:\/\/adequat.eu\/de\/produkt\/holztore\/staketenzauntor-kastanie-doppelt-50-cm-hoch\/\">Staketenzaun Doppeltor 50 cm<\/a> erh\u00e4ltlich.<\/p>\n","protected":false},"excerpt":{"rendered":"<p>Ein Staketenzaun Einzeltor mit der H\u00f6he von 50 cm wird normalerweise passend zu einem Staketenzaun mit einer H\u00f6he von 50\u00a0cm bestellt. Das Staketentor wird inklusive&#8230;<\/p>\n","protected":false},"featured_media":6668,"comment_status":"closed","ping_status":"closed","template":"","meta":{"_acf_changed":false,"inline_featured_image":false,"_trash_the_other_posts":false,"ep_exclude_from_search":false,"iawp_total_views":346,"editor_notices":[]},"product_brand":[],"product_cat":[251,261,680,624,636],"product_tag":[],"class_list":{"0":"post-8839","1":"product","2":"type-product","3":"status-publish","4":"has-post-thumbnail","6":"product_cat-staketenzauntore","7":"product_cat-holztore","8":"product_cat-tore","9":"product_cat-kastanie","10":"product_cat-nach-mass","12":"first","13":"instock","14":"shipping-taxable","15":"purchasable","16":"product-type-variable","17":"has-default-attributes"},"composite_virtual":false,"composite_layout":"","composite_add_to_cart_form_location":"","composite_editable_in_cart":false,"composite_sold_individually_context":"","composite_shop_price_calc":"","composite_components":[],"composite_scenarios":[],"acf":[],"_links":{"self":[{"href":"https:\/\/adequat.eu\/de\/wp-json\/wp\/v2\/product\/8839","targetHints":{"allow":["GET"]}}],"collection":[{"href":"https:\/\/adequat.eu\/de\/wp-json\/wp\/v2\/product"}],"about":[{"href":"https:\/\/adequat.eu\/de\/wp-json\/wp\/v2\/types\/product"}],"replies":[{"embeddable":true,"href":"https:\/\/adequat.eu\/de\/wp-json\/wp\/v2\/comments?post=8839"}],"wp:featuredmedia":[{"embeddable":true,"href":"https:\/\/adequat.eu\/de\/wp-json\/wp\/v2\/media\/6668"}],"wp:attachment":[{"href":"https:\/\/adequat.eu\/de\/wp-json\/wp\/v2\/media?parent=8839"}],"wp:term":[{"taxonomy":"product_brand","embeddable":true,"href":"https:\/\/adequat.eu\/de\/wp-json\/wp\/v2\/product_brand?post=8839"},{"taxonomy":"product_cat","embeddable":true,"href":"https:\/\/adequat.eu\/de\/wp-json\/wp\/v2\/product_cat?post=8839"},{"taxonomy":"product_tag","embeddable":true,"href":"https:\/\/adequat.eu\/de\/wp-json\/wp\/v2\/product_tag?post=8839"}],"curies":[{"name":"wp","href":"https:\/\/api.w.org\/{rel}","templated":true}]}}