{"id":8846,"date":"2016-12-12T15:00:22","date_gmt":"2016-12-12T14:00:22","guid":{"rendered":"https:\/\/adequat.eu\/de\/product\/staketenzaun-tor-doppeltor-80-cm\/"},"modified":"2025-10-23T16:22:31","modified_gmt":"2025-10-23T14:22:31","slug":"staketenzaun-tor-doppeltor-80-cm","status":"publish","type":"product","link":"https:\/\/adequat.eu\/de\/produkt\/holztore\/staketenzauntor-kastanie-doppelt-80-cm-hoch\/","title":{"rendered":"Staketenzauntor Kastanie doppelt 80 cm hoch"},"content":{"rendered":"<p>Ein Staketenzaun Tor als Doppeltor mit der H\u00f6he von 80 cm wird normalerweise passend zu einem <a href=\"https:\/\/adequat.eu\/de\/produkt\/kastanienzaun-naturzaun\/staketenzaun\/staketenzaun-80-cm\/\">Staketenzaun mit einer H\u00f6he von 80\u00a0cm<\/a> bestellt.<\/p>\n<p>Ein Staketenzaun Tor als Doppeltor in der H\u00f6he 80\u00a0cm ist maximal 500 cm breit. Noch breitere Tore w\u00e4ren in dieser Ausf\u00fchrung instabil. Innerhalb dieser maximalen Ma\u00dfe sind alle Gr\u00f6\u00dfen m\u00f6glich. Auf dieser Seite finden Sie einige Standardgr\u00f6\u00dfen. Wenn Sie eine Zwischengr\u00f6\u00dfe ben\u00f6tigen, gilt der Preis des erstfolgenden Standard-Tors.<\/p>\n<p>Beispiel: F\u00fcr ein Staketenzaun Tor mit einer Breite von 140 cm gilt der Preis eines 150 cm breiten Tors. Die Preise f\u00fcr andere H\u00f6henma\u00dfe teilen wir Ihnen gern auf <a href=\"https:\/\/adequat.eu\/de\/angebot\/\">Anfrage<\/a> mit.<\/p>\n<h2>Staketentor als Doppeltor: Preis<\/h2>\n<p>Ein Doppeltor kostetet genau so viel wie zwei einzelne Staketentore minus 30 \u20ac. Alle Kombinationen sind m\u00f6glich.<\/p>\n<p>Das Staketentor wird inklusive zwei Pfosten zum Aufstellen sowie mit den passenden Beschl\u00e4gen und dem Schloss geliefert.\u00a0ACHTUNG: Um Besch\u00e4digungen beim Transport zu vermeiden, schrauben wir den Klinkhaken der Torfalle vor\u00fcbergehend an die <a href=\"https:\/\/adequat.eu\/de\/aktuell\/das-mysterium-des-verschwundenen-klinkhakens\/\"><u>Innenseite des Torpfostens<\/u><\/a>. Sie k\u00f6nnen den Klinkhaken einfach vom Holzpfosten abschrauben und ihn an der richtigen Stelle montieren.<\/p>\n<p>Dieses Staketenzaun Doppeltor 80 cm ist auch als <a href=\"https:\/\/adequat.eu\/de\/produkt\/holztore\/staketenzauntor-kastanie-doppelt-80-cm-hoch\/\">Staketenzaun Tor 80 cm<\/a>\u00a0erh\u00e4ltlich.<\/p>\n","protected":false},"excerpt":{"rendered":"<p>Ein Staketenzaun Tor als Doppeltor mit der H\u00f6he von 80 cm wird normalerweise passend zu einem Staketenzaun mit einer H\u00f6he von 80\u00a0cm bestellt. Ein Staketenzaun&#8230;<\/p>\n","protected":false},"featured_media":6693,"comment_status":"closed","ping_status":"closed","template":"","meta":{"_acf_changed":false,"inline_featured_image":false,"_trash_the_other_posts":false,"ep_exclude_from_search":false,"iawp_total_views":998,"editor_notices":[]},"product_brand":[],"product_cat":[251,500,261,680,638,640,643,645,646,649,637,624],"product_tag":[],"class_list":{"0":"post-8846","1":"product","2":"type-product","3":"status-publish","4":"has-post-thumbnail","6":"product_cat-staketenzauntore","7":"product_cat-doppelfluegeltor","8":"product_cat-holztore","9":"product_cat-tore","10":"product_cat-100-cm","11":"product_cat-120-cm","12":"product_cat-150-cm","13":"product_cat-180-cm","14":"product_cat-200-cm","15":"product_cat-250-cm","16":"product_cat-80-cm","17":"product_cat-kastanie","19":"first","20":"instock","21":"shipping-taxable","22":"purchasable","23":"product-type-composite"},"composite_virtual":false,"composite_layout":"single","composite_add_to_cart_form_location":"default","composite_editable_in_cart":false,"composite_sold_individually_context":"product","composite_shop_price_calc":"min_max","composite_components":[{"id":"1440688657","title":"Tor Links","description":"","query_type":"product_ids","query_ids":[8840],"default_option_id":8840,"thumbnail_id":"","thumbnail_src":"","quantity_min":1,"quantity_max":1,"priced_individually":true,"shipped_individually":false,"optional":false,"discount":"","options_style":"dropdowns","pagination_style":"classic","display_prices":"absolute","show_sorting_options":false,"show_filtering_options":false,"attribute_filter_ids":[],"select_action":"view","product_title_visible":false,"product_descr_visible":false,"product_price_visible":true,"product_thumb_visible":false,"subtotal_visible_product":true,"subtotal_visible_cart":true,"subtotal_visible_orders":true},{"id":"1440688658","title":"Tor Rechts","description":"","query_type":"product_ids","query_ids":[8840],"default_option_id":8840,"thumbnail_id":"","thumbnail_src":"","quantity_min":1,"quantity_max":1,"priced_individually":true,"shipped_individually":false,"optional":false,"discount":"","options_style":"dropdowns","pagination_style":"classic","display_prices":"absolute","show_sorting_options":false,"show_filtering_options":false,"attribute_filter_ids":[],"select_action":"view","product_title_visible":false,"product_descr_visible":false,"product_price_visible":true,"product_thumb_visible":false,"subtotal_visible_product":true,"subtotal_visible_cart":true,"subtotal_visible_orders":true}],"composite_scenarios":[],"acf":[],"_links":{"self":[{"href":"https:\/\/adequat.eu\/de\/wp-json\/wp\/v2\/product\/8846","targetHints":{"allow":["GET"]}}],"collection":[{"href":"https:\/\/adequat.eu\/de\/wp-json\/wp\/v2\/product"}],"about":[{"href":"https:\/\/adequat.eu\/de\/wp-json\/wp\/v2\/types\/product"}],"replies":[{"embeddable":true,"href":"https:\/\/adequat.eu\/de\/wp-json\/wp\/v2\/comments?post=8846"}],"wp:featuredmedia":[{"embeddable":true,"href":"https:\/\/adequat.eu\/de\/wp-json\/wp\/v2\/media\/6693"}],"wp:attachment":[{"href":"https:\/\/adequat.eu\/de\/wp-json\/wp\/v2\/media?parent=8846"}],"wp:term":[{"taxonomy":"product_brand","embeddable":true,"href":"https:\/\/adequat.eu\/de\/wp-json\/wp\/v2\/product_brand?post=8846"},{"taxonomy":"product_cat","embeddable":true,"href":"https:\/\/adequat.eu\/de\/wp-json\/wp\/v2\/product_cat?post=8846"},{"taxonomy":"product_tag","embeddable":true,"href":"https:\/\/adequat.eu\/de\/wp-json\/wp\/v2\/product_tag?post=8846"}],"curies":[{"name":"wp","href":"https:\/\/api.w.org\/{rel}","templated":true}]}}