{"id":8852,"date":"2016-12-12T15:59:07","date_gmt":"2016-12-12T14:59:07","guid":{"rendered":"https:\/\/adequat.eu\/de\/product\/robinienpfosten-robinie-pfosten\/"},"modified":"2026-04-03T09:36:29","modified_gmt":"2026-04-03T07:36:29","slug":"robinienpfosten-robinie-pfosten","status":"publish","type":"product","link":"https:\/\/adequat.eu\/de\/produkt\/holzpfaehle-holzpfosten\/robinienpfaehle-robinienpfosten\/robinienpfosten-robinie-pfosten\/","title":{"rendered":"Robinienpfahl \u00d8 6\/8 cm"},"content":{"rendered":"<p>Der Robinienpfahl mit 6-8 cm Durchmesser ist ein Rundholzpfahl aus sehr langlebigem, nat\u00fcrlichem Robinienholz. Der Pfahl hat einen Durchmesser von ca. 7 cm und einen Umfang von ca. 22 cm.<\/p>\n<p>Die Pfosten aus Robinie sind gesch\u00e4lt, nicht gefr\u00e4st und haben ihre nat\u00fcrliche Form behalten. Robinienpfosten sind daher nicht kerzengerade. Die Dicke der Pfosten wird an der d\u00fcnnen Seite gemessen. Angespitzt werden die Pfosten an der dickeren Seite.<\/p>\n<p>Pf\u00e4hle aus diesem europ\u00e4ischen Hartholz haben eine sehr lange Lebensdauer\u00a0<a href=\"https:\/\/adequat.eu\/de\/aktuell\/tips-tricks-deutsch\/haltbarkeit-von-kastanienholz\/\">(Dauerhaftigkeitsklasse 1)<\/a>\u00a0und ben\u00f6tigen keine Pflege oder Holzschutzmittel, da das Holz durch die besonderen Eigenschaften witterungsfest ist.<\/p>\n<h2>Robinienpfahl L\u00e4ngen<\/h2>\n<p>Bei den Robinienpfosten mit 6-8 cm Durchmesser, die Sie hier auf der Seite sehen, handelt es sich um L\u00e4ngenma\u00dfe, die wir standardm\u00e4\u00dfig auf Vorrat haben. Auf <a href=\"https:\/\/adequat.eu\/de\/angebot\/\">Anfrage<\/a> k\u00f6nnen wir auch andere L\u00e4ngen liefern.<\/p>\n<p><img decoding=\"async\" class=\"size-medium wp-image-39931\" src=\"https:\/\/adequat.eu\/de\/wp-content\/uploads\/sites\/3\/2025\/09\/Robinienpfaehle-rundholz-robinienstamm-992x569.jpg\" alt=\"Robinienpf\u00e4hle Rundholz Robinienstamm\" width=\"992\" height=\"569\" srcset=\"https:\/\/adequat.eu\/de\/wp-content\/uploads\/sites\/3\/2025\/09\/Robinienpfaehle-rundholz-robinienstamm-992x569.jpg 992w, https:\/\/adequat.eu\/de\/wp-content\/uploads\/sites\/3\/2025\/09\/Robinienpfaehle-rundholz-robinienstamm-1200x689.jpg 1200w, https:\/\/adequat.eu\/de\/wp-content\/uploads\/sites\/3\/2025\/09\/Robinienpfaehle-rundholz-robinienstamm-384x220.jpg 384w, https:\/\/adequat.eu\/de\/wp-content\/uploads\/sites\/3\/2025\/09\/Robinienpfaehle-rundholz-robinienstamm-576x331.jpg 576w, https:\/\/adequat.eu\/de\/wp-content\/uploads\/sites\/3\/2025\/09\/Robinienpfaehle-rundholz-robinienstamm-768x441.jpg 768w, https:\/\/adequat.eu\/de\/wp-content\/uploads\/sites\/3\/2025\/09\/Robinienpfaehle-rundholz-robinienstamm-800x459.jpg 800w, https:\/\/adequat.eu\/de\/wp-content\/uploads\/sites\/3\/2025\/09\/Robinienpfaehle-rundholz-robinienstamm.jpg 1904w\" sizes=\"(max-width: 992px) 100vw, 992px\" \/><\/p>\n","protected":false},"excerpt":{"rendered":"<p>Der Robinienpfahl mit 6-8 cm Durchmesser ist ein Rundholzpfahl aus sehr langlebigem, nat\u00fcrlichem Robinienholz. Der Pfahl hat einen Durchmesser von ca. 7 cm und einen&#8230;<\/p>\n","protected":false},"featured_media":6745,"comment_status":"closed","ping_status":"closed","template":"","meta":{"_acf_changed":false,"inline_featured_image":false,"_trash_the_other_posts":false,"ep_exclude_from_search":false,"iawp_total_views":4108,"editor_notices":[]},"product_brand":[],"product_cat":[252,263,492,450,421],"product_tag":[],"class_list":{"0":"post-8852","1":"product","2":"type-product","3":"status-publish","4":"has-post-thumbnail","6":"product_cat-robinienpfaehle-robinienpfosten","7":"product_cat-holzpfaehle-holzpfosten","8":"product_cat-holzpfaehle-200-cm","9":"product_cat-weidezaunpfahle-holz","10":"product_cat-zaunpfaele","12":"first","13":"instock","14":"shipping-taxable","15":"purchasable","16":"product-type-variable","17":"has-default-attributes"},"composite_virtual":false,"composite_layout":"","composite_add_to_cart_form_location":"","composite_editable_in_cart":false,"composite_sold_individually_context":"","composite_shop_price_calc":"","composite_components":[],"composite_scenarios":[],"acf":[],"_links":{"self":[{"href":"https:\/\/adequat.eu\/de\/wp-json\/wp\/v2\/product\/8852","targetHints":{"allow":["GET"]}}],"collection":[{"href":"https:\/\/adequat.eu\/de\/wp-json\/wp\/v2\/product"}],"about":[{"href":"https:\/\/adequat.eu\/de\/wp-json\/wp\/v2\/types\/product"}],"replies":[{"embeddable":true,"href":"https:\/\/adequat.eu\/de\/wp-json\/wp\/v2\/comments?post=8852"}],"wp:featuredmedia":[{"embeddable":true,"href":"https:\/\/adequat.eu\/de\/wp-json\/wp\/v2\/media\/6745"}],"wp:attachment":[{"href":"https:\/\/adequat.eu\/de\/wp-json\/wp\/v2\/media?parent=8852"}],"wp:term":[{"taxonomy":"product_brand","embeddable":true,"href":"https:\/\/adequat.eu\/de\/wp-json\/wp\/v2\/product_brand?post=8852"},{"taxonomy":"product_cat","embeddable":true,"href":"https:\/\/adequat.eu\/de\/wp-json\/wp\/v2\/product_cat?post=8852"},{"taxonomy":"product_tag","embeddable":true,"href":"https:\/\/adequat.eu\/de\/wp-json\/wp\/v2\/product_tag?post=8852"}],"curies":[{"name":"wp","href":"https:\/\/api.w.org\/{rel}","templated":true}]}}