{"id":8853,"date":"2016-12-12T16:06:54","date_gmt":"2016-12-12T15:06:54","guid":{"rendered":"https:\/\/adequat.eu\/de\/product\/robinienpfahl\/"},"modified":"2026-04-24T09:30:47","modified_gmt":"2026-04-24T07:30:47","slug":"robinienpfahl","status":"publish","type":"product","link":"https:\/\/adequat.eu\/de\/produkt\/holzpfaehle-holzpfosten\/robinienpfaehle-robinienpfosten\/robinienpfahl\/","title":{"rendered":"Robinienpfahl \u00d8 8\/10 cm"},"content":{"rendered":"<ul>\n<li>Beliebt als Zaunpfahl<\/li>\n<\/ul>\n<p>Der Robinienpfahl \u00d8 8\/10 cm ist ein Rundholzpfahl aus sehr langlebigem, nat\u00fcrlichem Robinienholz. Der Pfahl hat einen Durchmesser von ca. 9 cm und einen Umfang von ca. 28 cm.<\/p>\n<p>Bis zu 300 cm liefern wir diese Robinienpf\u00e4hle standardm\u00e4\u00dfig gespitzt, ab 350 cm sind sie standardm\u00e4\u00dfig nicht gespitzt.<\/p>\n<p>Die Pfosten aus Robinie sind gesch\u00e4lt, nicht gefr\u00e4st und haben ihre nat\u00fcrliche Form behalten. Robinienpfosten sind daher nicht kerzengerade. Die Dicke der Pfosten wird an der d\u00fcnnen Seite gemessen. Angespitzt werden die Pfosten an der dickeren Seite.<\/p>\n<p>Pf\u00e4hle aus diesem europ\u00e4ischen Hartholz haben eine sehr lange Lebensdauer <a href=\"https:\/\/adequat.eu\/de\/aktuell\/tips-tricks-deutsch\/haltbarkeit-von-kastanienholz\/\">(Dauerhaftigkeitsklasse 1)<\/a> und ben\u00f6tigen keine Pflege oder Holzschutzmittel, da das Holz durch die besonderen Eigenschaften witterungsfest ist.<\/p>\n<h2>Robinienpfahl L\u00e4ngen<\/h2>\n<p>Bei den verschiedenen Robinienpf\u00e4hlen mit 8-10 cm Durchmesser handelt es sich um L\u00e4ngenma\u00dfe, die wir standardm\u00e4\u00dfig auf Vorrat haben. Auf Anfrage k\u00f6nnen wir auch andere L\u00e4ngen liefern.<\/p>\n<p><img decoding=\"async\" class=\"size-medium wp-image-39931\" src=\"https:\/\/adequat.eu\/de\/wp-content\/uploads\/sites\/3\/2025\/09\/Robinienpfaehle-rundholz-robinienstamm-992x569.jpg\" alt=\"Robinienpf\u00e4hle Rundholz Robinienstamm\" width=\"992\" height=\"569\" srcset=\"https:\/\/adequat.eu\/de\/wp-content\/uploads\/sites\/3\/2025\/09\/Robinienpfaehle-rundholz-robinienstamm-992x569.jpg 992w, https:\/\/adequat.eu\/de\/wp-content\/uploads\/sites\/3\/2025\/09\/Robinienpfaehle-rundholz-robinienstamm-1200x689.jpg 1200w, https:\/\/adequat.eu\/de\/wp-content\/uploads\/sites\/3\/2025\/09\/Robinienpfaehle-rundholz-robinienstamm-384x220.jpg 384w, https:\/\/adequat.eu\/de\/wp-content\/uploads\/sites\/3\/2025\/09\/Robinienpfaehle-rundholz-robinienstamm-576x331.jpg 576w, https:\/\/adequat.eu\/de\/wp-content\/uploads\/sites\/3\/2025\/09\/Robinienpfaehle-rundholz-robinienstamm-768x441.jpg 768w, https:\/\/adequat.eu\/de\/wp-content\/uploads\/sites\/3\/2025\/09\/Robinienpfaehle-rundholz-robinienstamm-800x459.jpg 800w, https:\/\/adequat.eu\/de\/wp-content\/uploads\/sites\/3\/2025\/09\/Robinienpfaehle-rundholz-robinienstamm.jpg 1904w\" sizes=\"(max-width: 992px) 100vw, 992px\" \/><\/p>\n","protected":false},"excerpt":{"rendered":"<p>Beliebt als Zaunpfahl Der Robinienpfahl \u00d8 8\/10 cm ist ein Rundholzpfahl aus sehr langlebigem, nat\u00fcrlichem Robinienholz. Der Pfahl hat einen Durchmesser von ca. 9 cm&#8230;<\/p>\n","protected":false},"featured_media":6755,"comment_status":"closed","ping_status":"closed","template":"","meta":{"_acf_changed":false,"inline_featured_image":false,"_trash_the_other_posts":false,"ep_exclude_from_search":false,"iawp_total_views":13741,"editor_notices":[]},"product_brand":[],"product_cat":[252,520,519,263,492,478,517,518,450,521,421],"product_tag":[752],"class_list":{"0":"post-8853","1":"product","2":"type-product","3":"status-publish","4":"has-post-thumbnail","6":"product_cat-robinienpfaehle-robinienpfosten","7":"product_cat-gefluegelzaun","8":"product_cat-hasenzaun","9":"product_cat-holzpfaehle-holzpfosten","10":"product_cat-holzpfaehle-200-cm","11":"product_cat-holzpfaehle-300-cm","12":"product_cat-huenerzaun","13":"product_cat-hundezaun","14":"product_cat-weidezaunpfahle-holz","15":"product_cat-wildzaun","16":"product_cat-zaunpfaele","17":"product_tag-palenwand","19":"first","20":"instock","21":"shipping-taxable","22":"purchasable","23":"product-type-variable","24":"has-default-attributes"},"composite_virtual":false,"composite_layout":"","composite_add_to_cart_form_location":"","composite_editable_in_cart":false,"composite_sold_individually_context":"","composite_shop_price_calc":"","composite_components":[],"composite_scenarios":[],"acf":[],"_links":{"self":[{"href":"https:\/\/adequat.eu\/de\/wp-json\/wp\/v2\/product\/8853","targetHints":{"allow":["GET"]}}],"collection":[{"href":"https:\/\/adequat.eu\/de\/wp-json\/wp\/v2\/product"}],"about":[{"href":"https:\/\/adequat.eu\/de\/wp-json\/wp\/v2\/types\/product"}],"replies":[{"embeddable":true,"href":"https:\/\/adequat.eu\/de\/wp-json\/wp\/v2\/comments?post=8853"}],"wp:featuredmedia":[{"embeddable":true,"href":"https:\/\/adequat.eu\/de\/wp-json\/wp\/v2\/media\/6755"}],"wp:attachment":[{"href":"https:\/\/adequat.eu\/de\/wp-json\/wp\/v2\/media?parent=8853"}],"wp:term":[{"taxonomy":"product_brand","embeddable":true,"href":"https:\/\/adequat.eu\/de\/wp-json\/wp\/v2\/product_brand?post=8853"},{"taxonomy":"product_cat","embeddable":true,"href":"https:\/\/adequat.eu\/de\/wp-json\/wp\/v2\/product_cat?post=8853"},{"taxonomy":"product_tag","embeddable":true,"href":"https:\/\/adequat.eu\/de\/wp-json\/wp\/v2\/product_tag?post=8853"}],"curies":[{"name":"wp","href":"https:\/\/api.w.org\/{rel}","templated":true}]}}