{"id":8854,"date":"2016-12-12T16:13:16","date_gmt":"2016-12-12T15:13:16","guid":{"rendered":"https:\/\/adequat.eu\/de\/product\/robinienholz-pfahl\/"},"modified":"2026-04-02T12:27:21","modified_gmt":"2026-04-02T10:27:21","slug":"robinienholz-pfahl","status":"publish","type":"product","link":"https:\/\/adequat.eu\/de\/produkt\/holzpfaehle-holzpfosten\/robinienpfaehle-robinienpfosten\/robinienholz-pfahl\/","title":{"rendered":"Robinienpfahl \u00d8 10\/12 cm"},"content":{"rendered":"<p>Der Robinienpfahl \u00d8 10\/12 cm ist ein Rundholzpfahl aus sehr langlebigem, nat\u00fcrlichem Robinienholz. Der Robinienstamm hat einen Durchmesser von ca. 11 cm und einen Umfang von ca. 35 cm.<\/p>\n<p>Dieser Robinienpfosten wird ab 350 cm L\u00e4nge ungespitzt geliefert.<\/p>\n<p>Die Robinienholz-Pf\u00e4hle sind gesch\u00e4lt, nicht gefr\u00e4st und haben ihre nat\u00fcrliche Form behalten. Ein Robinienstamm ist nicht kerzengerade. Die Dicke des Pfostens wird an der d\u00fcnnen Seite gemessen. Angespitzt werden die Pf\u00e4hle an der dickeren Seite.<\/p>\n<p>Ein Pfahl aus diesem europ\u00e4ischen Hartholz hat eine sehr lange Lebensdauer <a href=\"https:\/\/adequat.eu\/de\/aktuell\/tips-tricks-deutsch\/haltbarkeit-von-kastanienholz\/\">(Dauerhaftigkeitsklasse 1)<\/a>\u00a0und ben\u00f6tigt keine Pflege. Ein Robinienholz Pfosten muss nicht behandelt werden und wird durch die H\u00e4rte des Holzes perfekt vor Feuchtigkeit gesch\u00fctzt.<\/p>\n<h2>Robinienpfosten: L\u00e4ngen<\/h2>\n<p>Bei den Robinienst\u00e4mmen mit 10-12 cm Durchmesser handelt es sich um L\u00e4ngenma\u00dfe, die wir standardm\u00e4\u00dfig auf Vorrat haben. Gern liefern wir auf <a href=\"https:\/\/adequat.eu\/de\/angebot\/\">Anfrage<\/a> auch andere L\u00e4ngen.<\/p>\n<p><img decoding=\"async\" class=\"size-medium wp-image-39931\" src=\"https:\/\/adequat.eu\/de\/wp-content\/uploads\/sites\/3\/2025\/09\/Robinienpfaehle-rundholz-robinienstamm-992x569.jpg\" alt=\"Robinienpf\u00e4hle Rundholz Robinienstamm\" width=\"992\" height=\"569\" srcset=\"https:\/\/adequat.eu\/de\/wp-content\/uploads\/sites\/3\/2025\/09\/Robinienpfaehle-rundholz-robinienstamm-992x569.jpg 992w, https:\/\/adequat.eu\/de\/wp-content\/uploads\/sites\/3\/2025\/09\/Robinienpfaehle-rundholz-robinienstamm-1200x689.jpg 1200w, https:\/\/adequat.eu\/de\/wp-content\/uploads\/sites\/3\/2025\/09\/Robinienpfaehle-rundholz-robinienstamm-384x220.jpg 384w, https:\/\/adequat.eu\/de\/wp-content\/uploads\/sites\/3\/2025\/09\/Robinienpfaehle-rundholz-robinienstamm-576x331.jpg 576w, https:\/\/adequat.eu\/de\/wp-content\/uploads\/sites\/3\/2025\/09\/Robinienpfaehle-rundholz-robinienstamm-768x441.jpg 768w, https:\/\/adequat.eu\/de\/wp-content\/uploads\/sites\/3\/2025\/09\/Robinienpfaehle-rundholz-robinienstamm-800x459.jpg 800w, https:\/\/adequat.eu\/de\/wp-content\/uploads\/sites\/3\/2025\/09\/Robinienpfaehle-rundholz-robinienstamm.jpg 1904w\" sizes=\"(max-width: 992px) 100vw, 992px\" \/><\/p>\n","protected":false},"excerpt":{"rendered":"<p>Der Robinienpfahl \u00d8 10\/12 cm ist ein Rundholzpfahl aus sehr langlebigem, nat\u00fcrlichem Robinienholz. Der Robinienstamm hat einen Durchmesser von ca. 11 cm und einen Umfang&#8230;<\/p>\n","protected":false},"featured_media":6758,"comment_status":"closed","ping_status":"closed","template":"","meta":{"_acf_changed":false,"inline_featured_image":false,"_trash_the_other_posts":false,"ep_exclude_from_search":false,"iawp_total_views":16302,"editor_notices":[]},"product_brand":[],"product_cat":[252,263,492,478,479],"product_tag":[],"class_list":{"0":"post-8854","1":"product","2":"type-product","3":"status-publish","4":"has-post-thumbnail","6":"product_cat-robinienpfaehle-robinienpfosten","7":"product_cat-holzpfaehle-holzpfosten","8":"product_cat-holzpfaehle-200-cm","9":"product_cat-holzpfaehle-300-cm","10":"product_cat-holzpfaehle-400-cm","12":"first","13":"instock","14":"shipping-taxable","15":"purchasable","16":"product-type-variable","17":"has-default-attributes"},"composite_virtual":false,"composite_layout":"","composite_add_to_cart_form_location":"","composite_editable_in_cart":false,"composite_sold_individually_context":"","composite_shop_price_calc":"","composite_components":[],"composite_scenarios":[],"acf":[],"_links":{"self":[{"href":"https:\/\/adequat.eu\/de\/wp-json\/wp\/v2\/product\/8854","targetHints":{"allow":["GET"]}}],"collection":[{"href":"https:\/\/adequat.eu\/de\/wp-json\/wp\/v2\/product"}],"about":[{"href":"https:\/\/adequat.eu\/de\/wp-json\/wp\/v2\/types\/product"}],"replies":[{"embeddable":true,"href":"https:\/\/adequat.eu\/de\/wp-json\/wp\/v2\/comments?post=8854"}],"wp:featuredmedia":[{"embeddable":true,"href":"https:\/\/adequat.eu\/de\/wp-json\/wp\/v2\/media\/6758"}],"wp:attachment":[{"href":"https:\/\/adequat.eu\/de\/wp-json\/wp\/v2\/media?parent=8854"}],"wp:term":[{"taxonomy":"product_brand","embeddable":true,"href":"https:\/\/adequat.eu\/de\/wp-json\/wp\/v2\/product_brand?post=8854"},{"taxonomy":"product_cat","embeddable":true,"href":"https:\/\/adequat.eu\/de\/wp-json\/wp\/v2\/product_cat?post=8854"},{"taxonomy":"product_tag","embeddable":true,"href":"https:\/\/adequat.eu\/de\/wp-json\/wp\/v2\/product_tag?post=8854"}],"curies":[{"name":"wp","href":"https:\/\/api.w.org\/{rel}","templated":true}]}}