{"id":8855,"date":"2016-12-12T16:17:59","date_gmt":"2016-12-12T15:17:59","guid":{"rendered":"https:\/\/adequat.eu\/de\/product\/robinien-zaunpfahl\/"},"modified":"2026-04-24T09:31:12","modified_gmt":"2026-04-24T07:31:12","slug":"robinien-zaunpfahl","status":"publish","type":"product","link":"https:\/\/adequat.eu\/de\/produkt\/holzpfaehle-holzpfosten\/robinienpfaehle-robinienpfosten\/robinien-zaunpfahl\/","title":{"rendered":"Robinienpfahl \u00d8 12\/14 cm"},"content":{"rendered":"<p>Der Robinienpfahl \u00d8 12\/14 cm ist ein Rundholzpfahl aus sehr langlebigem, nat\u00fcrlichem Robinienholz. Das Rundholz aus Robinie hat einen Durchmesser von ca. 13 cm und einen Umfang von ca. 41 cm.<\/p>\n<p>Dieser Robinienpfosten wird ab 350 cm L\u00e4nge ungespitzt geliefert.<\/p>\n<p>Die Robinienholz-Pfosten sind gesch\u00e4lt und angespitzt. Sie sind nicht gefr\u00e4st und haben ihre nat\u00fcrliche Form behalten. Ein Robinienstamm ist nicht kerzengerade.<\/p>\n<ul>\n<li>Wir messen den Robinienstamm immer an der d\u00fcnneren Seite.<\/li>\n<li>Wir spitzen den Robinienpfosten an der dickeren Seite an.<\/li>\n<\/ul>\n<p>Ein Pfahl aus diesem europ\u00e4ischen Hartholz hat eine sehr lange Lebensdauer <a href=\"https:\/\/adequat.eu\/de\/aktuell\/tips-tricks-deutsch\/haltbarkeit-von-kastanienholz\/\">(Dauerhaftigkeitsklasse 1)<\/a> und ben\u00f6tigt keine Pflege. Ein Zaunpfahl aus Robinie muss nicht behandelt werden und wird durch die H\u00e4rte des Holzes perfekt vor Feuchtigkeit gesch\u00fctzt.<\/p>\n<h2>Robinienpfosten L\u00e4ngen<\/h2>\n<p>Bei den Robinienst\u00e4mmen mit 12-14 cm Durchmesser handelt es sich um L\u00e4ngenma\u00dfe, die wir standardm\u00e4\u00dfig auf Vorrat haben. Gern liefern wir auf <a href=\"https:\/\/adequat.eu\/de\/angebot\/\">Anfrage<\/a> auch andere L\u00e4ngen.<\/p>\n<p><img decoding=\"async\" class=\"size-medium wp-image-39931\" src=\"https:\/\/adequat.eu\/de\/wp-content\/uploads\/sites\/3\/2025\/09\/Robinienpfaehle-rundholz-robinienstamm-992x569.jpg\" alt=\"Robinienpf\u00e4hle Rundholz Robinienstamm\" width=\"992\" height=\"569\" srcset=\"https:\/\/adequat.eu\/de\/wp-content\/uploads\/sites\/3\/2025\/09\/Robinienpfaehle-rundholz-robinienstamm-992x569.jpg 992w, https:\/\/adequat.eu\/de\/wp-content\/uploads\/sites\/3\/2025\/09\/Robinienpfaehle-rundholz-robinienstamm-1200x689.jpg 1200w, https:\/\/adequat.eu\/de\/wp-content\/uploads\/sites\/3\/2025\/09\/Robinienpfaehle-rundholz-robinienstamm-384x220.jpg 384w, https:\/\/adequat.eu\/de\/wp-content\/uploads\/sites\/3\/2025\/09\/Robinienpfaehle-rundholz-robinienstamm-576x331.jpg 576w, https:\/\/adequat.eu\/de\/wp-content\/uploads\/sites\/3\/2025\/09\/Robinienpfaehle-rundholz-robinienstamm-768x441.jpg 768w, https:\/\/adequat.eu\/de\/wp-content\/uploads\/sites\/3\/2025\/09\/Robinienpfaehle-rundholz-robinienstamm-800x459.jpg 800w, https:\/\/adequat.eu\/de\/wp-content\/uploads\/sites\/3\/2025\/09\/Robinienpfaehle-rundholz-robinienstamm.jpg 1904w\" sizes=\"(max-width: 992px) 100vw, 992px\" \/><\/p>\n","protected":false},"excerpt":{"rendered":"<p>Der Robinienpfahl \u00d8 12\/14 cm ist ein Rundholzpfahl aus sehr langlebigem, nat\u00fcrlichem Robinienholz. Das Rundholz aus Robinie hat einen Durchmesser von ca. 13 cm und&#8230;<\/p>\n","protected":false},"featured_media":6762,"comment_status":"closed","ping_status":"closed","template":"","meta":{"_acf_changed":false,"inline_featured_image":false,"_trash_the_other_posts":false,"ep_exclude_from_search":false,"iawp_total_views":16989,"editor_notices":[]},"product_brand":[],"product_cat":[252,263,492,478,479,480,481],"product_tag":[752],"class_list":{"0":"post-8855","1":"product","2":"type-product","3":"status-publish","4":"has-post-thumbnail","6":"product_cat-robinienpfaehle-robinienpfosten","7":"product_cat-holzpfaehle-holzpfosten","8":"product_cat-holzpfaehle-200-cm","9":"product_cat-holzpfaehle-300-cm","10":"product_cat-holzpfaehle-400-cm","11":"product_cat-holzpfaehle-500-cm","12":"product_cat-holzpfaehle-600-cm","13":"product_tag-palenwand","15":"first","16":"instock","17":"shipping-taxable","18":"purchasable","19":"product-type-variable","20":"has-default-attributes"},"composite_virtual":false,"composite_layout":"","composite_add_to_cart_form_location":"","composite_editable_in_cart":false,"composite_sold_individually_context":"","composite_shop_price_calc":"","composite_components":[],"composite_scenarios":[],"acf":[],"_links":{"self":[{"href":"https:\/\/adequat.eu\/de\/wp-json\/wp\/v2\/product\/8855","targetHints":{"allow":["GET"]}}],"collection":[{"href":"https:\/\/adequat.eu\/de\/wp-json\/wp\/v2\/product"}],"about":[{"href":"https:\/\/adequat.eu\/de\/wp-json\/wp\/v2\/types\/product"}],"replies":[{"embeddable":true,"href":"https:\/\/adequat.eu\/de\/wp-json\/wp\/v2\/comments?post=8855"}],"wp:featuredmedia":[{"embeddable":true,"href":"https:\/\/adequat.eu\/de\/wp-json\/wp\/v2\/media\/6762"}],"wp:attachment":[{"href":"https:\/\/adequat.eu\/de\/wp-json\/wp\/v2\/media?parent=8855"}],"wp:term":[{"taxonomy":"product_brand","embeddable":true,"href":"https:\/\/adequat.eu\/de\/wp-json\/wp\/v2\/product_brand?post=8855"},{"taxonomy":"product_cat","embeddable":true,"href":"https:\/\/adequat.eu\/de\/wp-json\/wp\/v2\/product_cat?post=8855"},{"taxonomy":"product_tag","embeddable":true,"href":"https:\/\/adequat.eu\/de\/wp-json\/wp\/v2\/product_tag?post=8855"}],"curies":[{"name":"wp","href":"https:\/\/api.w.org\/{rel}","templated":true}]}}