{"id":8860,"date":"2016-12-12T19:26:20","date_gmt":"2016-12-12T18:26:20","guid":{"rendered":"https:\/\/adequat.eu\/de\/product\/staketentor-nur-rahmen-120-cm\/"},"modified":"2026-04-03T16:48:47","modified_gmt":"2026-04-03T14:48:47","slug":"staketentor-nur-rahmen-120-cm","status":"publish","type":"product","link":"https:\/\/adequat.eu\/de\/produkt\/holztore\/staketenzauntor-nur-rahmen-kastanie-einzeln-120-cm-hoch\/","title":{"rendered":"Staketenzauntor nur Rahmen Kastanie einzeln 120 cm hoch"},"content":{"rendered":"<p>Bei diesen Staketentoren handelt es sich nur um den Rahmen. Sie k\u00f6nnen die Staketen (die sie vielleicht noch vom Zaun \u00fcbrig haben) selbst am Torrahmen befestigen.<\/p>\n<p>Ein einzelne Staketentor mit der H\u00f6he von 120 cm wird normalerweise passend zu einem <a href=\"https:\/\/adequat.eu\/de\/produkt\/kastanienzaun-naturzaun\/staketenzaun\/staketenzaun-120-cm\/\">Staketenzaun mit einer H\u00f6he von 120 cm<\/a> bestellt.<\/p>\n<p>Das Staketentor &#8211; Einzeltor wird inklusive zwei Pfosten zum Aufstellen (mit dem <a href=\"https:\/\/adequat.eu\/de\/produkt\/holzpfaehle-holzpfosten\/kastanienpfaehle-kastanienpfosten\/zaunpfosten-kastanie\/\">Durchmesser 10\/12<\/a> in der L\u00e4nge 200\u00a0cm) und mit den passenden Beschl\u00e4gen und dem Schloss geliefert.\u00a0ACHTUNG: Um Besch\u00e4digungen beim Transport zu vermeiden, schrauben wir den Klinkhaken der Torfalle vor\u00fcbergehend an die <a href=\"https:\/\/adequat.eu\/de\/aktuell\/das-mysterium-des-verschwundenen-klinkhakens\/\"><u>Innenseite des Torpfostens<\/u><\/a>. Sie k\u00f6nnen den Klinkhaken einfach vom Holzpfosten abschrauben und ihn an der richtigen Stelle montieren.<\/p>\n<p>F\u00fcr die Wahl des richtigen Staketentors ist es wichtig, zu wissen, welche Drehrichtung bei uns standardm\u00e4\u00dfig verwendet wird. Bei Ad\u00e9quat schauen wir von der Seite auf das Staketentor, auf der die Latten befestigt sind (bei den <a href=\"https:\/\/adequat.eu\/de\/produkt\/holztore\/staketenzauntor-kastanie-einzeln-120-cm-hoch\/\">Staketenzaun Toren mit Latten<\/a>) bzw. auf der die Latten noch befestigt werden sollen (bei den Staketenzaun Toren mit Rahmen). Diese Seite bezeichnen wir als Vorderseite. Auf der R\u00fcckseite des Tors befinden sich also die Scharniere und das Schloss. Wenn Sie das Staketenzaun Tor von vorn betrachten, befinden sich die Scharniere an der rechten Seite des Tores. Also \u00f6ffnet sich das Tor nach rechts. Auf Wunsch liefern wir auch Tore, die sich nach links \u00f6ffnen. Bitte geben Sie dies dann bitte bei Ihrer Bestellung an.<\/p>\n<h2>Staketentor \u2013 Einzeltor nur Rahmen<\/h2>\n<p>Dieses einzelne Staketentor ist auch als <a href=\"https:\/\/adequat.eu\/de\/produkt\/holztore\/staketenzauntor-nur-rahmen-kastanie-doppelt-120-cm-hoch\/\">Staketen Doppeltor nur Rahmen 120 cm<\/a> erh\u00e4ltlich.<\/p>\n","protected":false},"excerpt":{"rendered":"<p>Bei diesen Staketentoren handelt es sich nur um den Rahmen. Sie k\u00f6nnen die Staketen (die sie vielleicht noch vom Zaun \u00fcbrig haben) selbst am Torrahmen&#8230;<\/p>\n","protected":false},"featured_media":6791,"comment_status":"closed","ping_status":"closed","template":"","meta":{"_acf_changed":false,"inline_featured_image":false,"_trash_the_other_posts":false,"ep_exclude_from_search":false,"iawp_total_views":395,"editor_notices":[]},"product_brand":[],"product_cat":[630,520,261,517,251,681,638,640,643,645,646,649,637,624,636],"product_tag":[],"class_list":{"0":"post-8860","1":"product","2":"type-product","3":"status-publish","4":"has-post-thumbnail","6":"product_cat-einzeltor","7":"product_cat-gefluegelzaun","8":"product_cat-holztore","9":"product_cat-huenerzaun","10":"product_cat-staketenzauntore","11":"product_cat-rahmen","12":"product_cat-100-cm","13":"product_cat-120-cm","14":"product_cat-150-cm","15":"product_cat-180-cm","16":"product_cat-200-cm","17":"product_cat-250-cm","18":"product_cat-80-cm","19":"product_cat-kastanie","20":"product_cat-nach-mass","22":"first","23":"instock","24":"shipping-taxable","25":"purchasable","26":"product-type-variable","27":"has-default-attributes"},"composite_virtual":false,"composite_layout":"","composite_add_to_cart_form_location":"","composite_editable_in_cart":false,"composite_sold_individually_context":"","composite_shop_price_calc":"","composite_components":[],"composite_scenarios":[],"acf":[],"_links":{"self":[{"href":"https:\/\/adequat.eu\/de\/wp-json\/wp\/v2\/product\/8860","targetHints":{"allow":["GET"]}}],"collection":[{"href":"https:\/\/adequat.eu\/de\/wp-json\/wp\/v2\/product"}],"about":[{"href":"https:\/\/adequat.eu\/de\/wp-json\/wp\/v2\/types\/product"}],"replies":[{"embeddable":true,"href":"https:\/\/adequat.eu\/de\/wp-json\/wp\/v2\/comments?post=8860"}],"wp:featuredmedia":[{"embeddable":true,"href":"https:\/\/adequat.eu\/de\/wp-json\/wp\/v2\/media\/6791"}],"wp:attachment":[{"href":"https:\/\/adequat.eu\/de\/wp-json\/wp\/v2\/media?parent=8860"}],"wp:term":[{"taxonomy":"product_brand","embeddable":true,"href":"https:\/\/adequat.eu\/de\/wp-json\/wp\/v2\/product_brand?post=8860"},{"taxonomy":"product_cat","embeddable":true,"href":"https:\/\/adequat.eu\/de\/wp-json\/wp\/v2\/product_cat?post=8860"},{"taxonomy":"product_tag","embeddable":true,"href":"https:\/\/adequat.eu\/de\/wp-json\/wp\/v2\/product_tag?post=8860"}],"curies":[{"name":"wp","href":"https:\/\/api.w.org\/{rel}","templated":true}]}}