{"id":8866,"date":"2016-12-12T20:23:14","date_gmt":"2016-12-12T19:23:14","guid":{"rendered":"https:\/\/adequat.eu\/de\/product\/staketen-tor-nur-rahmen-doppeltor-100-cm\/"},"modified":"2025-10-23T16:34:03","modified_gmt":"2025-10-23T14:34:03","slug":"staketen-tor-nur-rahmen-doppeltor-100-cm","status":"publish","type":"product","link":"https:\/\/adequat.eu\/de\/produkt\/holztore\/staketenzauntor-nur-rahmen-kastanie-doppelt-100-cm-hoch\/","title":{"rendered":"Staketenzauntor nur Rahmen Kastanie doppelt 100 cm hoch"},"content":{"rendered":"<p>Ein Staketen-Tor (nur Rahmen) als Doppeltor mit der H\u00f6he von 100 cm wird normalerweise passend zu einem <a href=\"https:\/\/adequat.eu\/de\/produkt\/kastanienzaun-naturzaun\/staketenzaun\/staketenzaun-100-cm\/\">Staketenzaun mit einer H\u00f6he von 100 cm<\/a> bestellt.<\/p>\n<p>Ein Staketen-Tor als Doppeltor in der H\u00f6he 100 cm ist maximal 500 cm breit. Noch breitere Tore w\u00e4ren in dieser Ausf\u00fchrung instabil. Innerhalb dieser maximalen Ma\u00dfe sind alle Gr\u00f6\u00dfen m\u00f6glich. Auf dieser Seite finden Sie einige Standardgr\u00f6\u00dfen. Wenn Sie eine Zwischengr\u00f6\u00dfe ben\u00f6tigen, gilt der Preis des erstfolgenden Standard-Tors.<br \/>\nBeispiel: F\u00fcr ein Staketen-Tor mit einer Breite von 140 cm gilt der Preis eines 150 cm breiten Tors. Die Preise f\u00fcr andere H\u00f6henma\u00dfe teilen wir Ihnen gern auf <a href=\"https:\/\/adequat.eu\/de\/angebot\/\">Anfrage<\/a> mit.<\/p>\n<h2>Staketentor als Doppeltor: Preis<\/h2>\n<p>Ein Doppeltor kostetet genau so viel wie zwei einzelne Staketentore minus 30 \u20ac. Alle Kombinationen sind m\u00f6glich.<\/p>\n<p>Bei diesen Toren sind die Torbeschl\u00e4ge bereits vormontiert. Die dazugeh\u00f6rigen Pfosten werden mitgeliefert.\u00a0ACHTUNG: Um Besch\u00e4digungen beim Transport zu vermeiden, schrauben wir den Klinkhaken der Torfalle vor\u00fcbergehend an die\u00a0<a href=\"https:\/\/adequat.eu\/de\/aktuell\/das-mysterium-des-verschwundenen-klinkhakens\/\"><u>Innenseite des Torpfostens<\/u><\/a>. Sie k\u00f6nnen den Klinkhaken einfach vom Holzpfosten abschrauben und ihn an der richtigen Stelle montieren.<\/p>\n<p>Damit Sie sich auch f\u00fcr das richtige Staketentor entscheiden, ist es wichtig zu wissen, zu welcher Seite sich das Tor standardm\u00e4\u00dfig aufdreht:<\/p>\n<p>Wir schauen direkt auf das Staketenzaun Tor, und zwar von der Seite, auf der die Latten befestigt sind (bei den Staketentoren mit Latten) bzw. von der Seite, auf der die Latten noch befestigt werden sollen (bei den Staketentoren mit Rahmen). Das ist f\u00fcr uns die Vorderseite.<br \/>\nAn der Hinterseite befinden sich also die Scharniere und Beschl\u00e4ge. Wenn Sie auf die Vorderseite des Tores blicken, dann befinden sich die Scharniere auf der rechten Seite. Das Tor ist also an der rechten Seite befestigt und dreht sich nach rechts auf.<\/p>\n<p>Auf Wunsch liefern wir Ihnen auch gern ein Staketentor, das sich zur linken Seite \u00f6ffnet. Allerdings m\u00fcssten Sie uns dies bei Ihrer Bestellung ausdr\u00fccklich mitteilen.<\/p>\n<p>Wenn Sie ein Doppeltor bestellen, montieren wir den Bodenschieber standardm\u00e4\u00dfig am linken Torfl\u00fcgel. Am rechten Torfl\u00fcgel befindet sich das Torschloss. Wenn Sie ein Doppeltor bestellen, das aus zwei ungleich gro\u00dfen Torfl\u00fcgeln besteht, montieren wir den Bodenschieber standardm\u00e4\u00dfig am gr\u00f6\u00dferen Torfl\u00fcgel.\u00a0Wenn Sie sich eine andere Aufteilung w\u00fcnschen, geben Sie dies bitte bei Ihrer Bestellung im Kommentarfeld an.<\/p>\n<p>Dieses Staketentor ist auch als\u00a0<a href=\"https:\/\/adequat.eu\/de\/produkt\/holztore\/staketenzauntor-nur-rahmen-kastanie-einzeln-100-cm-hoch\/\">Staketentor nur Rahmen 100 cm<\/a>\u00a0erh\u00e4ltlich.<\/p>\n","protected":false},"excerpt":{"rendered":"<p>Ein Staketen-Tor (nur Rahmen) als Doppeltor mit der H\u00f6he von 100 cm wird normalerweise passend zu einem Staketenzaun mit einer H\u00f6he von 100 cm bestellt&#8230;.<\/p>\n","protected":false},"featured_media":6809,"comment_status":"closed","ping_status":"closed","template":"","meta":{"_acf_changed":false,"inline_featured_image":false,"_trash_the_other_posts":false,"ep_exclude_from_search":false,"iawp_total_views":93,"editor_notices":[]},"product_brand":[],"product_cat":[500,261,251,681,638,640,643,645,646,649,637,624,636],"product_tag":[],"class_list":{"0":"post-8866","1":"product","2":"type-product","3":"status-publish","4":"has-post-thumbnail","6":"product_cat-doppelfluegeltor","7":"product_cat-holztore","8":"product_cat-staketenzauntore","9":"product_cat-rahmen","10":"product_cat-100-cm","11":"product_cat-120-cm","12":"product_cat-150-cm","13":"product_cat-180-cm","14":"product_cat-200-cm","15":"product_cat-250-cm","16":"product_cat-80-cm","17":"product_cat-kastanie","18":"product_cat-nach-mass","20":"first","21":"instock","22":"shipping-taxable","23":"purchasable","24":"product-type-composite"},"composite_virtual":false,"composite_layout":"single","composite_add_to_cart_form_location":"default","composite_editable_in_cart":false,"composite_sold_individually_context":"product","composite_shop_price_calc":"min_max","composite_components":[{"id":"1440688657","title":"Tor links","description":"","query_type":"product_ids","query_ids":[8859],"default_option_id":8859,"thumbnail_id":"","thumbnail_src":"","quantity_min":1,"quantity_max":1,"priced_individually":true,"shipped_individually":false,"optional":false,"discount":"","options_style":"dropdowns","pagination_style":"classic","display_prices":"absolute","show_sorting_options":false,"show_filtering_options":false,"attribute_filter_ids":[],"select_action":"view","product_title_visible":false,"product_descr_visible":false,"product_price_visible":true,"product_thumb_visible":false,"subtotal_visible_product":true,"subtotal_visible_cart":true,"subtotal_visible_orders":true},{"id":"1440688658","title":"Tor rechts","description":"","query_type":"product_ids","query_ids":[8859],"default_option_id":8859,"thumbnail_id":"","thumbnail_src":"","quantity_min":1,"quantity_max":1,"priced_individually":true,"shipped_individually":false,"optional":false,"discount":"","options_style":"dropdowns","pagination_style":"classic","display_prices":"absolute","show_sorting_options":false,"show_filtering_options":false,"attribute_filter_ids":[],"select_action":"view","product_title_visible":false,"product_descr_visible":false,"product_price_visible":true,"product_thumb_visible":false,"subtotal_visible_product":true,"subtotal_visible_cart":true,"subtotal_visible_orders":true}],"composite_scenarios":[],"acf":[],"_links":{"self":[{"href":"https:\/\/adequat.eu\/de\/wp-json\/wp\/v2\/product\/8866","targetHints":{"allow":["GET"]}}],"collection":[{"href":"https:\/\/adequat.eu\/de\/wp-json\/wp\/v2\/product"}],"about":[{"href":"https:\/\/adequat.eu\/de\/wp-json\/wp\/v2\/types\/product"}],"replies":[{"embeddable":true,"href":"https:\/\/adequat.eu\/de\/wp-json\/wp\/v2\/comments?post=8866"}],"wp:featuredmedia":[{"embeddable":true,"href":"https:\/\/adequat.eu\/de\/wp-json\/wp\/v2\/media\/6809"}],"wp:attachment":[{"href":"https:\/\/adequat.eu\/de\/wp-json\/wp\/v2\/media?parent=8866"}],"wp:term":[{"taxonomy":"product_brand","embeddable":true,"href":"https:\/\/adequat.eu\/de\/wp-json\/wp\/v2\/product_brand?post=8866"},{"taxonomy":"product_cat","embeddable":true,"href":"https:\/\/adequat.eu\/de\/wp-json\/wp\/v2\/product_cat?post=8866"},{"taxonomy":"product_tag","embeddable":true,"href":"https:\/\/adequat.eu\/de\/wp-json\/wp\/v2\/product_tag?post=8866"}],"curies":[{"name":"wp","href":"https:\/\/api.w.org\/{rel}","templated":true}]}}