{"id":9256,"date":"2015-12-23T09:35:32","date_gmt":"2015-12-23T08:35:32","guid":{"rendered":"https:\/\/adequat.eu\/de\/product\/post-rail-tor-gerade-3-riegel\/"},"modified":"2026-04-03T17:01:23","modified_gmt":"2026-04-03T15:01:23","slug":"post-rail-tor-gerade-3-riegel","status":"publish","type":"product","link":"https:\/\/adequat.eu\/de\/produkt\/holztore\/post-rail-gerade-3-riegel-kastanie-einzeln\/","title":{"rendered":"Post &amp; Rail gerade 3 Riegel Kastanie einzeln"},"content":{"rendered":"<h2>Post and Rail Gate in gerader Ausf\u00fchrung mit 3 Riegeln<\/h2>\n<ul>\n<li class=\"p1\"><strong>Lieferung inkl. passender Beschl\u00e4ge<\/strong><\/li>\n<\/ul>\n<p>Das Post &amp; Rail Gate (=Tor) ist ein Weidetor passend unseren <a href=\"https:\/\/adequat.eu\/de\/produkte\/kastanienzaun-naturzaun\/post-and-rail-fencing-fence-weidezaun-holz\/\">Post &amp; Rail Z\u00e4unen<\/a>. Bei diesem Einzeltor handelt es sich um die gerade Ausf\u00fchrung mit 3 Querlatten. Dieses Post &amp; Rail Weidetor aus Kastanie passt zum Post &amp; Rail Zaun mit 3 Querlatten (=Riegeln). Neben dieser gerader Ausf\u00fchrung k\u00f6nnen Sie das Post &amp; Rail Weidetor aus Holz auch in <a href=\"https:\/\/adequat.eu\/de\/produkt\/holztore\/post-rail-hoch-3-riegel-kastanie-einzeln\/\">Post &amp; Rail Tor mit Diagonalstrebe<\/a> bestellen.<\/p>\n<p>Auf Wunsch kann Ihr Post and Rail Tor auch mit <a href=\"https:\/\/adequat.eu\/de\/produkt\/holzprodukte\/staketen-aus-kastanie\/einzelne-latten-kastanie\/\">Kastanienlatten<\/a> im Stil der <a href=\"https:\/\/adequat.eu\/de\/produkte\/holztore\/staketenzauntore\/\">Staketenzaun-Tore<\/a> verarbeitet werden. In diesem Fall bildet das Post &amp; Rail Tor den Rahmen f\u00fcr das Holztor. Mit dem praktischen <a href=\"https:\/\/adequat.eu\/de\/zaunkonfigurator-zaun-berechnen\/\">Zaun-Konfigurator<\/a> k\u00f6nnen Sie ganz einfach berechnen, was Sie f\u00fcr Ihren Post &amp; Rail Zaun inklusive Tor ben\u00f6tigen.<\/p>\n<h2>Post &amp; Rail Weidetor aus Kastanie: Ma\u00dfanfertigung<\/h2>\n<p>Auf Wunsch fertigen wir das Post &amp; Rail Weidetor aus Holz auch in anderen H\u00f6hen- und Breitenma\u00dfen an. Fordern Sie ein unverbindliches <a href=\"https:\/\/adequat.eu\/de\/angebot\/\">Angebot<\/a> an.<\/p>\n","protected":false},"excerpt":{"rendered":"<p>Post and Rail Gate in gerader Ausf\u00fchrung mit 3 Riegeln Lieferung inkl. passender Beschl\u00e4ge Das Post &amp; Rail Gate (=Tor) ist ein Weidetor passend unseren&#8230;<\/p>\n","protected":false},"featured_media":21445,"comment_status":"closed","ping_status":"closed","template":"","meta":{"_acf_changed":false,"inline_featured_image":false,"_trash_the_other_posts":false,"ep_exclude_from_search":false,"iawp_total_views":134,"editor_notices":[]},"product_brand":[],"product_cat":[253,522,630,261,523,640,643,646,649,651,624,627],"product_tag":[],"class_list":{"0":"post-9256","1":"product","2":"type-product","3":"status-publish","4":"has-post-thumbnail","6":"product_cat-post-rail","7":"product_cat-alpakazaun","8":"product_cat-einzeltor","9":"product_cat-holztore","10":"product_cat-pferdezaun","11":"product_cat-120-cm","12":"product_cat-150-cm","13":"product_cat-200-cm","14":"product_cat-250-cm","15":"product_cat-300-cm","16":"product_cat-kastanie","17":"product_cat-weidetore","19":"first","20":"instock","21":"shipping-taxable","22":"purchasable","23":"product-type-composite"},"composite_virtual":false,"composite_layout":"single","composite_add_to_cart_form_location":"default","composite_editable_in_cart":false,"composite_sold_individually_context":"product","composite_shop_price_calc":"defaults","composite_components":[{"id":"1769136036","title":"Torfl\u00fcgel","description":"","query_type":"product_ids","query_ids":[41755],"default_option_id":41755,"thumbnail_id":"","thumbnail_src":"","quantity_min":1,"quantity_max":1,"priced_individually":true,"shipped_individually":false,"optional":false,"discount":"","options_style":"dropdowns","pagination_style":"classic","display_prices":"absolute","show_sorting_options":false,"show_filtering_options":false,"attribute_filter_ids":[],"select_action":"view","product_title_visible":false,"product_descr_visible":false,"product_price_visible":true,"product_thumb_visible":false,"subtotal_visible_product":false,"subtotal_visible_cart":false,"subtotal_visible_orders":false},{"id":"1769136037","title":"Torpfosten Post &amp; Rail","description":"","query_type":"product_ids","query_ids":[41754,35639,35640,9360],"default_option_id":"","thumbnail_id":"","thumbnail_src":"","quantity_min":2,"quantity_max":2,"priced_individually":true,"shipped_individually":false,"optional":true,"discount":"","options_style":"radios","pagination_style":"classic","display_prices":"absolute","show_sorting_options":false,"show_filtering_options":false,"attribute_filter_ids":[],"select_action":"view","product_title_visible":false,"product_descr_visible":false,"product_price_visible":true,"product_thumb_visible":false,"subtotal_visible_product":false,"subtotal_visible_cart":false,"subtotal_visible_orders":false}],"composite_scenarios":[],"acf":[],"_links":{"self":[{"href":"https:\/\/adequat.eu\/de\/wp-json\/wp\/v2\/product\/9256","targetHints":{"allow":["GET"]}}],"collection":[{"href":"https:\/\/adequat.eu\/de\/wp-json\/wp\/v2\/product"}],"about":[{"href":"https:\/\/adequat.eu\/de\/wp-json\/wp\/v2\/types\/product"}],"replies":[{"embeddable":true,"href":"https:\/\/adequat.eu\/de\/wp-json\/wp\/v2\/comments?post=9256"}],"wp:featuredmedia":[{"embeddable":true,"href":"https:\/\/adequat.eu\/de\/wp-json\/wp\/v2\/media\/21445"}],"wp:attachment":[{"href":"https:\/\/adequat.eu\/de\/wp-json\/wp\/v2\/media?parent=9256"}],"wp:term":[{"taxonomy":"product_brand","embeddable":true,"href":"https:\/\/adequat.eu\/de\/wp-json\/wp\/v2\/product_brand?post=9256"},{"taxonomy":"product_cat","embeddable":true,"href":"https:\/\/adequat.eu\/de\/wp-json\/wp\/v2\/product_cat?post=9256"},{"taxonomy":"product_tag","embeddable":true,"href":"https:\/\/adequat.eu\/de\/wp-json\/wp\/v2\/product_tag?post=9256"}],"curies":[{"name":"wp","href":"https:\/\/api.w.org\/{rel}","templated":true}]}}