{"id":9291,"date":"2016-02-08T13:52:51","date_gmt":"2016-02-08T12:52:51","guid":{"rendered":"https:\/\/adequat.eu\/de\/product\/doppeltor-holz-rustikal-douglasie-rinde\/"},"modified":"2026-01-21T02:03:06","modified_gmt":"2026-01-21T01:03:06","slug":"doppeltor-holz-rustikal-douglasie-rinde","status":"publish","type":"product","link":"https:\/\/adequat.eu\/de\/produkt\/holztore\/hoftor-baumkante-douglasie-doppelt\/","title":{"rendered":"Hoftor Baumkante Douglasie doppelt"},"content":{"rendered":"<ul>\n<li><strong><a href=\"https:\/\/adequat.eu\/de\/produkt\/holztore\/hoftor-baumkante-douglasie-einzeln\/\">Auch als Einzeltor erh\u00e4ltlich.<\/a><\/strong><\/li>\n<\/ul>\n<p>Hoftor aus Holz, bei dem die Baumrinde sichtbar ist. Aus Douglasienholz gefertigt. Mit geschwungenen Kanten, sodass die nat\u00fcrlichen Konturen des Baums zu sehen sind. Dadurch bekommen bekommt Ihr Holztor eine sch\u00f6ne, l\u00e4ndliche Ausstrahlung.<\/p>\n<p>Douglas ist eine besonders nachhaltige Holzart und stammt aus nord-europ\u00e4ischen W\u00e4ldern. Douglasienholz ist besonders wegen der sch\u00f6nen, nat\u00fcrlichen Rotf\u00e4rbung des Holzes sehr beliebt.<\/p>\n<p><b>H\u00f6he und Breite:<\/b><br \/>\nDas Hoftor aus Kastanie im rustikalen Stil hat eine Standardh\u00f6he von 110 cm. Dieses Tor ist in folgenden Breiten erh\u00e4ltlich: 120 cm, 150 cm, 200 cm, 250 cm, 300 cm, 350 cm und 400 cm. Bitte achten Sie darauf, dass Sie bei Ihrer Berechnung Platz f\u00fcr die Pf\u00e4hle (2 x 15 cm oder mehr, wenn Sie dickere Pfosten w\u00e4hlen) und die Scharniere (2 x 12 cm) mit einberechnen.<\/p>\n<p><b>Einzel- oder Doppeltor:<\/b><br \/>\nDieses Tor ist als Einzeltor und als Doppeltor erh\u00e4ltlich. Sie k\u00f6nnen selbst bestimmen, wie breit Ihr Tor sein soll.<\/p>\n<p><b>Gleiche oder ungleiche Fl\u00fcgel:<\/b><br \/>\nSie k\u00f6nnen ein Tor bestellen, das aus zwei gleich gro\u00dfen Fl\u00fcgeln besteht, oder ein Tor mit zwei ungleich gro\u00dfen Fl\u00fcgeln w\u00e4hlen. Eine beliebte Kombination ist ein schmalerer Torfl\u00fcgel f\u00fcr Fu\u00dfg\u00e4nger (f\u00fcr den t\u00e4glichen Gebrauch) und ein breiterer Torfl\u00fcgel, durch den auch motorisierte Fahrzeuge hindurchpassen.<\/p>\n<p><b>Beschl\u00e4ge und Verschlusssysteme:<\/b><br \/>\nSie k\u00f6nnen dieses Tor einzeln kaufen, das hei\u00dft ohne Torbeschl\u00e4ge (Scharniere und Torverschluss). Die verstellbaren Torbeschl\u00e4ge k\u00f6nnen Sie optional hinzubestellen. Wir raten zu diesem optionalen Set, damit Sie das Tor selbst nachjustieren k\u00f6nnen, falls es mal nicht ganz gerade h\u00e4ngt.<\/p>\n<p><b>Torautomatisierung:<\/b><br \/>\nM\u00f6chten Sie das Tor mit einem Torantrieb versehen? W\u00e4hlen Sie in diesem Fall die Option \u201everst\u00e4rkender Unterbalken\u201c. Der Unterbalken wird dann mit einem zus\u00e4tzlichen Balken versehen, damit der Antrieb gut befestigt werden kann. Bitte achten Sie unbedingt darauf, f\u00fcr den Torantrieb unsere eckigen Pfosten mit Diamantkopf (20 x 20 cm) zu w\u00e4hlen, da der Drehtorantrieb nur an diesen dickeren Pfosten befestigt werden kann.<\/p>\n<p><b>Torpfosten:<\/b><br \/>\nTorpfosten werden nicht standardm\u00e4\u00dfig mitgeliefert, k\u00f6nnen aber optional bestellt werden. Sie k\u00f6nnen folgende Pfosten w\u00e4hlen: A) 15 x 15 cm dicke Pfosten in 210 cm oder 280 cm L\u00e4nge oder B) 20 x 20 cm dicke Pfosten in 210 cm oder 280 cm L\u00e4nge w\u00e4hlen. Wenn Sie nicht sicher sind, welche Pfosten sich am besten f\u00fcr Ihren Anwendungszweck eignen, kontaktieren Sie uns.. Unsere Experten helfen Ihnen gerne weiter. Wenn Sie ein hochwertiges Tor mit mehreren Optionen zusammenstellen, empfehlen wir die breiteren Pfosten (20 x 20 cm). Dadurch verbessert Sie nicht nur die Stabilit\u00e4t, sondern auch die Langlebigkeit Ihres Holztores. Die Erfahrung zeigt: Je robuster der Torpfosten, desto l\u00e4nger die Haltbarkeit.<\/p>\n<p><b>Tor nach Ma\u00df:<\/b><br \/>\nAuf Wunsch passen wir dieses Tor auch an Ihre individuellen W\u00fcnsche an. Wir k\u00f6nnen dieses Tor beispielsweise in einer anderen H\u00f6he fertigen oder mit mehr Latten versehen. Vielleicht bevorzugen Sie auch eine andere Holzart? Gern senden wir Ihnen ein Angebot f\u00fcr ein Holztor in Ihren Wunschma\u00dfen.<\/p>\n","protected":false},"excerpt":{"rendered":"<p>Auch als Einzeltor erh\u00e4ltlich. Hoftor aus Holz, bei dem die Baumrinde sichtbar ist. Aus Douglasienholz gefertigt. Mit geschwungenen Kanten, sodass die nat\u00fcrlichen Konturen des Baums&#8230;<\/p>\n","protected":false},"featured_media":20650,"comment_status":"closed","ping_status":"closed","template":"","meta":{"_acf_changed":false,"inline_featured_image":false,"_trash_the_other_posts":false,"ep_exclude_from_search":false,"iawp_total_views":538,"editor_notices":[]},"product_brand":[],"product_cat":[522,500,254,261,631,523,640,643,646,649,651,625,636,627],"product_tag":[],"class_list":{"0":"post-9291","1":"product","2":"type-product","3":"status-publish","4":"has-post-thumbnail","6":"product_cat-alpakazaun","7":"product_cat-doppelfluegeltor","8":"product_cat-einfahrtstore","9":"product_cat-holztore","10":"product_cat-laendlich","11":"product_cat-pferdezaun","12":"product_cat-120-cm","13":"product_cat-150-cm","14":"product_cat-200-cm","15":"product_cat-250-cm","16":"product_cat-300-cm","17":"product_cat-douglasie","18":"product_cat-nach-mass","19":"product_cat-weidetore","21":"first","22":"instock","23":"shipping-taxable","24":"purchasable","25":"product-type-composite"},"composite_virtual":false,"composite_layout":"single","composite_add_to_cart_form_location":"default","composite_editable_in_cart":false,"composite_sold_individually_context":"product","composite_shop_price_calc":"min_max","composite_components":[{"id":"1454940068","title":"Linker Torfl\u00fcgel","description":"","query_type":"product_ids","query_ids":[32812],"default_option_id":32812,"thumbnail_id":"","thumbnail_src":"","quantity_min":1,"quantity_max":1,"priced_individually":true,"shipped_individually":false,"optional":false,"discount":"","options_style":"dropdowns","pagination_style":"classic","display_prices":"absolute","show_sorting_options":false,"show_filtering_options":false,"attribute_filter_ids":[],"select_action":"view","product_title_visible":false,"product_descr_visible":false,"product_price_visible":true,"product_thumb_visible":false,"subtotal_visible_product":false,"subtotal_visible_cart":false,"subtotal_visible_orders":false},{"id":"1454940069","title":"Rechter Torfl\u00fcgel","description":"","query_type":"product_ids","query_ids":[32812],"default_option_id":32812,"thumbnail_id":"","thumbnail_src":"","quantity_min":1,"quantity_max":1,"priced_individually":true,"shipped_individually":false,"optional":false,"discount":"","options_style":"dropdowns","pagination_style":"classic","display_prices":"absolute","show_sorting_options":false,"show_filtering_options":false,"attribute_filter_ids":[],"select_action":"view","product_title_visible":false,"product_descr_visible":false,"product_price_visible":true,"product_thumb_visible":false,"subtotal_visible_product":false,"subtotal_visible_cart":false,"subtotal_visible_orders":false},{"id":"1730386413","title":"Torbeschl\u00e4ge","description":"","query_type":"product_ids","query_ids":[30350],"default_option_id":"","thumbnail_id":"","thumbnail_src":"","quantity_min":1,"quantity_max":1,"priced_individually":true,"shipped_individually":false,"optional":true,"discount":"","options_style":"radios","pagination_style":"classic","display_prices":"absolute","show_sorting_options":false,"show_filtering_options":false,"attribute_filter_ids":[],"select_action":"view","product_title_visible":false,"product_descr_visible":false,"product_price_visible":true,"product_thumb_visible":false,"subtotal_visible_product":false,"subtotal_visible_cart":false,"subtotal_visible_orders":false},{"id":"1730386414","title":"Verst\u00e4rkter Unterbalken","description":"","query_type":"product_ids","query_ids":[30254],"default_option_id":"","thumbnail_id":"","thumbnail_src":"","quantity_min":1,"quantity_max":2,"priced_individually":true,"shipped_individually":false,"optional":true,"discount":"","options_style":"radios","pagination_style":"classic","display_prices":"absolute","show_sorting_options":false,"show_filtering_options":false,"attribute_filter_ids":[],"select_action":"view","product_title_visible":false,"product_descr_visible":false,"product_price_visible":true,"product_thumb_visible":false,"subtotal_visible_product":false,"subtotal_visible_cart":false,"subtotal_visible_orders":false},{"id":"1730386415","title":"Torpfosten","description":"","query_type":"product_ids","query_ids":[9360],"default_option_id":"","thumbnail_id":"","thumbnail_src":"","quantity_min":2,"quantity_max":2,"priced_individually":true,"shipped_individually":false,"optional":true,"discount":"","options_style":"radios","pagination_style":"classic","display_prices":"absolute","show_sorting_options":false,"show_filtering_options":false,"attribute_filter_ids":[],"select_action":"view","product_title_visible":false,"product_descr_visible":false,"product_price_visible":true,"product_thumb_visible":false,"subtotal_visible_product":false,"subtotal_visible_cart":false,"subtotal_visible_orders":false},{"id":"1730386416","title":"Bodenblock","description":"","query_type":"product_ids","query_ids":[9371,9372],"default_option_id":"","thumbnail_id":"","thumbnail_src":"","quantity_min":1,"quantity_max":1,"priced_individually":true,"shipped_individually":false,"optional":true,"discount":"","options_style":"radios","pagination_style":"classic","display_prices":"absolute","show_sorting_options":false,"show_filtering_options":false,"attribute_filter_ids":[],"select_action":"view","product_title_visible":false,"product_descr_visible":false,"product_price_visible":true,"product_thumb_visible":false,"subtotal_visible_product":false,"subtotal_visible_cart":false,"subtotal_visible_orders":false}],"composite_scenarios":[],"acf":[],"_links":{"self":[{"href":"https:\/\/adequat.eu\/de\/wp-json\/wp\/v2\/product\/9291","targetHints":{"allow":["GET"]}}],"collection":[{"href":"https:\/\/adequat.eu\/de\/wp-json\/wp\/v2\/product"}],"about":[{"href":"https:\/\/adequat.eu\/de\/wp-json\/wp\/v2\/types\/product"}],"replies":[{"embeddable":true,"href":"https:\/\/adequat.eu\/de\/wp-json\/wp\/v2\/comments?post=9291"}],"wp:featuredmedia":[{"embeddable":true,"href":"https:\/\/adequat.eu\/de\/wp-json\/wp\/v2\/media\/20650"}],"wp:attachment":[{"href":"https:\/\/adequat.eu\/de\/wp-json\/wp\/v2\/media?parent=9291"}],"wp:term":[{"taxonomy":"product_brand","embeddable":true,"href":"https:\/\/adequat.eu\/de\/wp-json\/wp\/v2\/product_brand?post=9291"},{"taxonomy":"product_cat","embeddable":true,"href":"https:\/\/adequat.eu\/de\/wp-json\/wp\/v2\/product_cat?post=9291"},{"taxonomy":"product_tag","embeddable":true,"href":"https:\/\/adequat.eu\/de\/wp-json\/wp\/v2\/product_tag?post=9291"}],"curies":[{"name":"wp","href":"https:\/\/api.w.org\/{rel}","templated":true}]}}