{"id":9300,"date":"2016-03-03T13:45:24","date_gmt":"2016-03-03T12:45:24","guid":{"rendered":"https:\/\/adequat.eu\/de\/product\/rollweg-holz\/"},"modified":"2025-07-02T22:07:27","modified_gmt":"2025-07-02T20:07:27","slug":"rollweg-holz","status":"publish","type":"product","link":"https:\/\/adequat.eu\/de\/produkt\/holzprodukte\/rollweg-holz\/rollweg-holz\/","title":{"rendered":"Rollweg aus Holz"},"content":{"rendered":"<h2>Der neue Rollweg aus Holz f\u00fcr Ihren Garten!<\/h2>\n<p>Mit diesem Rollweg aus Holz schaffen Sie in wenigen Minuten einen sch\u00f6nen, witterungsbest\u00e4ndigen Gartenweg aus Holz. Rollen Sie Ihren Weg einfach dort aus, wo Sie ihn haben m\u00f6chten.<\/p>\n<p>Der Holzweg f\u00fcr den Garten besteht aus Platten aus Gehwegplatten aus Holz (unbehandeltes Kastanienholz), die mit verzinktem Eisendraht miteinander verbunden sind. Der Rollweg aus Holz wird auf Rollen von 5 Meter L\u00e4nge und 1 Meter Breite geliefert. Der Abstand zwischen den Holztritten betr\u00e4gt wenige Zentimeter. Die Holztritte sind 1,5 cm dick, 10 cm breit und 100 cm lang.<\/p>\n<p>Kastanienholz ist ein sehr nachhaltiges und langlebiges Holz <a href=\"https:\/\/adequat.eu\/de\/aktuell\/tips-tricks-deutsch\/haltbarkeit-von-kastanienholz\/\">(Dauerhaftigkeitsklasse 2)<\/a> und von Natur aus sehr gut gegen Wettereinfl\u00fcsse gesch\u00fctzt. Daher braucht das Holz nicht behandelt zu werden. So haben Sie jahrelang sorgenlos Freude an Ihrem Rollweg aus Holz im Garten!<\/p>\n<h2>Gehwegplatten aus Holz: Holzweg im Garten<\/h2>\n<p>F\u00fcr die Anbringung des Rollwegs aus Holz brauchen Sie den Untergrund nicht perfekt zu gl\u00e4tten. Sie m\u00fcssen nicht einmal das Gr\u00fcn entfernen! Der Holzweg passt sich perfekt dem Untergrund an. Die einfache Verbindung zwischen den einzelnen Holztritten erm\u00f6glicht zudem, ganz einfach Kurven zu legen. Wenn Sie den Holzweg nicht mehr ben\u00f6tigen oder ihn umsetzen m\u00f6chten, k\u00f6nnen sie ihn einfach wieder aufrollen und woanders auslegen.<\/p>\n<h2>Holztritte aus Kastanie f\u00fcr jeden Untergrund<\/h2>\n<p>Die Holztritte aus Kastanie sind perfekt f\u00fcr sumpfige oder matschige \/ schlammige B\u00f6den bzw. andere schwieriger begehbare Umgebungen wie D\u00fcnen etc. Ein Gehweg aus Holz, der f\u00fcr wirklich alle G\u00e4rten und Gebiete geeignet ist! Ein Pfad, der eine perfekte Verbindung mit der Natur um ihn herum bildet.<\/p>\n","protected":false},"excerpt":{"rendered":"<p>Der neue Rollweg aus Holz f\u00fcr Ihren Garten! Mit diesem Rollweg aus Holz schaffen Sie in wenigen Minuten einen sch\u00f6nen, witterungsbest\u00e4ndigen Gartenweg aus Holz. Rollen&#8230;<\/p>\n","protected":false},"featured_media":7411,"comment_status":"closed","ping_status":"closed","template":"","meta":{"_acf_changed":false,"inline_featured_image":false,"_trash_the_other_posts":false,"ep_exclude_from_search":false,"iawp_total_views":2884,"editor_notices":[]},"product_brand":[],"product_cat":[270,266],"product_tag":[],"class_list":{"0":"post-9300","1":"product","2":"type-product","3":"status-publish","4":"has-post-thumbnail","6":"product_cat-rollweg-holz","7":"product_cat-holzprodukte","9":"first","10":"instock","11":"shipping-taxable","12":"purchasable","13":"product-type-simple"},"composite_virtual":false,"composite_layout":"","composite_add_to_cart_form_location":"","composite_editable_in_cart":false,"composite_sold_individually_context":"","composite_shop_price_calc":"","composite_components":[],"composite_scenarios":[],"acf":[],"_links":{"self":[{"href":"https:\/\/adequat.eu\/de\/wp-json\/wp\/v2\/product\/9300","targetHints":{"allow":["GET"]}}],"collection":[{"href":"https:\/\/adequat.eu\/de\/wp-json\/wp\/v2\/product"}],"about":[{"href":"https:\/\/adequat.eu\/de\/wp-json\/wp\/v2\/types\/product"}],"replies":[{"embeddable":true,"href":"https:\/\/adequat.eu\/de\/wp-json\/wp\/v2\/comments?post=9300"}],"wp:featuredmedia":[{"embeddable":true,"href":"https:\/\/adequat.eu\/de\/wp-json\/wp\/v2\/media\/7411"}],"wp:attachment":[{"href":"https:\/\/adequat.eu\/de\/wp-json\/wp\/v2\/media?parent=9300"}],"wp:term":[{"taxonomy":"product_brand","embeddable":true,"href":"https:\/\/adequat.eu\/de\/wp-json\/wp\/v2\/product_brand?post=9300"},{"taxonomy":"product_cat","embeddable":true,"href":"https:\/\/adequat.eu\/de\/wp-json\/wp\/v2\/product_cat?post=9300"},{"taxonomy":"product_tag","embeddable":true,"href":"https:\/\/adequat.eu\/de\/wp-json\/wp\/v2\/product_tag?post=9300"}],"curies":[{"name":"wp","href":"https:\/\/api.w.org\/{rel}","templated":true}]}}