{"id":9320,"date":"2016-01-27T15:03:08","date_gmt":"2016-01-27T14:03:08","guid":{"rendered":"https:\/\/adequat.eu\/de\/product\/douglasie-bretter-mit-waldkante\/"},"modified":"2025-06-05T15:51:45","modified_gmt":"2025-06-05T13:51:45","slug":"douglasie-bretter-mit-waldkante","status":"publish","type":"product","link":"https:\/\/adequat.eu\/de\/produkt\/holzprodukte\/gesaegtes-holz\/douglasie-holz-kaufen-schnittholz\/douglasie-bretter-mit-waldkante\/","title":{"rendered":"Douglasie Bretter mit Waldkante"},"content":{"rendered":"<h3>Douglasie Bretter kaufen<\/h3>\n<p>Douglasie Bretter mit Waldkante \/ Baumkante kaufen. Unsere Douglasie Bretter sind fein ges\u00e4gt und standardm\u00e4\u00dfig nicht gehobelt.<\/p>\n<p>Douglasie Bretter haben in den letzten Jahren rasant an Bekanntheit und Beliebtheit gewonnen. Zu den wichtigsten Gr\u00fcnden f\u00fcr den Douglasie-Trend geh\u00f6ren wohl die besondere, r\u00f6tliche Farbe des Holzes sowie die Dauerhaftigkeit des Holzes.<\/p>\n<p>Unser Douglasienholz beziehen wir aus den W\u00e4ldern Frankreichs. Das Schnittholz der Douglasie ist bei uns NICHT getrocknet und eignet sich daher hervorragend f\u00fcr die Anwendung im Au\u00dfenbereich.<\/p>\n<h3>Douglasien Bretter Zaun<\/h3>\n<p>Die Douglasie Bretter sind ausgezeichnet f\u00fcr den Au\u00dfenbereich geeignet und k\u00f6nnen zum Beispiel f\u00fcr einen Zaun verwendet werden.<\/p>\n<h3>Douglasienbretter Haltbarkeit<\/h3>\n<p>Douglasienholz ist eine besonders dauerhafte Holzart und braucht nicht behandelt zu werden. Wenn Sie die Douglasienbretter jedoch in einem Bereich verwenden m\u00f6chten, wo das Holz l\u00e4nger in Kontakt mit Wasser steht, empfehlen wir eine Behandlung des Holzes. Ges\u00e4gtes Douglasienholz ist von Natur aus weniger gut gegen Wettereinfl\u00fcsse gesch\u00fctzt als Rundholz.<\/p>\n","protected":false},"excerpt":{"rendered":"<p>Douglasie Bretter kaufen Douglasie Bretter mit Waldkante \/ Baumkante kaufen. Unsere Douglasie Bretter sind fein ges\u00e4gt und standardm\u00e4\u00dfig nicht gehobelt. Douglasie Bretter haben in den&#8230;<\/p>\n","protected":false},"featured_media":7448,"comment_status":"closed","ping_status":"closed","template":"","meta":{"_acf_changed":false,"inline_featured_image":false,"_trash_the_other_posts":false,"ep_exclude_from_search":false,"iawp_total_views":743,"editor_notices":[]},"product_brand":[],"product_cat":[244,266,242],"product_tag":[],"class_list":{"0":"post-9320","1":"product","2":"type-product","3":"status-publish","4":"has-post-thumbnail","6":"product_cat-douglasie-holz-kaufen-schnittholz","7":"product_cat-holzprodukte","8":"product_cat-gesaegtes-holz","10":"first","11":"instock","12":"shipping-taxable","13":"purchasable","14":"product-type-variable","15":"has-default-attributes"},"composite_virtual":false,"composite_layout":"","composite_add_to_cart_form_location":"","composite_editable_in_cart":false,"composite_sold_individually_context":"","composite_shop_price_calc":"","composite_components":[],"composite_scenarios":[],"acf":[],"_links":{"self":[{"href":"https:\/\/adequat.eu\/de\/wp-json\/wp\/v2\/product\/9320","targetHints":{"allow":["GET"]}}],"collection":[{"href":"https:\/\/adequat.eu\/de\/wp-json\/wp\/v2\/product"}],"about":[{"href":"https:\/\/adequat.eu\/de\/wp-json\/wp\/v2\/types\/product"}],"replies":[{"embeddable":true,"href":"https:\/\/adequat.eu\/de\/wp-json\/wp\/v2\/comments?post=9320"}],"wp:featuredmedia":[{"embeddable":true,"href":"https:\/\/adequat.eu\/de\/wp-json\/wp\/v2\/media\/7448"}],"wp:attachment":[{"href":"https:\/\/adequat.eu\/de\/wp-json\/wp\/v2\/media?parent=9320"}],"wp:term":[{"taxonomy":"product_brand","embeddable":true,"href":"https:\/\/adequat.eu\/de\/wp-json\/wp\/v2\/product_brand?post=9320"},{"taxonomy":"product_cat","embeddable":true,"href":"https:\/\/adequat.eu\/de\/wp-json\/wp\/v2\/product_cat?post=9320"},{"taxonomy":"product_tag","embeddable":true,"href":"https:\/\/adequat.eu\/de\/wp-json\/wp\/v2\/product_tag?post=9320"}],"curies":[{"name":"wp","href":"https:\/\/api.w.org\/{rel}","templated":true}]}}