{"id":9330,"date":"2016-01-26T15:47:15","date_gmt":"2016-01-26T14:47:15","guid":{"rendered":"https:\/\/adequat.eu\/de\/product\/kastanienholz-bretter-baumkante\/"},"modified":"2025-07-10T16:28:14","modified_gmt":"2025-07-10T14:28:14","slug":"kastanienholz-bretter-baumkante","status":"publish","type":"product","link":"https:\/\/adequat.eu\/de\/produkt\/holzprodukte\/gesaegtes-holz\/schnittholz-kastanienholz\/kastanienholz-bretter-baumkante\/","title":{"rendered":"Kastanienholz Bretter mit Baumkante"},"content":{"rendered":"<h2>Bretter aus Kastanienholz mit Baumkante \/ Waldkante<\/h2>\n<p>Sch\u00f6ne Bretter aus Kastanienholz mit Baumkante \/ Waldkante. Die Kastanienbretter sind nicht getrocknet.<\/p>\n<p>Kastanienholz eignet sich aufgrund seiner Langlebigkeit <a href=\"https:\/\/adequat.eu\/de\/aktuell\/tips-tricks-deutsch\/haltbarkeit-von-kastanienholz\/\">(Dauerhaftigkeit 2)<\/a> hervorragend f\u00fcr die Anwendung im Au\u00dfenbereich.<\/p>\n<p>Unser Kastanienholz beziehen wir aus den W\u00e4ldern Frankreichs, direkt vom S\u00e4gewerk. So k\u00f6nnen wir besonders g\u00fcnstige Preise f\u00fcr hochqualitatives Kastanienholz garantieren.<\/p>\n<p>Die Bretter aus Kastanienholz eignen sich sehr gut als Gartenbegrenzung, f\u00fcr Schuppen, \u00dcberdachungen und vieles mehr. Kastanienholz ergraut im Laufe der Zeit.<\/p>\n<h2>Kastanienholz f\u00fcr dekorative Zwecke<\/h2>\n<p>Die Kastanienholz-Bretter mit Baumkante \/ Waldkante werden oft auch f\u00fcr dekorative Zwecke im Au\u00dfenbereich verwendet. Zum Beispiel f\u00fcr die Verkleidung eines Schuppens, f\u00fcr Baumh\u00e4user oder als Wandverkleidung.<\/p>\n","protected":false},"excerpt":{"rendered":"<p>Bretter aus Kastanienholz mit Baumkante \/ Waldkante Sch\u00f6ne Bretter aus Kastanienholz mit Baumkante \/ Waldkante. Die Kastanienbretter sind nicht getrocknet. Kastanienholz eignet sich aufgrund seiner&#8230;<\/p>\n","protected":false},"featured_media":7461,"comment_status":"closed","ping_status":"closed","template":"","meta":{"_acf_changed":false,"inline_featured_image":false,"_trash_the_other_posts":false,"ep_exclude_from_search":false,"iawp_total_views":1670,"editor_notices":[]},"product_brand":[],"product_cat":[245,266,242],"product_tag":[],"class_list":{"0":"post-9330","1":"product","2":"type-product","3":"status-publish","4":"has-post-thumbnail","6":"product_cat-schnittholz-kastanienholz","7":"product_cat-holzprodukte","8":"product_cat-gesaegtes-holz","10":"first","11":"instock","12":"shipping-taxable","13":"purchasable","14":"product-type-variable","15":"has-default-attributes"},"composite_virtual":false,"composite_layout":"","composite_add_to_cart_form_location":"","composite_editable_in_cart":false,"composite_sold_individually_context":"","composite_shop_price_calc":"","composite_components":[],"composite_scenarios":[],"acf":[],"_links":{"self":[{"href":"https:\/\/adequat.eu\/de\/wp-json\/wp\/v2\/product\/9330","targetHints":{"allow":["GET"]}}],"collection":[{"href":"https:\/\/adequat.eu\/de\/wp-json\/wp\/v2\/product"}],"about":[{"href":"https:\/\/adequat.eu\/de\/wp-json\/wp\/v2\/types\/product"}],"replies":[{"embeddable":true,"href":"https:\/\/adequat.eu\/de\/wp-json\/wp\/v2\/comments?post=9330"}],"wp:featuredmedia":[{"embeddable":true,"href":"https:\/\/adequat.eu\/de\/wp-json\/wp\/v2\/media\/7461"}],"wp:attachment":[{"href":"https:\/\/adequat.eu\/de\/wp-json\/wp\/v2\/media?parent=9330"}],"wp:term":[{"taxonomy":"product_brand","embeddable":true,"href":"https:\/\/adequat.eu\/de\/wp-json\/wp\/v2\/product_brand?post=9330"},{"taxonomy":"product_cat","embeddable":true,"href":"https:\/\/adequat.eu\/de\/wp-json\/wp\/v2\/product_cat?post=9330"},{"taxonomy":"product_tag","embeddable":true,"href":"https:\/\/adequat.eu\/de\/wp-json\/wp\/v2\/product_tag?post=9330"}],"curies":[{"name":"wp","href":"https:\/\/api.w.org\/{rel}","templated":true}]}}