{"id":9331,"date":"2016-01-26T15:36:23","date_gmt":"2016-01-26T14:36:23","guid":{"rendered":"https:\/\/adequat.eu\/de\/product\/kastanienholz-bretter\/"},"modified":"2026-03-16T14:00:50","modified_gmt":"2026-03-16T13:00:50","slug":"kastanienholz-bretter","status":"publish","type":"product","link":"https:\/\/adequat.eu\/de\/produkt\/holzprodukte\/gesaegtes-holz\/schnittholz-kastanienholz\/kastanienholz-bretter\/","title":{"rendered":"Kastanienholz Bretter"},"content":{"rendered":"<h2>Bretter aus Edelkastanie<\/h2>\n<p>Bei Ad\u00e9quat k\u00f6nnen Sie <strong>Bretter aus Edelkastanienholz<\/strong> in verschiedenen Ma\u00dfen bequem online bestellen.<\/p>\n<p>Die Kastanienholzbretter sind nicht getrocknet und dadurch <strong>sehr gut f\u00fcr den Einsatz im Au\u00dfenbereich<\/strong> geeignet. (Wenn Sie die Bretter gut durchtrocknen lassen, k\u00f6nnen sie auch im <strong>Innenbereich<\/strong> verwendet werden).<\/p>\n<h3>Kastanienbretter im Au\u00dfenbereich<\/h3>\n<p>Das Holz der Edeklastanie ist sehr <strong>robust<\/strong>, <strong>langlebig<\/strong>, <strong>witterungsfest<\/strong> und widerstandsf\u00e4hig <strong>(<a href=\"https:\/\/adequat.eu\/de\/aktuell\/tips-tricks-deutsch\/haltbarkeit-von-kastanienholz\/\">Dauerhaftigkeitsklasse 2<\/a>)<\/strong>. Durch den hohen Gehalt an <a href=\"https:\/\/adequat.eu\/de\/aktuell\/anwendungen\/gerbstoff-gerbsaeure-tannin-in-holz\/\">Gerbs\u00e4ure<\/a> ist das Holz von Natur aus vor Feuchtigkeit und Witterungseinfl\u00fcssen gesch\u00fctzt. Eine Behandlung des Holzes ist nicht erforderlich. Edelkastanienholz ben\u00f6tigt also keinerlei Pflege und Sie brauchen keine Zeit f\u00fcr die Instandhaltung aufzuwenden.<\/p>\n<p>Aus Kastanienbrettern k\u00f6nnen Sie komplette <strong>Baukonstruktionen im Garten<\/strong> realisieren. Auch f\u00fcr den Bau von <strong>Gartenm\u00f6beln<\/strong> eignen sich Edelkastanienbretter hervorragend. Kastanienholz hat eine warme gelb\u00adbraune Holzt\u00f6nung, die mit der Zeit auf nat\u00fcrliche Weise einen sch\u00f6nen silbrig-grauen Farbton bekommt.<\/p>\n<h3>Herkunft des Edelkastanienholzes<\/h3>\n<p>Wir beziehen unser Kastanienholz aus Frankreich, direkt vom S\u00e4gewerk. Das Holz stammt aus nachhaltiger Holzwirtschaft nach europ\u00e4ischen Qualit\u00e4tsanspr\u00fcchen. Da wir das Holz ohne Zwischenh\u00e4ndler direkt vom S\u00e4gewerk an Sie liefern, erhalten Sie bei Ad\u00e9quat sehr hochwertiges Kastanienholz zu besonders g\u00fcnstigen. Preisen.<\/p>\n<h3>Kastanienbretter nach Mass<\/h3>\n<p>Unsere Brette aus Edelkastanienholz sind in unterschiedlichen Ma\u00dfen vorr\u00e4tig und direkt ab Lager lieferbar. Es kann vorkommen, dass ein Brett ein paar Zentimeter k\u00fcrzer oder l\u00e4nger ist als angegeben. Ist die genaue L\u00e4nge f\u00fcr Ihr Projekt besonders wichtig? Dann teilen Sie uns dies bitte bei Ihrer Bestellung mit. Wir achten dann gezielt darauf, die passenden Bretter auszuw\u00e4hlen.<\/p>\n<p>Haben Sie Fragen oder ben\u00f6tigen Sie Kastanienbretter in besonderen Ma\u00dfen? Dann kontaktieren Sie uns, wir beraten Sie gern.<\/p>\n","protected":false},"excerpt":{"rendered":"<p>Bretter aus Edelkastanie Bei Ad\u00e9quat k\u00f6nnen Sie Bretter aus Edelkastanienholz in verschiedenen Ma\u00dfen bequem online bestellen. Die Kastanienholzbretter sind nicht getrocknet und dadurch sehr gut&#8230;<\/p>\n","protected":false},"featured_media":7427,"comment_status":"closed","ping_status":"closed","template":"","meta":{"_acf_changed":false,"inline_featured_image":false,"_trash_the_other_posts":false,"ep_exclude_from_search":false,"iawp_total_views":2888,"editor_notices":[]},"product_brand":[],"product_cat":[245,266,242],"product_tag":[],"class_list":{"0":"post-9331","1":"product","2":"type-product","3":"status-publish","4":"has-post-thumbnail","6":"product_cat-schnittholz-kastanienholz","7":"product_cat-holzprodukte","8":"product_cat-gesaegtes-holz","10":"first","11":"instock","12":"shipping-taxable","13":"purchasable","14":"product-type-variable","15":"has-default-attributes"},"composite_virtual":false,"composite_layout":"","composite_add_to_cart_form_location":"","composite_editable_in_cart":false,"composite_sold_individually_context":"","composite_shop_price_calc":"","composite_components":[],"composite_scenarios":[],"acf":[],"_links":{"self":[{"href":"https:\/\/adequat.eu\/de\/wp-json\/wp\/v2\/product\/9331","targetHints":{"allow":["GET"]}}],"collection":[{"href":"https:\/\/adequat.eu\/de\/wp-json\/wp\/v2\/product"}],"about":[{"href":"https:\/\/adequat.eu\/de\/wp-json\/wp\/v2\/types\/product"}],"replies":[{"embeddable":true,"href":"https:\/\/adequat.eu\/de\/wp-json\/wp\/v2\/comments?post=9331"}],"wp:featuredmedia":[{"embeddable":true,"href":"https:\/\/adequat.eu\/de\/wp-json\/wp\/v2\/media\/7427"}],"wp:attachment":[{"href":"https:\/\/adequat.eu\/de\/wp-json\/wp\/v2\/media?parent=9331"}],"wp:term":[{"taxonomy":"product_brand","embeddable":true,"href":"https:\/\/adequat.eu\/de\/wp-json\/wp\/v2\/product_brand?post=9331"},{"taxonomy":"product_cat","embeddable":true,"href":"https:\/\/adequat.eu\/de\/wp-json\/wp\/v2\/product_cat?post=9331"},{"taxonomy":"product_tag","embeddable":true,"href":"https:\/\/adequat.eu\/de\/wp-json\/wp\/v2\/product_tag?post=9331"}],"curies":[{"name":"wp","href":"https:\/\/api.w.org\/{rel}","templated":true}]}}