{"id":9335,"date":"2016-01-26T15:24:14","date_gmt":"2016-01-26T14:24:14","guid":{"rendered":"https:\/\/adequat.eu\/de\/product\/kastanienholz-kantholz-balken\/"},"modified":"2026-04-09T16:50:28","modified_gmt":"2026-04-09T14:50:28","slug":"kastanienholz-kantholz-balken","status":"publish","type":"product","link":"https:\/\/adequat.eu\/de\/produkt\/holzprodukte\/gesaegtes-holz\/schnittholz-kastanienholz\/kastanienholz-kantholz-balken\/","title":{"rendered":"Kastanienholz Kantholz &amp; Balken"},"content":{"rendered":"<h2>Kantholz &amp; Balken aus Kastanienholz in versch. Ma\u00dfen<\/h2>\n<p>Kastanienholz zugeschnitten als Kantholz und Balken in verschiedenen Ma\u00dfen. Das Kastanienholz ist nicht getrocknet und eignet sich daher perfekt f\u00fcr die Verwendung im Au\u00dfenbereich.<\/p>\n<p>Kastanienholz ist besonders wegen seiner Langlebigkeit <a href=\"https:\/\/adequat.eu\/de\/aktuell\/tips-tricks-deutsch\/haltbarkeit-von-kastanienholz\/\">(Dauerhaftigkeit 2)<\/a> beliebt, denn das Holz braucht nicht behandelt zu werden. Die nat\u00fcrliche Anwesenheit von Gerbs\u00e4ure im Kastanienholz bietet einen hervorragenden Schutz gegen Feuchtigkeit und Wettereinfl\u00fcsse.<\/p>\n<p>Neben den aufgef\u00fchrten Standardgr\u00f6\u00dfen k\u00f6nnen wir auch Kantholz &amp; Balken aus Kastanienholz in Ihren Wunschma\u00dfen liefern. <a href=\"https:\/\/adequat.eu\/de\/service-contact\/\">Kontaktieren<\/a> Sie uns oder fordern Sie ein <a href=\"https:\/\/adequat.eu\/de\/angebot\/\">unverbindliches Angebot<\/a> an.<\/p>\n","protected":false},"excerpt":{"rendered":"<p>Kantholz &amp; Balken aus Kastanienholz in versch. Ma\u00dfen Kastanienholz zugeschnitten als Kantholz und Balken in verschiedenen Ma\u00dfen. Das Kastanienholz ist nicht getrocknet und eignet sich&#8230;<\/p>\n","protected":false},"featured_media":7470,"comment_status":"closed","ping_status":"closed","template":"","meta":{"_acf_changed":false,"inline_featured_image":false,"_trash_the_other_posts":false,"ep_exclude_from_search":false,"iawp_total_views":2400,"editor_notices":[]},"product_brand":[],"product_cat":[245,266,242],"product_tag":[],"class_list":{"0":"post-9335","1":"product","2":"type-product","3":"status-publish","4":"has-post-thumbnail","6":"product_cat-schnittholz-kastanienholz","7":"product_cat-holzprodukte","8":"product_cat-gesaegtes-holz","10":"first","11":"instock","12":"shipping-taxable","13":"purchasable","14":"product-type-variable","15":"has-default-attributes"},"composite_virtual":false,"composite_layout":"","composite_add_to_cart_form_location":"","composite_editable_in_cart":false,"composite_sold_individually_context":"","composite_shop_price_calc":"","composite_components":[],"composite_scenarios":[],"acf":[],"_links":{"self":[{"href":"https:\/\/adequat.eu\/de\/wp-json\/wp\/v2\/product\/9335","targetHints":{"allow":["GET"]}}],"collection":[{"href":"https:\/\/adequat.eu\/de\/wp-json\/wp\/v2\/product"}],"about":[{"href":"https:\/\/adequat.eu\/de\/wp-json\/wp\/v2\/types\/product"}],"replies":[{"embeddable":true,"href":"https:\/\/adequat.eu\/de\/wp-json\/wp\/v2\/comments?post=9335"}],"wp:featuredmedia":[{"embeddable":true,"href":"https:\/\/adequat.eu\/de\/wp-json\/wp\/v2\/media\/7470"}],"wp:attachment":[{"href":"https:\/\/adequat.eu\/de\/wp-json\/wp\/v2\/media?parent=9335"}],"wp:term":[{"taxonomy":"product_brand","embeddable":true,"href":"https:\/\/adequat.eu\/de\/wp-json\/wp\/v2\/product_brand?post=9335"},{"taxonomy":"product_cat","embeddable":true,"href":"https:\/\/adequat.eu\/de\/wp-json\/wp\/v2\/product_cat?post=9335"},{"taxonomy":"product_tag","embeddable":true,"href":"https:\/\/adequat.eu\/de\/wp-json\/wp\/v2\/product_tag?post=9335"}],"curies":[{"name":"wp","href":"https:\/\/api.w.org\/{rel}","templated":true}]}}