{"id":9343,"date":"2016-03-10T13:56:22","date_gmt":"2016-03-10T12:56:22","guid":{"rendered":"https:\/\/adequat.eu\/de\/product\/erbohrer\/"},"modified":"2023-08-25T12:14:22","modified_gmt":"2023-08-25T10:14:22","slug":"erbohrer","status":"publish","type":"product","link":"https:\/\/adequat.eu\/de\/produkt\/holzprodukte-2\/werkzeug\/erbohrer\/","title":{"rendered":"Erdbohrer"},"content":{"rendered":"<h2>Handerdbohrer<\/h2>\n<p>Mit diesem Erdbohrer k\u00f6nnen Sie schnell und unkompliziert L\u00f6cher in den Boden bohren. Perfekt, um Pfosten und Pf\u00e4hle f\u00fcr Ihren Holzzaun ganz einfach aufzustellen!<\/p>\n<p>Dieser Handerdbohrer bohrt L\u00f6cher mit einem Durchmesser von 9 cm (= 90 mm).<\/p>\n<p>Der Erdbohrer besteht aus Metall und ist am Ende schraubenf\u00f6rmig. Der Metallstab ist mit rutschfesten Handgriffen versehen. Die Drehbewegungen bohren den Metallstab in den Boden. Wenn die Schraube mit Erde gef\u00fcllt ist, zieht man den Erbohrer nach oben.<\/p>\n<p>Dieser Handerdbohrer besteht aus einem St\u00fcck, hat eine gr\u00fcne Farbe und ist 125 cm lang.<\/p>\n","protected":false},"excerpt":{"rendered":"<p>Handerdbohrer Mit diesem Erdbohrer k\u00f6nnen Sie schnell und unkompliziert L\u00f6cher in den Boden bohren. Perfekt, um Pfosten und Pf\u00e4hle f\u00fcr Ihren Holzzaun ganz einfach aufzustellen!&#8230;<\/p>\n","protected":false},"featured_media":7482,"comment_status":"closed","ping_status":"closed","template":"","meta":{"_acf_changed":false,"inline_featured_image":false,"_trash_the_other_posts":false,"ep_exclude_from_search":false,"iawp_total_views":2295,"editor_notices":[]},"product_brand":[],"product_cat":[273,272,266],"product_tag":[],"class_list":{"0":"post-9343","1":"product","2":"type-product","3":"status-publish","4":"has-post-thumbnail","6":"product_cat-werkzeug","7":"product_cat-holzprodukte-2","8":"product_cat-holzprodukte","9":"product_shipping_class-paketpost","11":"first","12":"instock","13":"shipping-taxable","14":"purchasable","15":"product-type-simple"},"composite_virtual":false,"composite_layout":"","composite_add_to_cart_form_location":"","composite_editable_in_cart":false,"composite_sold_individually_context":"","composite_shop_price_calc":"","composite_components":[],"composite_scenarios":[],"acf":[],"_links":{"self":[{"href":"https:\/\/adequat.eu\/de\/wp-json\/wp\/v2\/product\/9343","targetHints":{"allow":["GET"]}}],"collection":[{"href":"https:\/\/adequat.eu\/de\/wp-json\/wp\/v2\/product"}],"about":[{"href":"https:\/\/adequat.eu\/de\/wp-json\/wp\/v2\/types\/product"}],"replies":[{"embeddable":true,"href":"https:\/\/adequat.eu\/de\/wp-json\/wp\/v2\/comments?post=9343"}],"wp:featuredmedia":[{"embeddable":true,"href":"https:\/\/adequat.eu\/de\/wp-json\/wp\/v2\/media\/7482"}],"wp:attachment":[{"href":"https:\/\/adequat.eu\/de\/wp-json\/wp\/v2\/media?parent=9343"}],"wp:term":[{"taxonomy":"product_brand","embeddable":true,"href":"https:\/\/adequat.eu\/de\/wp-json\/wp\/v2\/product_brand?post=9343"},{"taxonomy":"product_cat","embeddable":true,"href":"https:\/\/adequat.eu\/de\/wp-json\/wp\/v2\/product_cat?post=9343"},{"taxonomy":"product_tag","embeddable":true,"href":"https:\/\/adequat.eu\/de\/wp-json\/wp\/v2\/product_tag?post=9343"}],"curies":[{"name":"wp","href":"https:\/\/api.w.org\/{rel}","templated":true}]}}