{"id":9344,"date":"2016-03-03T16:48:05","date_gmt":"2016-03-03T15:48:05","guid":{"rendered":"https:\/\/adequat.eu\/de\/product\/schrauben-edelstahl-holz\/"},"modified":"2026-04-09T15:54:25","modified_gmt":"2026-04-09T13:54:25","slug":"schrauben-edelstahl-holz","status":"publish","type":"product","link":"https:\/\/adequat.eu\/de\/produkt\/holzprodukte-2\/befestigungsmaterialien\/schrauben-edelstahl-holz\/","title":{"rendered":"Schrauben aus rostfreiem Edelstahl"},"content":{"rendered":"<h2>Hochwertige Schrauben in versch. Gr\u00f6\u00dfen<\/h2>\n<p>Hochwertige Schrauben aus rostfreiem Edelstahl in verschiedenen Gr\u00f6\u00dfen mit bit = Schraubendreher-Aufsatz (genau passend zum Schraubenkopf). Wegen dem hohen Gehalt an Gerbs\u00e4ure in Kastanienholz und Eichenholz ist es wichtig, hochwertige Schrauben aus rostfreiem Edelstahl zu verwenden. So verhindern Sie, dass die Schrauben angegriffen werden und sich das Holz an der Kontaktstelle unsch\u00f6n verf\u00e4rbt.<\/p>\n<p>Die Schrauben werden Verpackungen zu je 100 St\u00fcck geliefert.<\/p>\n<h3>Welche Gr\u00f6\u00dfe ben\u00f6tige ich?<\/h3>\n<p>Welche Schraubengr\u00f6\u00dfe Sie ben\u00f6tigen, h\u00e4ngt vom ma\u00dfgeblich vom Verwendungszweck ab.<\/p>\n<p>F\u00fcr die Anbringung eines Staketenzauns empfehlen wir Ihnen, Schrauben in der Gr\u00f6\u00dfe 4,5 mm x 60 mm oder 4,5 mm x 70 mm zu verwenden.<\/p>\n<p>F\u00fcr die Befestigung eines Haselnusszaun-Sichtschutzes empfehlen wir Schrauben in der Gr\u00f6\u00dfe 6 mm x 120 mm oder 6 mm x 140 mm.<\/p>\n<p>Bei Fragen k\u00f6nnen Sie uns selbstverst\u00e4ndlich jederzeit <a href=\"https:\/\/adequat.eu\/de\/service-contact\/\">kontaktieren<\/a>. Wir helfen Ihnen gern.<\/p>\n","protected":false},"excerpt":{"rendered":"<p>Hochwertige Schrauben in versch. Gr\u00f6\u00dfen Hochwertige Schrauben aus rostfreiem Edelstahl in verschiedenen Gr\u00f6\u00dfen mit bit = Schraubendreher-Aufsatz (genau passend zum Schraubenkopf). Wegen dem hohen Gehalt&#8230;<\/p>\n","protected":false},"featured_media":7485,"comment_status":"closed","ping_status":"closed","template":"","meta":{"_acf_changed":false,"inline_featured_image":false,"_trash_the_other_posts":false,"ep_exclude_from_search":false,"iawp_total_views":2197,"editor_notices":[]},"product_brand":[],"product_cat":[274,266,272],"product_tag":[],"class_list":{"0":"post-9344","1":"product","2":"type-product","3":"status-publish","4":"has-post-thumbnail","6":"product_cat-befestigungsmaterialien","7":"product_cat-holzprodukte","8":"product_cat-holzprodukte-2","9":"product_shipping_class-paketpost","11":"first","12":"instock","13":"shipping-taxable","14":"purchasable","15":"product-type-variable","16":"has-default-attributes"},"composite_virtual":false,"composite_layout":"","composite_add_to_cart_form_location":"","composite_editable_in_cart":false,"composite_sold_individually_context":"","composite_shop_price_calc":"","composite_components":[],"composite_scenarios":[],"acf":[],"_links":{"self":[{"href":"https:\/\/adequat.eu\/de\/wp-json\/wp\/v2\/product\/9344","targetHints":{"allow":["GET"]}}],"collection":[{"href":"https:\/\/adequat.eu\/de\/wp-json\/wp\/v2\/product"}],"about":[{"href":"https:\/\/adequat.eu\/de\/wp-json\/wp\/v2\/types\/product"}],"replies":[{"embeddable":true,"href":"https:\/\/adequat.eu\/de\/wp-json\/wp\/v2\/comments?post=9344"}],"wp:featuredmedia":[{"embeddable":true,"href":"https:\/\/adequat.eu\/de\/wp-json\/wp\/v2\/media\/7485"}],"wp:attachment":[{"href":"https:\/\/adequat.eu\/de\/wp-json\/wp\/v2\/media?parent=9344"}],"wp:term":[{"taxonomy":"product_brand","embeddable":true,"href":"https:\/\/adequat.eu\/de\/wp-json\/wp\/v2\/product_brand?post=9344"},{"taxonomy":"product_cat","embeddable":true,"href":"https:\/\/adequat.eu\/de\/wp-json\/wp\/v2\/product_cat?post=9344"},{"taxonomy":"product_tag","embeddable":true,"href":"https:\/\/adequat.eu\/de\/wp-json\/wp\/v2\/product_tag?post=9344"}],"curies":[{"name":"wp","href":"https:\/\/api.w.org\/{rel}","templated":true}]}}