{"id":9354,"date":"2016-01-22T16:52:45","date_gmt":"2016-01-22T15:52:45","guid":{"rendered":"https:\/\/adequat.eu\/de\/product\/scharnier-set-holztore\/"},"modified":"2025-12-16T17:32:30","modified_gmt":"2025-12-16T16:32:30","slug":"scharnier-set-holztore","status":"publish","type":"product","link":"https:\/\/adequat.eu\/de\/produkt\/holzprodukte-2\/scharniere-und-schliesswerk\/scharnier-set-holztore\/","title":{"rendered":"Komplettes Scharnier-Set f\u00fcr Holztore (England + Holland Stil, Hoftor rustikal Kastanie)"},"content":{"rendered":"<h2>Komplettes Scharnier-Set:<\/h2>\n<p>Dieses Scharnier-Set passt zu folgenden Ad\u00e9quat Toren:<\/p>\n<ul>\n<li><a href=\"https:\/\/adequat.eu\/de\/produkte\/holztore\/englisch\/\"><strong>Englische Tore von Ad\u00e9quat<\/strong><\/a><\/li>\n<li><strong><a href=\"https:\/\/adequat.eu\/de\/produkte\/holztore\/hollaendisch\/\">Holl\u00e4ndische Tore von Ad\u00e9quat<\/a><\/strong><\/li>\n<li><a href=\"https:\/\/adequat.eu\/de\/produkt\/holztore\/hoftor-rustikal-kastanie-einzeln\/\"><strong>Hoftor rustikal Kastanie <\/strong><\/a><\/li>\n<\/ul>\n<p>Das Set kann ist bei den genannten Toren <strong>NICHT im Lieferumfang enthalten<\/strong>. Sie k\u00f6nnen das Scharnier-Set optional zum Tor dazu bestellen.<\/p>\n<p>Alle Teile dieses Scharnier-Sets sind aus feuerverzinktem Stahl gefertigt.<\/p>\n<p>Erh\u00e4ltlich in drei Gr\u00f6\u00dfen: 30 cm, 45 cm und 60 cm.<\/p>\n<h3>Video zum Scharnier-Set:<\/h3>\n<p>Junior-Chef unseres Familienunternehmens, Pim van der Walle, zeigt Ihnen das Scharnier-Set im Video. <em>(Bitte beachten Sie, dass seine Muttersprache Niederl\u00e4ndisch ist. Er gibt sich viel M\u00fche gibt, alles so gut wie m\u00f6glich auf Deutsch zu erkl\u00e4ren. Sollte etwas nicht gut verst\u00e4ndlich sein sein, kontaktieren Sie uns bitte. Wir beantworten gern Ihre Fragen.)<\/em><\/p>\n<p><div class=\"embed-responsive embed-responsive-16by9\"><iframe loading=\"lazy\" title=\"Komplettes Scharnier-Set f\u00fcr Holztore (England + Holland Stil)\" width=\"500\" height=\"281\" src=\"https:\/\/www.youtube.com\/embed\/cmh3okziyUg?feature=oembed&#038;enablejsapi=1&#038;origin=https:\/\/adequat.eu\" frameborder=\"0\" allow=\"accelerometer; autoplay; clipboard-write; encrypted-media; gyroscope; picture-in-picture; web-share\" referrerpolicy=\"strict-origin-when-cross-origin\" allowfullscreen><\/iframe><\/div><\/p>\n","protected":false},"excerpt":{"rendered":"<p>Komplettes Scharnier-Set: Dieses Scharnier-Set passt zu folgenden Ad\u00e9quat Toren: Englische Tore von Ad\u00e9quat Holl\u00e4ndische Tore von Ad\u00e9quat Hoftor rustikal Kastanie Das Set kann ist bei&#8230;<\/p>\n","protected":false},"featured_media":6822,"comment_status":"closed","ping_status":"closed","template":"","meta":{"_acf_changed":false,"inline_featured_image":false,"_trash_the_other_posts":false,"ep_exclude_from_search":false,"iawp_total_views":166,"editor_notices":[]},"product_brand":[],"product_cat":[264,266,272],"product_tag":[],"class_list":{"0":"post-9354","1":"product","2":"type-product","3":"status-publish","4":"has-post-thumbnail","6":"product_cat-scharniere-und-schliesswerk","7":"product_cat-holzprodukte","8":"product_cat-holzprodukte-2","9":"product_shipping_class-paketpost","11":"first","12":"instock","13":"shipping-taxable","14":"purchasable","15":"product-type-variable","16":"has-default-attributes"},"composite_virtual":false,"composite_layout":"","composite_add_to_cart_form_location":"","composite_editable_in_cart":false,"composite_sold_individually_context":"","composite_shop_price_calc":"","composite_components":[],"composite_scenarios":[],"acf":[],"_links":{"self":[{"href":"https:\/\/adequat.eu\/de\/wp-json\/wp\/v2\/product\/9354","targetHints":{"allow":["GET"]}}],"collection":[{"href":"https:\/\/adequat.eu\/de\/wp-json\/wp\/v2\/product"}],"about":[{"href":"https:\/\/adequat.eu\/de\/wp-json\/wp\/v2\/types\/product"}],"replies":[{"embeddable":true,"href":"https:\/\/adequat.eu\/de\/wp-json\/wp\/v2\/comments?post=9354"}],"wp:featuredmedia":[{"embeddable":true,"href":"https:\/\/adequat.eu\/de\/wp-json\/wp\/v2\/media\/6822"}],"wp:attachment":[{"href":"https:\/\/adequat.eu\/de\/wp-json\/wp\/v2\/media?parent=9354"}],"wp:term":[{"taxonomy":"product_brand","embeddable":true,"href":"https:\/\/adequat.eu\/de\/wp-json\/wp\/v2\/product_brand?post=9354"},{"taxonomy":"product_cat","embeddable":true,"href":"https:\/\/adequat.eu\/de\/wp-json\/wp\/v2\/product_cat?post=9354"},{"taxonomy":"product_tag","embeddable":true,"href":"https:\/\/adequat.eu\/de\/wp-json\/wp\/v2\/product_tag?post=9354"}],"curies":[{"name":"wp","href":"https:\/\/api.w.org\/{rel}","templated":true}]}}