{"id":9358,"date":"2016-01-22T16:43:24","date_gmt":"2016-01-22T15:43:24","guid":{"rendered":"https:\/\/adequat.eu\/de\/product\/doppeltor-set-zubehoer\/"},"modified":"2026-01-23T15:17:21","modified_gmt":"2026-01-23T14:17:21","slug":"doppeltor-set-zubehoer","status":"publish","type":"product","link":"https:\/\/adequat.eu\/de\/produkt\/holzprodukte-2\/scharniere-und-schliesswerk\/doppeltor-set-zubehoer\/","title":{"rendered":"Verschluss-Set f\u00fcr Doppeltore (England + Holland Stil, Hoftor rustikal Kastanie)"},"content":{"rendered":"<h2>Verschluss-Set f\u00fcr folgende Doppeltore:<\/h2>\n<p>Dieses Verschluss-Set passt zu folgenden Ad\u00e9quat Doppeltoren:<\/p>\n<ul>\n<li><a href=\"https:\/\/adequat.eu\/de\/produkte\/holztore\/englisch\/\"><strong>Englische Doppeltore von Ad\u00e9quat<\/strong><\/a><\/li>\n<li><strong><a href=\"https:\/\/adequat.eu\/de\/produkte\/holztore\/hollaendisch\/\">Holl\u00e4ndische Doppeltore von Ad\u00e9quat<\/a><\/strong><\/li>\n<li><strong><a href=\"https:\/\/adequat.eu\/de\/produkt\/holztore\/hoftor-rustikal-kastanie-doppelt\/\">Hoftor Rustikal Kastanie doppelt\u00a0<\/a><\/strong><\/li>\n<\/ul>\n<p>Das Set kann ist bei den genannten Doppeltoren <strong>NICHT im Lieferumfang enthalten<\/strong>. Sie k\u00f6nnen das Verschluss-Set optional zum Doppeltor dazu bestellen.<\/p>\n<h3>Dieses Verschluss-Set enth\u00e4lt:<\/h3>\n<ul>\n<li><strong>1x Doppeltor-\u00dcberwurf<\/strong>: verbindet beide Torfl\u00fcgel oben<\/li>\n<li><strong>1x Bodenschieber<\/strong>: zum Feststellen eines Torfl\u00fcgels bei Doppeltoren<\/li>\n<\/ul>\n<p>Hochwertig und langlebig: Alle Teile in diesem Set sind aus <strong>feuerverzinktem Stahl<\/strong> gefertigt.<\/p>\n","protected":false},"excerpt":{"rendered":"<p>Verschluss-Set f\u00fcr folgende Doppeltore: Dieses Verschluss-Set passt zu folgenden Ad\u00e9quat Doppeltoren: Englische Doppeltore von Ad\u00e9quat Holl\u00e4ndische Doppeltore von Ad\u00e9quat Hoftor Rustikal Kastanie doppelt\u00a0 Das Set&#8230;<\/p>\n","protected":false},"featured_media":6823,"comment_status":"closed","ping_status":"closed","template":"","meta":{"_acf_changed":false,"inline_featured_image":false,"_trash_the_other_posts":false,"ep_exclude_from_search":false,"iawp_total_views":104,"editor_notices":[]},"product_brand":[],"product_cat":[264,266,272],"product_tag":[],"class_list":{"0":"post-9358","1":"product","2":"type-product","3":"status-publish","4":"has-post-thumbnail","6":"product_cat-scharniere-und-schliesswerk","7":"product_cat-holzprodukte","8":"product_cat-holzprodukte-2","9":"product_shipping_class-paketpost","11":"first","12":"instock","13":"shipping-taxable","14":"purchasable","15":"product-type-simple"},"composite_virtual":false,"composite_layout":"","composite_add_to_cart_form_location":"","composite_editable_in_cart":false,"composite_sold_individually_context":"","composite_shop_price_calc":"","composite_components":[],"composite_scenarios":[],"acf":[],"_links":{"self":[{"href":"https:\/\/adequat.eu\/de\/wp-json\/wp\/v2\/product\/9358","targetHints":{"allow":["GET"]}}],"collection":[{"href":"https:\/\/adequat.eu\/de\/wp-json\/wp\/v2\/product"}],"about":[{"href":"https:\/\/adequat.eu\/de\/wp-json\/wp\/v2\/types\/product"}],"replies":[{"embeddable":true,"href":"https:\/\/adequat.eu\/de\/wp-json\/wp\/v2\/comments?post=9358"}],"wp:featuredmedia":[{"embeddable":true,"href":"https:\/\/adequat.eu\/de\/wp-json\/wp\/v2\/media\/6823"}],"wp:attachment":[{"href":"https:\/\/adequat.eu\/de\/wp-json\/wp\/v2\/media?parent=9358"}],"wp:term":[{"taxonomy":"product_brand","embeddable":true,"href":"https:\/\/adequat.eu\/de\/wp-json\/wp\/v2\/product_brand?post=9358"},{"taxonomy":"product_cat","embeddable":true,"href":"https:\/\/adequat.eu\/de\/wp-json\/wp\/v2\/product_cat?post=9358"},{"taxonomy":"product_tag","embeddable":true,"href":"https:\/\/adequat.eu\/de\/wp-json\/wp\/v2\/product_tag?post=9358"}],"curies":[{"name":"wp","href":"https:\/\/api.w.org\/{rel}","templated":true}]}}