{"id":9359,"date":"2016-01-22T16:38:15","date_gmt":"2016-01-22T15:38:15","guid":{"rendered":"https:\/\/adequat.eu\/de\/product\/bodenschieber-edelstahl-holztor\/"},"modified":"2025-12-05T19:12:30","modified_gmt":"2025-12-05T18:12:30","slug":"bodenschieber-edelstahl-holztor","status":"publish","type":"product","link":"https:\/\/adequat.eu\/de\/produkt\/holzprodukte-2\/scharniere-und-schliesswerk\/bodenschieber-edelstahl-holztor\/","title":{"rendered":"Bodenschieber f\u00fcr Doppeltor (England + Holland Stil, Hoftor rustikal Kastanie)"},"content":{"rendered":"<h2>Bodenschieber f\u00fcr folgende Doppeltore:<\/h2>\n<p>Ein Bodenschieber ist ein Stangenriegel zum Feststellen des Zweitfl\u00fcgels bei Doppeltoren.<\/p>\n<p>Dieser Bodenschieber passt zu folgenden Ad\u00e9quat Doppeltoren:<\/p>\n<ul>\n<li><a href=\"https:\/\/adequat.eu\/de\/produkte\/holztore\/englisch\/\"><strong>Englische Doppeltore von Ad\u00e9quat<\/strong><\/a><\/li>\n<li><strong><a href=\"https:\/\/adequat.eu\/de\/produkte\/holztore\/hollaendisch\/\">Holl\u00e4ndische Doppeltore von Ad\u00e9quat<\/a><\/strong><\/li>\n<li><strong><a href=\"https:\/\/adequat.eu\/de\/produkt\/holztore\/hoftor-rustikal-kastanie-doppelt\/\">Hoftor Rustikal Kastanie doppelt\u00a0<\/a><\/strong><\/li>\n<\/ul>\n<p>Der Bodenschieber ist bei den genannten Doppeltoren <strong>NICHT im Lieferumfang enthalten<\/strong>. Sie k\u00f6nnen den Bodenschieber optional zu einem Doppeltor dazu bestellen.<\/p>\n<p>Hochwertig und langlebig: Der Bodenschieber ist aus <strong>feuerverzinktem Stahl<\/strong> gefertigt.<\/p>\n","protected":false},"excerpt":{"rendered":"<p>Bodenschieber f\u00fcr folgende Doppeltore: Ein Bodenschieber ist ein Stangenriegel zum Feststellen des Zweitfl\u00fcgels bei Doppeltoren. Dieser Bodenschieber passt zu folgenden Ad\u00e9quat Doppeltoren: Englische Doppeltore von&#8230;<\/p>\n","protected":false},"featured_media":7514,"comment_status":"closed","ping_status":"closed","template":"","meta":{"_acf_changed":false,"inline_featured_image":false,"_trash_the_other_posts":false,"ep_exclude_from_search":false,"iawp_total_views":85,"editor_notices":[]},"product_brand":[],"product_cat":[264,266,272],"product_tag":[],"class_list":{"0":"post-9359","1":"product","2":"type-product","3":"status-publish","4":"has-post-thumbnail","6":"product_cat-scharniere-und-schliesswerk","7":"product_cat-holzprodukte","8":"product_cat-holzprodukte-2","9":"product_shipping_class-paketpost","11":"first","12":"instock","13":"shipping-taxable","14":"purchasable","15":"product-type-simple"},"composite_virtual":false,"composite_layout":"","composite_add_to_cart_form_location":"","composite_editable_in_cart":false,"composite_sold_individually_context":"","composite_shop_price_calc":"","composite_components":[],"composite_scenarios":[],"acf":[],"_links":{"self":[{"href":"https:\/\/adequat.eu\/de\/wp-json\/wp\/v2\/product\/9359","targetHints":{"allow":["GET"]}}],"collection":[{"href":"https:\/\/adequat.eu\/de\/wp-json\/wp\/v2\/product"}],"about":[{"href":"https:\/\/adequat.eu\/de\/wp-json\/wp\/v2\/types\/product"}],"replies":[{"embeddable":true,"href":"https:\/\/adequat.eu\/de\/wp-json\/wp\/v2\/comments?post=9359"}],"wp:featuredmedia":[{"embeddable":true,"href":"https:\/\/adequat.eu\/de\/wp-json\/wp\/v2\/media\/7514"}],"wp:attachment":[{"href":"https:\/\/adequat.eu\/de\/wp-json\/wp\/v2\/media?parent=9359"}],"wp:term":[{"taxonomy":"product_brand","embeddable":true,"href":"https:\/\/adequat.eu\/de\/wp-json\/wp\/v2\/product_brand?post=9359"},{"taxonomy":"product_cat","embeddable":true,"href":"https:\/\/adequat.eu\/de\/wp-json\/wp\/v2\/product_cat?post=9359"},{"taxonomy":"product_tag","embeddable":true,"href":"https:\/\/adequat.eu\/de\/wp-json\/wp\/v2\/product_tag?post=9359"}],"curies":[{"name":"wp","href":"https:\/\/api.w.org\/{rel}","templated":true}]}}